{"id":136,"date":"2017-11-27T08:14:03","date_gmt":"2017-11-27T08:14:03","guid":{"rendered":"http:\/\/social-media-strategy.aula.uoc.edu\/storytelling\/3-1-introduccion\/"},"modified":"2021-02-18T12:50:28","modified_gmt":"2021-02-18T12:50:28","slug":"3-1-introduccio","status":"publish","type":"page","link":"http:\/\/social-media-strategy.aula.uoc.edu\/storytelling\/3-1-introduccio\/","title":{"rendered":"3.1. La narrativa derivada en xarxes de <em>#Luimelia<\/em>"},"content":{"rendered":"<p>Per a parlar de narrativa, el transvasament entre ficci\u00f3 i xarxes socials ser\u00e0 una constant. Comencem comentant el cas de #Luimelia.<\/p>\n<p>Luimelia \u00e9s el nom del <em>ship\u00a0<\/em>\u2013o parella estimada pels fans\u2013 nascuda a <em>Amar es para siempre<\/em>, telenovel\u00b7la emesa a Antena 3 des de 2013 que al seu torn va ser un <em>spinoff<\/em> de la telenovel\u00b7la <em>Amar en tiempos revueltos <\/em>emesa per TVE (2005-212). <em>Amar en tiempos revueltos <\/em>es basava en roman\u00e7os ambientats a la Guerra Civil espanyola i els primers anys del franquisme, i <em>Amar es para siempre<\/em> va agafar el testimoni per a narrar les aventures de parelles entre 1960 i els primers anys de la democr\u00e0cia. Va ser a la setena temporada d&#8217;<em>Amar es para siempre<\/em> (1975-1976) quan va sorgir una de les parelles m\u00e9s populars en els personatges de Luisita i Amelia.<\/p>\n<p>Per aquesta ra\u00f3, s&#8217;ha decidit donar continu\u00eftat a Luisita i Amelia mitjan\u00e7ant el seu nom de <em>ship<\/em>, #Luimelia, a trav\u00e9s d&#8217;una s\u00e8rie web disponible des del 14 de febrer de 2020 a Atresplayer Premium. En aquesta s\u00e8rie web renovada, les protagonistes es coneixen i enamoren l&#8217;any 2020.\u00a0 Per a la tardor de 2020, s&#8217;han pactat tres temporades d&#8217;aquest projecte.<\/p>\n<figure id=\"attachment_225\" aria-describedby=\"caption-attachment-225\" style=\"width: 380px\" class=\"wp-caption aligncenter\"><img loading=\"lazy\" class=\"size-full wp-image-225\" src=\"\/wp-content\/uploads\/sites\/7\/2017\/11\/PID_00279735_27.jpg\" alt=\"\" width=\"380\" height=\"443\" srcset=\"\/wp-content\/uploads\/sites\/7\/2017\/11\/PID_00279735_27.jpg 380w, \/wp-content\/uploads\/sites\/7\/2017\/11\/PID_00279735_27-257x300.jpg 257w\" sizes=\"(max-width: 380px) 100vw, 380px\" \/><figcaption id=\"caption-attachment-225\" class=\"wp-caption-text\">Figures 15 i 16. Avan\u00e7 de la nova s\u00e8rie <em>#Luimelia<\/em> al canal de YouTube d&#8217;Atresplayer Premium. Com ocorre amb altres col\u00b7lectius de fans, el de Luimelia \u00e9s molt participatiu a YouTube, i va popularitzar la parella mitjan\u00e7ant comentaris en els v\u00eddeos oficials i v\u00eddeos de reaccions als personatges quan formaven part del <em>cast <\/em>d&#8217;<em>Amar es para siempre<\/em>. La s\u00e8rie web <em>#Luimelia<\/em> est\u00e0 disponible a la plataforma de pagament Atresmedia Player. Fonts: canal oficial a YouTube d&#8217;Atresplayer Premium; p\u00e0gina web d&#8217;Atresmedia, 2020.<\/figcaption><\/figure>\n<p>Per\u00f2 no nom\u00e9s aix\u00f2: Luisita i Amelia han cobrat una segona vida a les xarxes socials. Les actrius que les interpreten, Paula Usero i Carol Rovira, ja comptaven amb els seus propis perfils professionals a Instagram per a difondre el seu treball. Amb <em>#Luimelia<\/em> s&#8217;ha anat un pas m\u00e9s enll\u00e0 generant a m\u00e9s perfils actius a Instagram per als personatges de Luisita i Amelia on expliquen la seva vida quotidiana, involucren altres personatges per a explicar la seva hist\u00f2ria i fins i tot han generat una narrativa dins de la narrativa, perqu\u00e8 a <em>#Luimelia<\/em> el personatge d&#8217;Amelia \u00e9s actriu i participa en una nova s\u00e8rie rom\u00e0ntica, <em>Amar eternamente<\/em>, el rodatge de la qual poden seguir els seus fans a les xarxes socials.<\/p>\n<figure id=\"attachment_226\" aria-describedby=\"caption-attachment-226\" style=\"width: 620px\" class=\"wp-caption aligncenter\"><img loading=\"lazy\" class=\"size-full wp-image-226\" src=\"\/wp-content\/uploads\/sites\/7\/2017\/11\/PID_00279735_28.jpg\" alt=\"\" width=\"620\" height=\"231\" srcset=\"\/wp-content\/uploads\/sites\/7\/2017\/11\/PID_00279735_28.jpg 620w, \/wp-content\/uploads\/sites\/7\/2017\/11\/PID_00279735_28-300x112.jpg 300w\" sizes=\"(max-width: 620px) 100vw, 620px\" \/><figcaption id=\"caption-attachment-226\" class=\"wp-caption-text\">Figures 17 i 18. Perfil oficial a Instagram del personatge Luisita G\u00f3mez de #<em>Luimelia<\/em>. Cal destacar que a la descripci\u00f3 del perfil citi \u00abcreadora i capitana de @lureliafans\u00bb, un altre compte de fan per a la parella femenina formada per Luc\u00eda i Aurelia, personatges de la s\u00e8rie fict\u00edcia <em>Amar eternamente\u00a0<\/em>siendo @lureliafans (figura 17). Perfil oficial del personatge Amelia Ledesma de #<em>Luimelia<\/em>. Figura la seva ag\u00e8ncia de representaci\u00f3 fict\u00edcia, Ernesto Talent Agency, i reuneix instant\u00e0nies dels rodatges on participa, en tractar-se d&#8217;un personatge que \u00e9s actriu (figura 18).<br \/>Fonts: perfils oficials d&#8217;Instagram de Luisita G\u00f3mez i Amelia Ledesma, respectivament, 2020.<\/figcaption><\/figure>\n<p>Aquests comptes de Luisita i Amelia a Instagram tamb\u00e9 tenen versions a Twitter, amb etiquetes recurrents que els fans poden utilitzar per a esmentar-les. En el cas de <em>#Luimelia<\/em> es rebla el clau perqu\u00e8 l&#8217;Amelia de l&#8217;any 2020 participa en una s\u00e8rie anomenada #amareternamente, el <em>fandom<\/em> de la qual fomenta la mateixa n\u00favia Luisita G\u00f3mez mitjan\u00e7ant l&#8217;etiqueta #lurelia (que \u00e9s el <em>ship <\/em>entre els personatges Luc\u00eda i Aurelia a la s\u00e8rie fict\u00edcia). Inclusivament, Luisita ha \u00abcreat\u00bb un <em>mockumentary<\/em> (fals documental) sobre el fenomen #amareternamente, que parodia l&#8217;univers #luimelia i les seves derivacions.<\/p>\n<div class=\"featured featured-blue\"><\/p>\n<p><strong>Qu\u00e8 poden aprendre les marques sobre l&#8217;\u00fas de xarxes socials a #Luimelia?<\/strong><\/p>\n<p>Un entramat ben constru\u00eft de personatges pot representar els valors de la marca i utilitzar-se tant en formats m\u00e9s convencionals -com anuncis en v\u00eddeo o <em>product placement<\/em>&#8211; com atorgant continu\u00eftat a microhist\u00f2ries que connecten amb el lapse d&#8217;atenci\u00f3 dels <em>targets<\/em> m\u00e9s joves.<\/p>\n<p>\n<div style=\"clear:both\"><\/div><\/div>\n<p>&nbsp;<\/p>\n","protected":false},"excerpt":{"rendered":"<p>Per a parlar de narrativa, el transvasament entre ficci\u00f3 i xarxes socials ser\u00e0 una constant. Comencem comentant el cas de #Luimelia. Luimelia \u00e9s el nom del ship\u00a0\u2013o parella estimada pels fans\u2013 nascuda a Amar es para siempre, telenovel\u00b7la emesa a Antena 3 des de 2013 que al seu torn va ser un spinoff de la [&hellip;]<\/p>\n","protected":false},"author":1,"featured_media":0,"parent":0,"menu_order":0,"comment_status":"closed","ping_status":"closed","template":"","meta":[],"acf":[],"_links":{"self":[{"href":"http:\/\/social-media-strategy.aula.uoc.edu\/storytelling\/wp-json\/wp\/v2\/pages\/136"}],"collection":[{"href":"http:\/\/social-media-strategy.aula.uoc.edu\/storytelling\/wp-json\/wp\/v2\/pages"}],"about":[{"href":"http:\/\/social-media-strategy.aula.uoc.edu\/storytelling\/wp-json\/wp\/v2\/types\/page"}],"author":[{"embeddable":true,"href":"http:\/\/social-media-strategy.aula.uoc.edu\/storytelling\/wp-json\/wp\/v2\/users\/1"}],"replies":[{"embeddable":true,"href":"http:\/\/social-media-strategy.aula.uoc.edu\/storytelling\/wp-json\/wp\/v2\/comments?post=136"}],"version-history":[{"count":6,"href":"http:\/\/social-media-strategy.aula.uoc.edu\/storytelling\/wp-json\/wp\/v2\/pages\/136\/revisions"}],"predecessor-version":[{"id":335,"href":"http:\/\/social-media-strategy.aula.uoc.edu\/storytelling\/wp-json\/wp\/v2\/pages\/136\/revisions\/335"}],"wp:attachment":[{"href":"http:\/\/social-media-strategy.aula.uoc.edu\/storytelling\/wp-json\/wp\/v2\/media?parent=136"}],"curies":[{"name":"wp","href":"https:\/\/api.w.org\/{rel}","templated":true}]}}