{"id":74,"date":"2017-11-27T08:19:06","date_gmt":"2017-11-27T08:19:06","guid":{"rendered":"http:\/\/social-media-strategy.aula.uoc.edu\/storytelling\/?page_id=74"},"modified":"2021-03-03T10:53:58","modified_gmt":"2021-03-03T10:53:58","slug":"4-el-storytelling-no-lo-es-todo","status":"publish","type":"page","link":"http:\/\/social-media-strategy.aula.uoc.edu\/storytelling\/es\/4-el-storytelling-no-lo-es-todo\/","title":{"rendered":"Referencias"},"content":{"rendered":"<p><strong>General<\/strong><\/p>\n<p>Herrera, Raquel (2015). <em>\u00c9rase unas veces. Filiaciones narrativas en el arte digital<\/em>. Editorial UOC, Barcelona.<\/p>\n<p><strong>1. Del <em>storytelling<\/em> al <em>storydoing<\/em><\/strong><\/p>\n<p><strong>1.1. Pensar historias: m\u00edmesis, di\u00e9gesis y los principios aristot\u00e9licos<\/strong><\/p>\n<p>An\u00f3nimo (2015). <em>Las mil y una noches. El manga<\/em>. Herder Editorial: Barcelona.<\/p>\n<p>Arist\u00f3teles (1974). <em>Po\u00e9tica<\/em>. Gredos: Madrid.<\/p>\n<p>Columbia Digital Storytelling Lab (2018). <em>Sherlock Holmes and the Internet of Things<\/em>. &lt;<a href=\"http:\/\/sherlockholmes.io\/welcome\/\" target=\"_blank\" rel=\"noopener\">http:\/\/sherlockholmes.io\/welcome\/<\/a>&gt;.<\/p>\n<p>Elliott, Eddie (2012). <em>Cinematic visualizations<\/em>. &lt;<a href=\"https:\/\/www.eddie.io\/lists\/cine_viz.html\" target=\"_blank\" rel=\"noopener\">https:\/\/www.eddie.io\/lists\/cine_viz.html<\/a>&gt;.<\/p>\n<p>H-57 Milan (2013). <em>Life in five seconds: over 200 stores for those with no time to waste<\/em>. Quercus Books: Londres.<\/p>\n<p>Jameson, Daphne A. \u00abNarrative discourse and management action\u00bb. <em>Journal of Business Communication,\u00a0<\/em>n\u00fam. 38 (4) p\u00e1gs. 476-511). DOI: 10.1177\/002194360103800404.<\/p>\n<p><strong>1.2. El<em> storytelling<\/em> como herramienta de persuasi\u00f3n empresarial y pol\u00edtica<\/strong><\/p>\n<p>Macron, Emmanuel (2020). Perfil oficial de Instagram. &lt;<a href=\"https:\/\/www.instagram.com\/emmanuelmacron\/?hl=es\" target=\"_blank\" rel=\"noopener\">https:\/\/www.instagram.com\/emmanuelmacron\/?hl=es<\/a>&gt;.<\/p>\n<p>Moissonni\u00e8re, Soazig de la (2020). Perfil oficial de Instagram. &lt;<a href=\"https:\/\/www.instagram.com\/soazigdelamoissonniere\/?hl=es\" target=\"_blank\" rel=\"noopener\">https:\/\/www.instagram.com\/soazigdelamoissonniere\/?hl=es<\/a>&gt;.<\/p>\n<p>Salmon, Christian (2020). <em>La era del enfrentamiento: Del storyteling a la ausencia de relato<\/em>. Planeta: Barcelona.<\/p>\n<p>Salmon, Christian (2011). <em>La estrategia de Sherezade. Apostillas a Storytelling<\/em>. Pen\u00ednsula: Barcelona.<\/p>\n<p>Salmon, Christian (2008). <em>Storytelling. La m\u00e1quina de fabricar historias y formatear las mentes<\/em>. Pen\u00ednsula: Barcelona.<\/p>\n<p><strong>1.3. Hacer historias: narrativas como pr\u00e1ctica<\/strong><\/p>\n<p>Columbia Digital Storytelling Lab (2015-2018). <em>Sherlock Holmes and the Internet of Things<\/em>. &lt;<a href=\"http:\/\/sherlockholmes.io\/welcome\/\" target=\"_blank\" rel=\"noopener\">http:\/\/sherlockholmes.io\/welcome\/<\/a>&gt;.<\/p>\n<p>Iternatura (2014). <em>El grifo de Canet<\/em>. &lt;<a href=\"https:\/\/www.iternatura.es\/proyectos\/el-grifo-de-canet\/\" target=\"_blank\" rel=\"noopener\">https:\/\/www.iternatura.es\/proyectos\/el-grifo-de-canet\/<\/a>&gt;.<\/p>\n<p>Llorente y Cuenca (2017). <em>Del storytelling al storydoing. Voces de 30 marcas sobre la emergencia<\/em>. Madrid. &lt;<a href=\"https:\/\/ideas.llorenteycuenca.com\/wp-content\/uploads\/sites\/5\/2017\/10\/171019_DI_estudio_storydoing_esp.pdf\" target=\"_blank\" rel=\"noopener\">https:\/\/ideas.llorenteycuenca.com\/wp-content\/uploads\/sites\/5\/2017\/10\/171019_DI_estudio_storydoing_esp.pdf<\/a>&gt;.<\/p>\n<p><strong>2. Formatos narrativos innovadores<\/strong><\/p>\n<p><strong>2.1. El universo de marca y las redes sociales<\/strong><\/p>\n<p>Branfluence (13 de febrero de 2018). \u00abLos arquetipos de marca. \u00bfQu\u00e9 son y cu\u00e1les hay?\u00bb. &lt;<a href=\"https:\/\/www.branfluence.com\/los-arquetipos-de-marca-branding\/\" target=\"_blank\" rel=\"noopener\">https:\/\/www.branfluence.com\/los-arquetipos-de-marca-branding\/<\/a>&gt;.<\/p>\n<p>Industria Mexicana de Coca-Cola (2020). Canal oficial en YouTube. &lt;<a href=\"https:\/\/www.youtube.com\/user\/CocacoladeMexico\" target=\"_blank\" rel=\"noopener\">https:\/\/www.youtube.com\/user\/CocacoladeMexico<\/a>&gt;.<\/p>\n<p>Luz P\u00e9rez Baz\u00a0(2015). \u00abLos 12 arquetipos de personalidad. \u00bfCu\u00e1l le va a tu marca?\u00bb. <em>Making LoveMarks<\/em>. &lt;<a href=\"https:\/\/www.makinglovemarks.es\/blog\/arquetipos-de-personalidad-de-marca\/\" target=\"_blank\" rel=\"noopener\">https:\/\/www.makinglovemarks.es\/blog\/arquetipos-de-personalidad-de-marca\/<\/a>&gt;.<\/p>\n<p>Summa: Blog (5 de septiembre de 2018). \u00abEjemplos de c\u00f3mo contar el relato de una marca\u00bb. &lt;<a href=\"https:\/\/summa.es\/blog\/storytelling-ejemplos-como-contar-relato-de-marca\/\" target=\"_blank\" rel=\"noopener\">https:\/\/summa.es\/blog\/storytelling-ejemplos-como-contar-relato-de-marca\/<\/a>&gt;.<\/p>\n<p><strong>2.2. La obra transmedia y sus derivaciones<\/strong><\/p>\n<p>CNX Cond\u00e9 Nast (2020). Perfil oficial de Instagram. &lt;<a href=\"https:\/\/www.instagram.com\/cnxcondenast\/\" target=\"_blank\" rel=\"noopener\">https:\/\/www.instagram.com\/cnxcondenast\/<\/a>&gt;.<\/p>\n<p>De la Fuente, Miguel (17 de septiembre de 2020) \u00abNarraciones branded, guionizar el universo de una marca\u00bb. &lt;<a href=\"http:\/\/comunicacio.blogs.uoc.edu\/branded-content\/\" target=\"_blank\" rel=\"noopener\">http:\/\/comunicacio.blogs.uoc.edu\/branded-content\/<\/a>&gt;.<\/p>\n<p><em>ECOS de Asia<\/em> (3 de junio de 2020). Cuenta oficial de Twitter. &lt;<a href=\"https:\/\/twitter.com\/ECOSdeAsia\/status\/1268137558954967047?s=20\" target=\"_blank\" rel=\"noopener\">https:\/\/twitter.com\/ECOSdeAsia\/status\/1268137558954967047?s=20<\/a>&gt;.<\/p>\n<p><em>M\u00ba del Tiempo<\/em> (6 de junio de 2020). Cuenta oficial de Twitter. &lt;<a href=\"https:\/\/twitter.com\/MdT_TVE\/status\/1269029954672570369?s=20\" target=\"_blank\" rel=\"noopener\">https:\/\/twitter.com\/MdT_TVE\/status\/1269029954672570369?s=20<\/a>&gt;.<\/p>\n<p>Museo del Traje, Madrid (3 de junio de 2020). Cuenta oficial de Twitter. &lt;<a href=\"https:\/\/twitter.com\/MuseodelTraje\/status\/1268074744684916737?s=20\" target=\"_blank\" rel=\"noopener\">https:\/\/twitter.com\/MuseodelTraje\/status\/1268074744684916737?s=20<\/a>&gt;.<\/p>\n<p>Scolari, Carlos (11 de enero de 2013). \u00abNarrativas transmedia. El libro\u00bb. <em>Hipermediaciones<\/em>. &lt;<a href=\"https:\/\/hipermediaciones.com\/2013\/01\/11\/narrativas-transmedia-el-libro\/\" target=\"_blank\" rel=\"noopener\">https:\/\/hipermediaciones.com\/2013\/01\/11\/narrativas-transmedia-el-libro\/<\/a>&gt;.<\/p>\n<p>Wikipedia (en espa\u00f1ol). Entrada, \u00abNarrativa transmedia\u00bb (2020). &lt;<a href=\"https:\/\/es.wikipedia.org\/wiki\/Narrativa_transmedia\" target=\"_blank\" rel=\"noopener\">https:\/\/es.wikipedia.org\/wiki\/Narrativa_transmedia<\/a>&gt;.<\/p>\n<p><strong>2.3. Funcionalidades narrativas en redes sociales<\/strong><\/p>\n<p>Ayuda de Google Ads. Acerca de los formatos de anuncios de v\u00eddeo (2020). &lt;<a href=\"https:\/\/support.google.com\/google-ads\/answer\/2375464?hl=es-419&amp;_ga=2.150670966.1383773640.1602496568-1130096575.1602406905\" target=\"_blank\" rel=\"noopener\">https:\/\/support.google.com\/google-ads\/answer\/2375464?hl=es-419&amp;_ga=2.150670966.1383773640.1602496568-1130096575.1602406905<\/a>&gt;.<\/p>\n<p>Centro de Asistencia de Pinterest. Anuncios de v\u00eddeo (2020). &lt;<a href=\"https:\/\/help.pinterest.com\/es\/business\/article\/promoted-video\" target=\"_blank\" rel=\"noopener\">https:\/\/help.pinterest.com\/es\/business\/article\/promoted-video<\/a>&gt;.<\/p>\n<p>Facebook for Business. Business Help Center (2020). &lt;<a href=\"https:\/\/www.facebook.com\/business\/help\/1263626780415224?id=802745156580214\" target=\"_blank\" rel=\"noopener\">https:\/\/www.facebook.com\/business\/help\/1263626780415224?id=802745156580214<\/a>&gt;.<\/p>\n<p>Facebook Investor Relations (30 de julio de 2020). \u00abFacebook Reports Second Quarter 2020 Results\u00bb.<br \/>\n&lt;<a href=\"https:\/\/investor.fb.com\/investor-news\/press-release-details\/2020\/Facebook-Reports-Second-Quarter-2020-Results\/default.aspx\" target=\"_blank\" rel=\"noopener\">https:\/\/investor.fb.com\/investor-news\/press-release-details\/2020\/Facebook-Reports-Second-Quarter-2020-Results\/default.aspx<\/a>&gt;.<\/p>\n<p>Instagram Empresas (2020). &lt;<a href=\"https:\/\/business.instagram.com\/?locale=es_ES\" target=\"_blank\" rel=\"noopener\">https:\/\/business.instagram.com\/?locale=es_ES<\/a>&gt;.<\/p>\n<p>Iqbal Mansoor (30 de julio de 2020). \u00a0\u00abTwitter Revenue and Usage Statistics (2020)\u00bb. &lt;<a href=\"https:\/\/www.businessofapps.com\/data\/twitter-statistics\/#1\" target=\"_blank\" rel=\"noopener\">https:\/\/www.businessofapps.com\/data\/twitter-statistics\/#1<\/a>&gt;.<\/p>\n<p>Pinterest Newsroom (31 de julio de 2020). \u00abPinterest tops 400 million monthly active users\u2014with Gen Z, men and Millennials driving growth\u00bb. &lt;<a href=\"https:\/\/newsroom.pinterest.com\/en\/post\/pinterest-tops-400-million-monthly-active-users-with-gen-z-men-and-millennials-driving-growth\" target=\"_blank\" rel=\"noopener\">https:\/\/newsroom.pinterest.com\/en\/post\/pinterest-tops-400-million-monthly-active-users-with-gen-z-men-and-millennials-driving-growth<\/a>&gt;.<\/p>\n<p>Snapchat Business. Snapchat Ad Formats (2020). &lt;<a href=\"https:\/\/forbusiness.snapchat.com\/advertising\/ad-formats\" target=\"_blank\" rel=\"noopener\">https:\/\/forbusiness.snapchat.com\/advertising\/ad-formats<\/a>&gt;.<\/p>\n<p>Snapchat Investor Relations (2020). &lt;<a href=\"https:\/\/investor.snap.com\/overview\/default.aspxd\" target=\"_blank\" rel=\"noopener\">https:\/\/investor.snap.com\/overview\/default.aspxd<\/a>&gt;.<\/p>\n<p>Spotify Advertising (2020). &lt;<a href=\"https:\/\/ads.spotify.com\/en-US\/\" target=\"_blank\" rel=\"noopener\">https:\/\/ads.spotify.com\/en-US\/<\/a>&gt;.<\/p>\n<p>Spotify Newsroom (2020). Company Info. &lt;<a href=\"https:\/\/newsroom.spotify.com\/company-info\/\" target=\"_blank\" rel=\"noopener\">https:\/\/newsroom.spotify.com\/company-info\/<\/a>&gt;.<\/p>\n<p>TikTok for Business (2020). &lt;<a href=\"https:\/\/www.tiktok.com\/business\/es\/apps\/tiktok\" target=\"_blank\" rel=\"noopener\">https:\/\/www.tiktok.com\/business\/es\/apps\/tiktok<\/a>&gt;.<\/p>\n<p>Twitter Business (2020). Creative Ad Specs. &lt;<a href=\"https:\/\/business.twitter.com\/en\/help\/campaign-setup\/advertiser-card-specifications.html\" target=\"_blank\" rel=\"noopener\">https:\/\/business.twitter.com\/en\/help\/campaign-setup\/advertiser-card-specifications.html<\/a>&gt;.<\/p>\n<p>YouTube About. YouTube para la prensa (2020). &lt;<a href=\"https:\/\/www.cnbc.com\/2020\/08\/24\/tiktok-reveals-us-global-user-growth-numbers-for-first-time.html\" target=\"_blank\" rel=\"noopener\">https:\/\/www.cnbc.com\/2020\/08\/24\/tiktok-reveals-us-global-user-growth-numbers-for-first-time.html<\/a>&gt;.<\/p>\n<p><strong>3. Casos de estudio sobre <em>storytelling<\/em> y redes sociales<\/strong><\/p>\n<p><strong>3.1. La narrativa derivada en redes de <em>#Luimelia<\/em><\/strong><\/p>\n<p>Antena 3. <em>Amar es para siempre<\/em> (2020). &lt;<a href=\"https:\/\/www.antena3.com\/series\/amar\/\" target=\"_blank\" rel=\"noopener\">https:\/\/www.antena3.com\/series\/amar\/<\/a>&gt;.<\/p>\n<p>Atresmedia. Perfil oficial de Instagram de Amelia Ledesma (2020). &lt;<a href=\"https:\/\/www.instagram.com\/amelialedesmaof\/\" target=\"_blank\" rel=\"noopener\">https:\/\/www.instagram.com\/amelialedesmaof\/<\/a>&gt;.<\/p>\n<p>Atresmedia. Perfil oficial de Instagram de Luisita G\u00f3mez (2020). &lt;<a href=\"https:\/\/www.instagram.com\/luisitagomezs\/\" target=\"_blank\" rel=\"noopener\">https:\/\/www.instagram.com\/luisitagomezs\/<\/a>&gt;.<\/p>\n<p>Atresplayer. <em>Luimelia<\/em> (2020). &lt;<a href=\"https:\/\/www.atresplayer.com\/series\/luimelia\/\" target=\"_blank\" rel=\"noopener\">https:\/\/www.atresplayer.com\/series\/luimelia\/<\/a>&gt;.<\/p>\n<p>ATRESplayer Premium. \u00abCap\u00edtulo 1: \u2018Luisita y Amelia\u2019-Avance\u00bb (19 de febrero de 2020). &lt;<a href=\"https:\/\/www.youtube.com\/watch?v=wTTEUqtWdc8\" target=\"_blank\" rel=\"noopener\">https:\/\/www.youtube.com\/watch?v=wTTEUqtWdc8<\/a>&gt;.<\/p>\n<p>Such, Marina ( 30 de agosto de 2020). \u00a0\u00abAs\u00ed hizo \u201c#Luimelia\u201d su parodia-homenaje a \u201cAmar es para siempre\u201d\u00bb. <em>Fueradeseries<\/em>. &lt;<a href=\"https:\/\/fueradeseries.com\/asi-hizo-luimelia-su-parodia-homenaje-a-amar-es-para-siempre-boicot-lurelia-3f4019f3cf6d-3f4019f3cf6d\" target=\"_blank\" rel=\"noopener\">https:\/\/fueradeseries.com\/asi-hizo-luimelia-su-parodia-homenaje-a-amar-es-para-siempre-boicot-lurelia-3f4019f3cf6d-3f4019f3cf6d<\/a>&gt;.<\/p>\n<p><strong>3.2. La promoci\u00f3n hipermedia de <em>La casa de papel<\/em> y <em>Dark<\/em> en Netflix<\/strong><\/p>\n<p>Antena 3.<em> La casa de papel<\/em> (2020). &lt;<a href=\"https:\/\/www.antena3.com\/series\/casa-de-papel\/\" target=\"_blank\" rel=\"noopener\">https:\/\/www.antena3.com\/series\/casa-de-papel\/<\/a>&gt;.<\/p>\n<p><em>Dark.<\/em> Perfil oficial de Instagram (2020). &lt;<a href=\"https:\/\/www.instagram.com\/darknetflix\/\" target=\"_blank\" rel=\"noopener\">https:\/\/www.instagram.com\/darknetflix\/<\/a>&gt;.<\/p>\n<p><em>Dark 1921<\/em>. Perfil oficial en Instagram (2020). &lt;<a href=\"https:\/\/www.instagram.com\/darknetflix1921\/\" target=\"_blank\" rel=\"noopener\">https:\/\/www.instagram.com\/darknetflix1921\/<\/a>&gt;.<\/p>\n<p>Fdez, JuanMa (10 de octubre de 2020). \u00ab\u00bfOriginal de Netflix? As\u00ed hace pasar muchas series como suyas\u00bb. &lt;<a href=\"https:\/\/www.elespanol.com\/bluper\/noticias\/por-que-no-todas-series-netflix-son-originales\" target=\"_blank\" rel=\"noopener\">https:\/\/www.elespanol.com\/bluper\/noticias\/por-que-no-todas-series-netflix-son-originales<\/a>&gt;.<\/p>\n<p>Iqbal, Mansoor (23 de junio de 2020). \u00abNetflix Revenue and Usage Statistics\u00bb. &lt;<a href=\"https:\/\/www.businessofapps.com\/data\/netflix-statistics\/\" target=\"_blank\" rel=\"noopener\">https:\/\/www.businessofapps.com\/data\/netflix-statistics\/<\/a>&gt;.<\/p>\n<p><em>La casa de papel<\/em>. Perfil oficial de Instagram (20 de febrero de 2020). &lt;<a href=\"https:\/\/www.instagram.com\/p\/B8ywWkYl-xY\/?igshid=%C2%A0https:\/\/www.instagram.com\/p\/B9CVKHFFlMr\/?igshid=6wrihnd2azsu\" target=\"_blank\" rel=\"noopener\">https:\/\/www.instagram.com\/p\/B8ywWkYl-xY\/?igshid=%C2%A0https:\/\/www.instagram.com\/p\/B9CVKHFFlMr\/?igshid=6wrihnd2azsu<\/a>&gt;.<\/p>\n<p>Netflix. P\u00e1gina web oficial de <em>Dark<\/em> (2020). &lt;<a href=\"https:\/\/dark.netflix.io\/en\" target=\"_blank\" rel=\"noopener\">https:\/\/dark.netflix.io\/en<\/a>&gt;.<\/p>\n<p>Netflix Portugal. Perfil oficial de Instagram (25 de julio de 2019). &lt;<a href=\"https:\/\/www.instagram.com\/p\/B0Vk-EWgnJr\/\" target=\"_blank\" rel=\"noopener\">https:\/\/www.instagram.com\/p\/B0Vk-EWgnJr\/<\/a>&gt;.<\/p>\n<p>Netflix Portugal. Canal oficial en YouTube (4 de agosto de 2019). &lt;<a href=\"https:\/\/www.youtube.com\/watch?v=zWX7VEuUV_o\" target=\"_blank\" rel=\"noopener\">https:\/\/www.youtube.com\/watch?v=zWX7VEuUV_o<\/a>&gt;.<\/p>\n<p>Sol\u00e0 Gimferrer, Pere (22 de abril de 2020). \u00abNetflix informa \u201ca su manera\u201d de las audiencias de \u201cLa casa de papel\u201d\u00bb. <em>La Vanguardia<\/em>. &lt;<a href=\"https:\/\/www.lavanguardia.com\/series\/netflix\/20200422\/48676427114\/la-casa-de-papel-temporada-4-netflix-audiencias.html\" target=\"_blank\" rel=\"noopener\">https:\/\/www.lavanguardia.com\/series\/netflix\/20200422\/48676427114\/la-casa-de-papel-temporada-4-netflix-audiencias.html<\/a>&gt;.<\/p>\n<p>Taibo, Marieta (06 de mayo de 2020). \u00ab\u201dDark\u201d es la mejor serie de Netflix seg\u00fan Rotten Tomatoes\u00bb. <em>Cosmopolitan<\/em>. &lt;<a href=\"https:\/\/www.cosmopolitan.com\/es\/famosos\/peliculas-series\/a32384836\/dark-mejor-serie-de-netflix-rotten-tomatoes\/\" target=\"_blank\" rel=\"noopener\">https:\/\/www.cosmopolitan.com\/es\/famosos\/peliculas-series\/a32384836\/dark-mejor-serie-de-netflix-rotten-tomatoes\/<\/a>&gt;.<\/p>\n<p>Wyche, Elbert (Screen Daily) (5 de enero de 2018). \u00ab&#8217;Dark&#8217; could be Netflix&#8217;s biggest European hit so far\u00bb. &lt;<a href=\"https:\/\/www.screendaily.com\/news\/dark-could-be-netflixs-biggest-european-hit-so-far\/5125338.article\" target=\"_blank\" rel=\"noopener\">https:\/\/www.screendaily.com\/news\/dark-could-be-netflixs-biggest-european-hit-so-far\/5125338.article<\/a>&gt;.<\/p>\n<p><strong>3.3. Relatos #beautifulLGBTQ de Pantene en YouTube<\/strong><\/p>\n<p>Pantene. Perfil oficial de Instagram (EE. UU., 2020)<u>. &lt;<\/u><a href=\"https:\/\/www.instagram.com\/pantene\/\" target=\"_blank\" rel=\"noopener\">https:\/\/www.instagram.com\/pantene\/<\/a>&gt;.<\/p>\n<p>Pantene (5 de diciembre de 2019). \u00abComing Home Should be #BeautifuLGBTQ\u00bb, canal oficial en YouTube. &lt;<a href=\"https:\/\/www.youtube.com\/watch?v=CsJWzXtNlgw&amp;t=6s\" target=\"_blank\" rel=\"noopener\">https:\/\/www.youtube.com\/watch?v=CsJWzXtNlgw&amp;t=6s<\/a>&gt;.<\/p>\n<p>Pantene (5 de diciembre de 2019) \u00abComing home is\u00bb, canal oficial en YouTube. &lt;<a href=\"https:\/\/www.youtube.com\/results?search_query=pantene+coming+home+is\" target=\"_blank\" rel=\"noopener\">https:\/\/www.youtube.com\/results?search_query=pantene+coming+home+is<\/a>&gt;.<\/p>\n<p>Pantene Latinoam\u00e9rica (25 de julio de 2020). \u00abPantene Pride -Marcela &#8211; #ElAmorTieneMuchasFormulas\u00bb, canal oficial en YouTube. <a href=\"https:\/\/www.youtube.com\/watch?v=qqX45ZKy9lo\" target=\"_blank\" rel=\"noopener\">https:\/\/www.youtube.com\/watch?v=qqX45ZKy9lo<\/a>&gt;.<\/p>\n<p>WPP Grey. \u00abPantene Coming Home Should Be #BeautifuLGBTQ\u00bb. &lt;<a href=\"https:\/\/www.wpp.com\/featured\/work\/grey-pantene-coming-home-should-be-beautifulgbtq\" target=\"_blank\" rel=\"noopener\">https:\/\/www.wpp.com\/featured\/work\/grey-pantene-coming-home-should-be-beautifulgbtq<\/a>&gt;.<\/p>\n<p><strong>Otras referencias<\/strong><\/p>\n<p>Bartual, Manuel (2020). Las mejores historias de Twitter en espa\u00f1ol. \u00abTodo est\u00e1 bien\u00bb. <em>La Hiloteca<\/em>. &lt;<a href=\"https:\/\/lahiloteca.com\/hilo\/todo-esta-bien\/\" target=\"_blank\" rel=\"noopener\">https:\/\/lahiloteca.com\/hilo\/todo-esta-bien\/<\/a>&gt;.<\/p>\n<p>Fort, Cristina (UOC). (11 de mayo de 2020). \u00abFicciones (y posficciones) en la era de COVID-19\u00bb. &lt;<a href=\"http:\/\/comunicacio.blogs.uoc.edu\/ficciones-posficciones-covid-19\/\" target=\"_blank\" rel=\"noopener\">http:\/\/comunicacio.blogs.uoc.edu\/ficciones-posficciones-covid-19\/<\/a>&gt;.<\/p>\n<p>Freire S\u00e1nchez, Alfonso. <em>\u00bfC\u00f3mo crear un storytelling de marca? De la teor\u00eda a la pr\u00e1ctica profesional<\/em>, UOC, 2017.<\/p>\n<p>Guerrero, Joan Antonio (23 de enero de 2020). Entrevista a Manuel Bartual. &lt;<a href=\"https:\/\/www.uoc.edu\/portal\/es\/news\/entrevistes\/2020\/002-manuel-bartual.html\" target=\"_blank\" rel=\"noopener\">https:\/\/www.uoc.edu\/portal\/es\/news\/entrevistes\/2020\/002-manuel-bartual.html<\/a>&gt;.<\/p>\n","protected":false},"excerpt":{"rendered":"<p>General Herrera, Raquel (2015). \u00c9rase unas veces. Filiaciones narrativas en el arte digital. Editorial UOC, Barcelona. 1. Del storytelling al storydoing 1.1. Pensar historias: m\u00edmesis, di\u00e9gesis y los principios aristot\u00e9licos An\u00f3nimo (2015). Las mil y una noches. El manga. Herder Editorial: Barcelona. Arist\u00f3teles (1974). Po\u00e9tica. Gredos: Madrid. Columbia Digital Storytelling Lab (2018). Sherlock Holmes and [&hellip;]<\/p>\n","protected":false},"author":1,"featured_media":0,"parent":0,"menu_order":0,"comment_status":"closed","ping_status":"closed","template":"","meta":[],"acf":[],"_links":{"self":[{"href":"http:\/\/social-media-strategy.aula.uoc.edu\/storytelling\/es\/wp-json\/wp\/v2\/pages\/74"}],"collection":[{"href":"http:\/\/social-media-strategy.aula.uoc.edu\/storytelling\/es\/wp-json\/wp\/v2\/pages"}],"about":[{"href":"http:\/\/social-media-strategy.aula.uoc.edu\/storytelling\/es\/wp-json\/wp\/v2\/types\/page"}],"author":[{"embeddable":true,"href":"http:\/\/social-media-strategy.aula.uoc.edu\/storytelling\/es\/wp-json\/wp\/v2\/users\/1"}],"replies":[{"embeddable":true,"href":"http:\/\/social-media-strategy.aula.uoc.edu\/storytelling\/es\/wp-json\/wp\/v2\/comments?post=74"}],"version-history":[{"count":11,"href":"http:\/\/social-media-strategy.aula.uoc.edu\/storytelling\/es\/wp-json\/wp\/v2\/pages\/74\/revisions"}],"predecessor-version":[{"id":345,"href":"http:\/\/social-media-strategy.aula.uoc.edu\/storytelling\/es\/wp-json\/wp\/v2\/pages\/74\/revisions\/345"}],"wp:attachment":[{"href":"http:\/\/social-media-strategy.aula.uoc.edu\/storytelling\/es\/wp-json\/wp\/v2\/media?parent=74"}],"curies":[{"name":"wp","href":"https:\/\/api.w.org\/{rel}","templated":true}]}}