{"id":66,"date":"2017-11-27T08:14:03","date_gmt":"2017-11-27T08:14:03","guid":{"rendered":"http:\/\/social-media-strategy.aula.uoc.edu\/storytelling\/?page_id=66"},"modified":"2021-02-16T12:56:01","modified_gmt":"2021-02-16T12:56:01","slug":"3-1-introduccion","status":"publish","type":"page","link":"http:\/\/social-media-strategy.aula.uoc.edu\/storytelling\/es\/3-1-introduccion\/","title":{"rendered":"3.1. La narrativa derivada en redes de <em>#Luimelia<\/em>"},"content":{"rendered":"<p>Para hablar de narrativa, el trasvase entre ficci\u00f3n y redes sociales va a ser una constante. Empezamos comentando el caso de <em>#Luimelia<\/em>.<\/p>\n<p>Luimelia es el nombre del <em>ship<\/em>\u00a0\u2013o pareja querida por los fans\u2013 nacida en<em> Amar es para siempre<\/em>, telenovela emitida en Antena 3 desde 2013 que a su vez fue un <em>spinoff<\/em> de la telenovela <em>Amar en tiempos revueltos<\/em>, emitida por TVE (2005-212). <em>Amar en tiempos revueltos<\/em> se basaba en romances ambientados en la Guerra Civil espa\u00f1ola y los primeros a\u00f1os del franquismo; y <em>Amar es para siempre<\/em> cogi\u00f3 el testigo para narrar las aventuras de parejas entre 1960 y los primeros a\u00f1os de la democracia. Fue en la s\u00e9ptima temporada de <em>Amar es para siempre<\/em> (1975-1976) cuando surgi\u00f3 una de las parejas m\u00e1s populares en los personajes de Luisita y Amelia.<\/p>\n<p>Por esta raz\u00f3n, se ha decidido dar continuidad a Luisita y Amelia mediante su nombre de <em>ship<\/em>, <em>#Luimelia<\/em>, a trav\u00e9s de una <em>webserie<\/em> disponible desde el 14 de febrero de 2020 en Atresplayer Premium. En esta <em>webserie<\/em> renovada, las protagonistas se conocen y enamoran en 2020.\u00a0 Para oto\u00f1o de 2020, se han pactado tres temporadas de este proyecto.<\/p>\n<figure id=\"attachment_225\" aria-describedby=\"caption-attachment-225\" style=\"width: 380px\" class=\"wp-caption aligncenter\"><img loading=\"lazy\" class=\"size-full wp-image-225\" src=\"\/wp-content\/uploads\/sites\/7\/2017\/11\/PID_00279735_27.jpg\" alt=\"\" width=\"380\" height=\"443\" srcset=\"\/wp-content\/uploads\/sites\/7\/2017\/11\/PID_00279735_27.jpg 380w, \/wp-content\/uploads\/sites\/7\/2017\/11\/PID_00279735_27-257x300.jpg 257w\" sizes=\"(max-width: 380px) 100vw, 380px\" \/><figcaption id=\"caption-attachment-225\" class=\"wp-caption-text\">Figuras 15 y 16. Avance de la nueva serie <em>#Luimelia<\/em> en el canal de YouTube de Atresplayer Premium. Como ocurre con otros colectivos de fans, el de Luimelia es muy participativo en YouTube, y populariz\u00f3 a la pareja mediante comentarios en los v\u00eddeos oficiales y v\u00eddeos de reacciones a los personajes cuando formaban parte del <em>cast <\/em>de <em>Amar es para siempre<\/em>. La <em>webserie<\/em> <em>#Luimelia <\/em>est\u00e1 disponible en la plataforma de pago Atresmedia Player. Fuentes: canal oficial en YouTube de Atresplayer Premium; p\u00e1gina web de Atresmedia (2020).<\/figcaption><\/figure>\n<p>Pero no solo eso: Luisita y Amelia han cobrado una segunda vida en redes sociales. Las actrices que las interpretan, Paula Usero y Carol Rovira, ya contaban con sus propios perfiles profesionales en Instagram para difundir su trabajo. Con <em>#Luimelia<\/em> se ha ido un paso m\u00e1s all\u00e1 generando adem\u00e1s perfiles activos en Instagram para los personajes de Luisita y Amelia donde explican su vida cotidiana, involucran a otros personajes para contar su historia e incluso han generado una narrativa dentro de la narrativa, porque en <em>#Luimelia<\/em>\u00a0el personaje de Amelia es actriz y participa en una nueva serie rom\u00e1ntica, <em>Amar eternamente<\/em>, cuyo rodaje pueden seguir sus fans por redes sociales.<\/p>\n<figure id=\"attachment_226\" aria-describedby=\"caption-attachment-226\" style=\"width: 620px\" class=\"wp-caption aligncenter\"><img loading=\"lazy\" class=\"size-full wp-image-226\" src=\"\/wp-content\/uploads\/sites\/7\/2017\/11\/PID_00279735_28.jpg\" alt=\"\" width=\"620\" height=\"231\" srcset=\"\/wp-content\/uploads\/sites\/7\/2017\/11\/PID_00279735_28.jpg 620w, \/wp-content\/uploads\/sites\/7\/2017\/11\/PID_00279735_28-300x112.jpg 300w\" sizes=\"(max-width: 620px) 100vw, 620px\" \/><figcaption id=\"caption-attachment-226\" class=\"wp-caption-text\">Figuras 17 y 18. Perfil oficial en Instagram del personaje Luisita G\u00f3mez de <em>#Luimelia<\/em>. Hay que destacar que en la descripci\u00f3n del perfil cite \u00abcreadora y capitana de @lureliafans\u00bb, otra cuenta fan para la pareja femenina formada por Luc\u00eda y Aurelia, personajes de la serie ficticia <em>Amar eternamente<\/em>,\u00a0siendo @lureliafans (figura 17). Perfil oficial del personaje Amelia Ledesma, de <em>#Luimelia<\/em>. Figura su agencia de representaci\u00f3n ficticia, Ernesto Talent Agency, y re\u00fane instant\u00e1neas de los rodajes donde participa, al tratarse de un personaje que es actriz (figura 18).<br \/>Fuentes: perfiles oficiales de Instagram de Luisita G\u00f3mez y Amelia Ledesma, respectivamente (2020).<\/figcaption><\/figure>\n<p>Estas cuentas de Luisita y Amelia en Instagram tambi\u00e9n tienen versiones en Twitter, con etiquetas recurrentes que los fans pueden utilizar para mencionarlas. En el caso de <em>#Luimelia<\/em> se riza el rizo puesto que la Amelia de 2020 participa en una serie llamada <em>#amareternamente<\/em>, cuyo <em>fandom<\/em> fomenta su propia novia Luisita G\u00f3mez mediante la etiqueta <em>#lurelia<\/em> (que es el <em>ship <\/em>entre los personajes Luc\u00eda y Aurelia en la serie ficticia). Inclusive, Luisita ha \u00abcreado\u00bb un <em>mockumentary<\/em> (\u2018falso documental\u2019) sobre el fen\u00f3meno <em>#amareternamente<\/em>, que parodia el universo <em>#luimelia<\/em> y sus derivaciones.<\/p>\n<div class=\"featured featured-blue\"><\/p>\n<p><strong>\u00bfQu\u00e9 pueden aprender las marcas sobre el uso de redes sociales en <em>#Luimelia<\/em>?<\/strong><\/p>\n<p>Un entramado bien construido de personajes puede representar los valores de la marca y usarse tanto en formatos m\u00e1s convencionales \u2013como anuncios en v\u00eddeo, o <em>product placement<\/em>\u2013 como otorgando continuidad a microhistorias que conectan con el lapso de atenci\u00f3n de los <em>targets<\/em> m\u00e1s j\u00f3venes.<\/p>\n<p>\n<div style=\"clear:both\"><\/div><\/div>\n","protected":false},"excerpt":{"rendered":"<p>Para hablar de narrativa, el trasvase entre ficci\u00f3n y redes sociales va a ser una constante. Empezamos comentando el caso de #Luimelia. Luimelia es el nombre del ship\u00a0\u2013o pareja querida por los fans\u2013 nacida en Amar es para siempre, telenovela emitida en Antena 3 desde 2013 que a su vez fue un spinoff de la [&hellip;]<\/p>\n","protected":false},"author":1,"featured_media":0,"parent":0,"menu_order":0,"comment_status":"closed","ping_status":"closed","template":"","meta":[],"acf":[],"_links":{"self":[{"href":"http:\/\/social-media-strategy.aula.uoc.edu\/storytelling\/es\/wp-json\/wp\/v2\/pages\/66"}],"collection":[{"href":"http:\/\/social-media-strategy.aula.uoc.edu\/storytelling\/es\/wp-json\/wp\/v2\/pages"}],"about":[{"href":"http:\/\/social-media-strategy.aula.uoc.edu\/storytelling\/es\/wp-json\/wp\/v2\/types\/page"}],"author":[{"embeddable":true,"href":"http:\/\/social-media-strategy.aula.uoc.edu\/storytelling\/es\/wp-json\/wp\/v2\/users\/1"}],"replies":[{"embeddable":true,"href":"http:\/\/social-media-strategy.aula.uoc.edu\/storytelling\/es\/wp-json\/wp\/v2\/comments?post=66"}],"version-history":[{"count":6,"href":"http:\/\/social-media-strategy.aula.uoc.edu\/storytelling\/es\/wp-json\/wp\/v2\/pages\/66\/revisions"}],"predecessor-version":[{"id":321,"href":"http:\/\/social-media-strategy.aula.uoc.edu\/storytelling\/es\/wp-json\/wp\/v2\/pages\/66\/revisions\/321"}],"wp:attachment":[{"href":"http:\/\/social-media-strategy.aula.uoc.edu\/storytelling\/es\/wp-json\/wp\/v2\/media?parent=66"}],"curies":[{"name":"wp","href":"https:\/\/api.w.org\/{rel}","templated":true}]}}