{"id":46,"date":"2017-11-27T07:53:25","date_gmt":"2017-11-27T07:53:25","guid":{"rendered":"http:\/\/social-media-strategy.aula.uoc.edu\/storytelling\/?page_id=46"},"modified":"2021-02-16T12:34:20","modified_gmt":"2021-02-16T12:34:20","slug":"2-1-introduccion","status":"publish","type":"page","link":"http:\/\/social-media-strategy.aula.uoc.edu\/storytelling\/es\/2-1-introduccion\/","title":{"rendered":"2.1. El universo de marca y las redes sociales"},"content":{"rendered":"<p>Hist\u00f3ricamente, las marcas nos acompa\u00f1an desde que existen transacciones comerciales.<\/p>\n<p>Sin embargo, dos puntos de giro reciente han consolidado su importancia:<\/p>\n<ol>\n<li>La proliferaci\u00f3n de <strong>marcas personales<\/strong> desde la d\u00e9cada de los noventa, de modo que las declaraciones de marca de cualquier empresa tambi\u00e9n pueden atribuirse a personas o personajes p\u00fablicos. Es decir, Coca-Cola es una marca (con sus caracter\u00edsticas diferenciables y promesa de valor incorporada), como tambi\u00e9n lo es la cantante y actriz Lady Gaga.<\/li>\n<li>La oportunidad ofrecida por la proliferaci\u00f3n de las tecnolog\u00edas digitales, redes sociales incluidas, para <strong>diseminar esas marcas mediante m\u00faltiples canales<\/strong>: Coca-Cola est\u00e1 presente en diversos canales digitales y Lady Gaga tambi\u00e9n, tanto si son propios como compartidos con sus clientes o seguidores.<\/li>\n<\/ol>\n<p>Con anterioridad a estos desarrollos, ya cont\u00e1bamos con elementos que contribu\u00edan a elaborar y hacer evolucionar a cualquier marca:<\/p>\n<ul>\n<li>Los <strong>relatos de marca<\/strong> (tambi\u00e9n llamados <em>brand stories<\/em>), que aluden a la narraci\u00f3n persuasiva (y localizada) que una marca hace de s\u00ed misma.<\/li>\n<li>Y los <strong>arquetipos asociados a tales relatos<\/strong>.<\/li>\n<\/ul>\n<p>Basados en la clasificaci\u00f3n del psic\u00f3logo y psicoanalista Carl Jung, se trata de patrones arcaicos inconscientes con voluntad universalizadora que remiten a posibles tipos humanos. En publicidad, los arquetipos de marca se han consolidado mediante las siguientes figuras:<\/p>\n<p>Tabla 1. Los arquetipos junguianos adaptados a los relatos de marca que se emplean para crear campa\u00f1as publicitarias. Algunas marcas GAFAM (en concreto, Amazon, Google y Apple) despuntan en la encarnaci\u00f3n de estos arquetipos.<\/p>\n<table width=\"566\">\n<tbody>\n<tr>\n<td style=\"text-align: center;\" width=\"189\"><strong>Arquetipo<\/strong><\/td>\n<td style=\"text-align: center;\" width=\"189\"><strong>Anhelo<\/strong><\/td>\n<td style=\"text-align: center;\" width=\"189\"><strong>Marca paradigm\u00e1tica<\/strong><\/td>\n<\/tr>\n<tr>\n<td style=\"text-align: center;\" width=\"189\">Gobernante<\/td>\n<td style=\"text-align: center;\" width=\"189\">Liderar el mercado<\/td>\n<td style=\"text-align: center;\" width=\"189\">Rolex<\/td>\n<\/tr>\n<tr>\n<td style=\"text-align: center;\" width=\"189\">H\u00e9roe<\/td>\n<td style=\"text-align: center;\" width=\"189\">Mejorar el mundo<\/td>\n<td style=\"text-align: center;\" width=\"189\">Amazon<\/td>\n<\/tr>\n<tr>\n<td style=\"text-align: center;\" width=\"189\">Forajido<\/td>\n<td style=\"text-align: center;\" width=\"189\">Cuestionar el mundo<\/td>\n<td style=\"text-align: center;\" width=\"189\">Harley-Davidson<\/td>\n<\/tr>\n<tr>\n<td style=\"text-align: center;\" width=\"189\">Cuidador<\/td>\n<td style=\"text-align: center;\" width=\"189\">Generar confianza y bienestar<\/td>\n<td style=\"text-align: center;\" width=\"189\">Nestl\u00e9<\/td>\n<\/tr>\n<tr>\n<td style=\"text-align: center;\" width=\"189\">Inocente<\/td>\n<td style=\"text-align: center;\" width=\"189\">Producir optimismo y felicidad<\/td>\n<td style=\"text-align: center;\" width=\"189\">Disney<\/td>\n<\/tr>\n<tr>\n<td style=\"text-align: center;\" width=\"189\">Hombre corriente<\/td>\n<td style=\"text-align: center;\" width=\"189\">Crear empat\u00eda<\/td>\n<td style=\"text-align: center;\" width=\"189\">IKEA<\/td>\n<\/tr>\n<tr>\n<td style=\"text-align: center;\" width=\"189\">Explorador<\/td>\n<td style=\"text-align: center;\" width=\"189\">Otorgar autenticidad e independencia<\/td>\n<td style=\"text-align: center;\" width=\"189\">Jeep<\/td>\n<\/tr>\n<tr>\n<td style=\"text-align: center;\" width=\"189\">Sabio<\/td>\n<td style=\"text-align: center;\" width=\"189\">Dar conocimiento<\/td>\n<td style=\"text-align: center;\" width=\"189\">Google<\/td>\n<\/tr>\n<tr>\n<td style=\"text-align: center;\" width=\"189\">Mago<\/td>\n<td style=\"text-align: center;\" width=\"189\">Ofrecer imaginaci\u00f3n y carisma<\/td>\n<td style=\"text-align: center;\" width=\"189\">Absolut<\/td>\n<\/tr>\n<tr>\n<td style=\"text-align: center;\" width=\"189\">Amante<\/td>\n<td style=\"text-align: center;\" width=\"189\">Apasionar y seducir<\/td>\n<td style=\"text-align: center;\" width=\"189\">Martini<\/td>\n<\/tr>\n<tr>\n<td style=\"text-align: center;\" width=\"189\">Buf\u00f3n<\/td>\n<td style=\"text-align: center;\" width=\"189\">Compartir humor y diversi\u00f3n<\/td>\n<td style=\"text-align: center;\" width=\"189\">OREO<\/td>\n<\/tr>\n<tr>\n<td style=\"text-align: center;\" width=\"189\">Creador<\/td>\n<td style=\"text-align: center;\" width=\"189\">Innovar<\/td>\n<td style=\"text-align: center;\" width=\"189\">Apple<\/td>\n<\/tr>\n<\/tbody>\n<\/table>\n<p>Fuente: elaboraci\u00f3n propia basada en las p\u00e1ginas web <em>Branfluence<\/em> y <em>Making Love Marks<\/em> (2018).<\/p>\n<p>El despliegue del <strong>universo narrativo<\/strong> (visual, verbal, sonoro) de una marca, capaz de interpelar a los territorios o espacios competitivos donde esa marca desea asentarse, supone la generaci\u00f3n de un relato propio donde la marca encarne una determinada personalidad para satisfacci\u00f3n de su p\u00fablico objetivo. Se trata de un relato, o <em>storytelling<\/em>, que presenta a la marca al mundo (\u00abEsto es lo que soy, y esto es lo que hago\u00bb) mediante m\u00faltiples canales en l\u00ednea y fuera de l\u00ednea.<\/p>\n<p>En t\u00e9rminos de <em>storydoing<\/em>, las marcas no solo cuentan con su web personal y redes sociales como canales de promoci\u00f3n y distribuci\u00f3n digital, sino que les sirven para dejar constancia de experiencias multiformato que generen mayor vinculaci\u00f3n e inter\u00e9s a largo plazo con la marca.<\/p>\n<div class=\"featured featured-blue\"><p>En el estudio de Llorente y Cuenca, <em>Del storytelling al storydoing <\/em>(2017), Eugenia C\u00e9sar de Comunicaci\u00f3n Digital de Coca-Cola M\u00e9xico subraya: \u00abLas historias que contamos provienen de las acciones que realizamos. Para nosotros el <em>storydoing<\/em> va m\u00e1s all\u00e1 de generar experiencias con nuestros grupos de inter\u00e9s o de crear actividades para luego contar una historia; se trata de llevar a la acci\u00f3n nuestra filosof\u00eda y valores: contamos historias porque generamos m\u00faltiples acciones\u00bb<em>.<\/em><\/p>\n<div style=\"clear:both\"><\/div><\/div>\n<figure id=\"attachment_221\" aria-describedby=\"caption-attachment-221\" style=\"width: 620px\" class=\"wp-caption aligncenter\"><img loading=\"lazy\" class=\"size-full wp-image-221\" src=\"\/wp-content\/uploads\/sites\/7\/2017\/11\/PID_00279735_23.jpg\" alt=\"\" width=\"620\" height=\"349\" srcset=\"\/wp-content\/uploads\/sites\/7\/2017\/11\/PID_00279735_23.jpg 620w, \/wp-content\/uploads\/sites\/7\/2017\/11\/PID_00279735_23-300x169.jpg 300w\" sizes=\"(max-width: 620px) 100vw, 620px\" \/><figcaption id=\"caption-attachment-221\" class=\"wp-caption-text\">Figura 10. Coca-Cola M\u00e9xico cuenta con perfiles activos en las principales redes sociales. Su <em>storytelling<\/em> en 2020 combin\u00f3 referencias solidarias durante la pandemia (#hagamosestojuntos) con la narraci\u00f3n sobre las fonditas, taquer\u00edas y tienditas propias del pa\u00eds (donde se venden los productos de la empresa).<br \/>Fuente: canal de Industria Mexicana de Coca-Cola en YouTube (2020).<\/figcaption><\/figure>\n<p>As\u00ed, dentro de la estrategia de marketing propia de un relato de marca donde los canales digitales ocupen un lugar (necesariamente) prominente, puede activarse la capacidad de movilizar a los usuarios e inserirlos de m\u00faltiples formas en el universo de la marca, lo cual veremos aplicado en el siguiente subapartado mediante el llamado <em>transmedia<\/em>.<\/p>\n","protected":false},"excerpt":{"rendered":"<p>Hist\u00f3ricamente, las marcas nos acompa\u00f1an desde que existen transacciones comerciales. Sin embargo, dos puntos de giro reciente han consolidado su importancia: La proliferaci\u00f3n de marcas personales desde la d\u00e9cada de los noventa, de modo que las declaraciones de marca de cualquier empresa tambi\u00e9n pueden atribuirse a personas o personajes p\u00fablicos. Es decir, Coca-Cola es una [&hellip;]<\/p>\n","protected":false},"author":1,"featured_media":0,"parent":0,"menu_order":0,"comment_status":"closed","ping_status":"closed","template":"","meta":[],"acf":[],"_links":{"self":[{"href":"http:\/\/social-media-strategy.aula.uoc.edu\/storytelling\/es\/wp-json\/wp\/v2\/pages\/46"}],"collection":[{"href":"http:\/\/social-media-strategy.aula.uoc.edu\/storytelling\/es\/wp-json\/wp\/v2\/pages"}],"about":[{"href":"http:\/\/social-media-strategy.aula.uoc.edu\/storytelling\/es\/wp-json\/wp\/v2\/types\/page"}],"author":[{"embeddable":true,"href":"http:\/\/social-media-strategy.aula.uoc.edu\/storytelling\/es\/wp-json\/wp\/v2\/users\/1"}],"replies":[{"embeddable":true,"href":"http:\/\/social-media-strategy.aula.uoc.edu\/storytelling\/es\/wp-json\/wp\/v2\/comments?post=46"}],"version-history":[{"count":7,"href":"http:\/\/social-media-strategy.aula.uoc.edu\/storytelling\/es\/wp-json\/wp\/v2\/pages\/46\/revisions"}],"predecessor-version":[{"id":316,"href":"http:\/\/social-media-strategy.aula.uoc.edu\/storytelling\/es\/wp-json\/wp\/v2\/pages\/46\/revisions\/316"}],"wp:attachment":[{"href":"http:\/\/social-media-strategy.aula.uoc.edu\/storytelling\/es\/wp-json\/wp\/v2\/media?parent=46"}],"curies":[{"name":"wp","href":"https:\/\/api.w.org\/{rel}","templated":true}]}}