{"id":189,"date":"2021-01-25T10:40:11","date_gmt":"2021-01-25T10:40:11","guid":{"rendered":"http:\/\/social-media-strategy.aula.uoc.edu\/storytelling\/?page_id=189"},"modified":"2021-01-29T11:28:15","modified_gmt":"2021-01-29T11:28:15","slug":"introduccion","status":"publish","type":"page","link":"http:\/\/social-media-strategy.aula.uoc.edu\/storytelling\/es\/","title":{"rendered":"Introducci\u00f3n"},"content":{"rendered":"<p>En las siguientes p\u00e1ginas se ahonda en la relaci\u00f3n entre redes sociales y narrativa, tambi\u00e9n llamada <em>storytellling<\/em>.<\/p>\n<p>En primer lugar, en <strong>\u00abDel <em>storytelling<\/em> al <em>storydoing<\/em>\u00bb<\/strong> indicamos los fundamentos hist\u00f3ricos de la narrativa para presentar qu\u00e9 entendemos por <em>historias<\/em>, desde la Antig\u00fcedad griega hasta los usos actuales en entornos corporativos o pol\u00edticos, o las nuevas formas de <em>storydoing.<\/em><\/p>\n<p>En segundo lugar, en <strong>\u00abFormatos narrativos innovadores\u00bb<\/strong> planteamos c\u00f3mo evoluciona el <em>storytelling<\/em> digital considerando, primero, el contexto del <em>branding<\/em>; segundo, las derivaciones transmedia, y tercero, c\u00f3mo funcionan las principales redes sociales en t\u00e9rminos narrativos.<\/p>\n<p>En tercer lugar, en<strong> \u00abCasos de estudio sobre <em>storytelling<\/em> y redes sociales\u00bb<\/strong> sugerimos diversos ejemplos recientes de buenas pr\u00e1cticas en ficci\u00f3n y publicidad narrativas extrapolables a otros proyectos profesionales.<\/p>\n<p>Cada apartado se acompa\u00f1a de im\u00e1genes clave relacionadas, comentarios destacados y, al final, se recogen las referencias para ahondar en la bibliograf\u00eda citada a lo largo del texto.<\/p>\n<p>Autor\u00eda: <a href=\"javascript:void(0);\" class=\"tooltip\" data-toggle=\"popover\" data-placement=\"bottom\" data-content=\"<strong>Raquel Herrera<\/strong> (Barcelona, 1979) es doctora en Comunicaci\u00f3n Social por la Universidad Pompeu Fabra y profesora de grado y posgrado en Comunicaci\u00f3n y marketing en diversas instituciones, como la Universitat Pompeu Fabra, la Barcelona School of Management, la Toulouse Business School o la Universitat Aut\u00f2noma de Barcelona. Su especialidad son los aspectos t\u00e1cticos de las redes sociales aplicados a distintos modelos de negocio donde la identidad de marca, la conexi\u00f3n con el p\u00fablico objetivo y la vertiente cultural salgan reforzados. Asimismo, la doctora Herrera trabaja como traductora literaria para diversas editoriales y sellos espa\u00f1oles.\" data-placement=\"top\" data-html=\"true\" >Raquel Herrera<\/a><\/p>\n","protected":false},"excerpt":{"rendered":"<p>En las siguientes p\u00e1ginas se ahonda en la relaci\u00f3n entre redes sociales y narrativa, tambi\u00e9n llamada storytellling. En primer lugar, en \u00abDel storytelling al storydoing\u00bb indicamos los fundamentos hist\u00f3ricos de la narrativa para presentar qu\u00e9 entendemos por historias, desde la Antig\u00fcedad griega hasta los usos actuales en entornos corporativos o pol\u00edticos, o las nuevas formas [&hellip;]<\/p>\n","protected":false},"author":1,"featured_media":0,"parent":0,"menu_order":0,"comment_status":"closed","ping_status":"closed","template":"","meta":[],"acf":[],"_links":{"self":[{"href":"http:\/\/social-media-strategy.aula.uoc.edu\/storytelling\/es\/wp-json\/wp\/v2\/pages\/189"}],"collection":[{"href":"http:\/\/social-media-strategy.aula.uoc.edu\/storytelling\/es\/wp-json\/wp\/v2\/pages"}],"about":[{"href":"http:\/\/social-media-strategy.aula.uoc.edu\/storytelling\/es\/wp-json\/wp\/v2\/types\/page"}],"author":[{"embeddable":true,"href":"http:\/\/social-media-strategy.aula.uoc.edu\/storytelling\/es\/wp-json\/wp\/v2\/users\/1"}],"replies":[{"embeddable":true,"href":"http:\/\/social-media-strategy.aula.uoc.edu\/storytelling\/es\/wp-json\/wp\/v2\/comments?post=189"}],"version-history":[{"count":2,"href":"http:\/\/social-media-strategy.aula.uoc.edu\/storytelling\/es\/wp-json\/wp\/v2\/pages\/189\/revisions"}],"predecessor-version":[{"id":294,"href":"http:\/\/social-media-strategy.aula.uoc.edu\/storytelling\/es\/wp-json\/wp\/v2\/pages\/189\/revisions\/294"}],"wp:attachment":[{"href":"http:\/\/social-media-strategy.aula.uoc.edu\/storytelling\/es\/wp-json\/wp\/v2\/media?parent=189"}],"curies":[{"name":"wp","href":"https:\/\/api.w.org\/{rel}","templated":true}]}}