{"id":18,"date":"2022-03-01T19:56:00","date_gmt":"2022-03-01T19:56:00","guid":{"rendered":"http:\/\/social-media-strategy.aula.uoc.edu\/planificacio\/?page_id=18"},"modified":"2022-03-09T09:47:09","modified_gmt":"2022-03-09T09:47:09","slug":"2-definicio-dels-objectius-a-les-xarxes-socials-i-els-seus-respectius-kpi","status":"publish","type":"page","link":"http:\/\/social-media-strategy.aula.uoc.edu\/plan\/2-definicio-dels-objectius-a-les-xarxes-socials-i-els-seus-respectius-kpi\/","title":{"rendered":"2. Definici\u00f3 dels objectius a les xarxes socials i els seus respectius KPI"},"content":{"rendered":"<p>Com hem dit, els objectius en <em>social media<\/em> no s\u2019han de deslligar mai dels objectius del negoci. Per aix\u00f2, \u00e9s impossible definir uns objectius en <em>social media<\/em> sense con\u00e8ixer abans els del nostre negoci. En tots els casos, els objectius han de ser <strong>SMART<\/strong>. El terme<em> SMART objectives<\/em> va ser encunyat per primera vegada per Dojan, per les seves sigles en angl\u00e8s (1981). No obstant aix\u00f2, l\u2019acr\u00f2nim ha anat evolucionant i avui se sol referir a objectius: <em>Specific<\/em> (espec\u00edfics), <em>Mesurables<\/em> (mesurables), <em>Achievable<\/em> (assolibles), <em>Relevant<\/em> (rellevants) i <em>Time adjusted<\/em> (ajustado en el tiempo) (Bjerke i Renger, 2017).<\/p>\n<table>\n<tbody>\n<tr class=\"table-header\">\n<td width=\"73\">Acr\u00f2nim<\/td>\n<td width=\"94\">Objectius<\/td>\n<td width=\"82\">Q\u00fcesti\u00f3<\/td>\n<td width=\"200\">Descripci\u00f3<\/td>\n<td width=\"190\">Exemple<\/td>\n<\/tr>\n<tr>\n<td width=\"73\"><strong>S<\/strong><\/td>\n<td width=\"94\">Espec\u00edfics<\/td>\n<td width=\"82\"><em>What<\/em><\/td>\n<td width=\"200\">Relacionar-lo amb un indicador clau de rendiment.<\/td>\n<td width=\"190\">Incrementar les impressions de la p\u00e0gina de Facebook de la meva marca<\/td>\n<\/tr>\n<tr>\n<td width=\"73\"><strong>M<\/strong><\/td>\n<td width=\"94\">Mesurables<\/td>\n<td width=\"82\"><em>How much<\/em><\/td>\n<td width=\"200\">Especificar el punt de partida o el punt d\u2019arribada de l\u2019indicador de rendiment.<\/td>\n<td width=\"190\">des de les 1.500 a les 6.500 impressions mensuals<\/td>\n<\/tr>\n<tr>\n<td width=\"73\"><strong>A<\/strong><\/td>\n<td width=\"94\">Assolibles<\/td>\n<td width=\"82\"><em>How<\/em><\/td>\n<td width=\"200\">Explicar quins s\u00f3n els recursos amb qu\u00e8 es compta per poder assolir aquest objectiu.<\/td>\n<td width=\"190\">a partir del treball <em>in house<\/em> del <em>social media optimization<\/em><\/td>\n<\/tr>\n<tr>\n<td width=\"73\"><strong>R<\/strong><\/td>\n<td width=\"94\">Rellevants<\/td>\n<td width=\"82\"><em>Why<\/em><\/td>\n<td width=\"200\">Connectar-lo amb els objectius corporatius, per qu\u00e8 aquest objectiu \u00e9s rellevant per a la marca.<\/td>\n<td width=\"190\">per tenir un impacte m\u00e9s gran en la societat sobre els nostres temes d\u2019inter\u00e8s<\/td>\n<\/tr>\n<tr>\n<td width=\"73\"><strong>T<\/strong><\/td>\n<td width=\"94\">Ajustats en el temps<\/td>\n<td width=\"82\"><em>When<\/em><\/td>\n<td width=\"200\">Especificar quan s\u2019ha d\u2019assolir l\u2019objectiu.<\/td>\n<td width=\"190\">el mes de desembre de l\u2019any en curs.<\/td>\n<\/tr>\n<\/tbody>\n<\/table>\n<div class=\"tablefooter\">Taula 1<br \/>\nFont: elaboraci\u00f3 pr\u00f2pia<div style=\"clear:both\"><\/div><\/div>\n<p>Si la redacci\u00f3 de l\u2019objectiu no \u00e9s SMART, dif\u00edcilment es podran mesurar els resultats. No en podrem avaluar l\u2019abast si no sabem el punt de partida a l\u2019hora d\u2019implementar el pla de <em>social media<\/em> o per qu\u00e8 haur\u00edem de donar suport a aquest objectiu.<\/p>\n<div class=\"featured featured-grey\"><p>Els KPI (indicadors clau de rendiment) dels <em>social media<\/em> s\u00f3n l\u2019element principal per poder mesurar els objectius SMART.<\/p>\n<div style=\"clear:both\"><\/div><\/div>\n<p>Hi ha molts objectius de negoci, per\u00f2 un element com\u00fa en la majoria de negocis \u00e9s la seva orientaci\u00f3 cap als beneficis. L\u2019increment de beneficis es pot assolir de dues maneres:<\/p>\n<ol>\n<li>Disminuci\u00f3 de les despeses per mitj\u00e0 de la millora de l\u2019efici\u00e8ncia o la disminuci\u00f3 de la inversi\u00f3.<\/li>\n<li>Augment dels ingressos, sobretot per mitj\u00e0 de l\u2019increment de les vendes.<\/li>\n<\/ol>\n<p>Altres aspectes importants que acabaran repercutint en el primer podrien ser:<\/p>\n<ul>\n<li><strong>Posicionament<\/strong>.<strong>\u00a0<\/strong>Volem que la nostra empresa es doni a con\u00e8ixer en un mercat determinat. Se sol vincular amb l\u2019objectiu de notorietat o <em>awareness<\/em>. Si ens donem a con\u00e8ixer, augmentaran les possibilitats d\u2019incrementar els ingressos i, per tant, els beneficis.<\/li>\n<li><strong>Fidelitzar els nostres clients perqu\u00e8 tornin a \u00abcomprar\u00bb<\/strong>. Aix\u00f2 ho podem aconseguir amb una bona atenci\u00f3 al client i amb estrat\u00e8gies per millorar l\u2019<em>engagement<\/em> del nostre p\u00fablic amb nosaltres.<\/li>\n<\/ul>\n<h2>KPI en <em>social media<\/em><\/h2>\n<p>Quant als objectius de <em>social media<\/em>, aquests hauran d\u2019ajudar a assolir els objectius del negoci. A continuaci\u00f3, analitzarem tres dels principals aspectes que es persegueix millorar en <em>social media<\/em> i amb quins KPI (indicadors clau de rendiment) podem mesurar la seva consecuci\u00f3. Com veureu en els recursos d\u2019aprenentatge, hi ha altres aspectes, com la retenci\u00f3 de clients o la captura d\u2019<em>influencers<\/em> que esdevinguin prescriptors de la nostra marca.<\/p>\n<h3><em>Awareness<\/em> o notorietat<\/h3>\n<p>Amb aquest objectiu busquem donar a con\u00e8ixer la nostra marca o empresa i que els nostres continguts a les xarxes socials arribin al nombre m\u00e9s gran d\u2019usuaris possibles i tinguin la m\u00e0xima visibilitat. Sol ser un objectiu per aconseguir posicionament i, sovint, es complementa amb un altre objectiu que pot anar dirigit al fet que l\u2019usuari faci una acci\u00f3 concreta (per exemple, deixar les seves dades, comprar o interactuar amb nosaltres).<\/p>\n<p>Principals indicadors d\u2019<em>awareness<\/em> (KPI) &#8211; indicadors de volum:<\/p>\n<ol>\n<li><strong>Abast o <\/strong><strong><em>reach<\/em><\/strong>: nombre de persones o usuaris \u00fanics que han vist a la seva pantalla una publicaci\u00f3 en una xarxa social.<\/li>\n<li><strong>Impressions<\/strong>: nombre de vegades que es mostra una publicaci\u00f3, independentment dels usuaris \u00fanics a qu\u00e8 estiguem impactant. \u00c9s a dir, a una mateixa persona li poden arribar dues impressions del mateix contingut. Per aix\u00f2, les impressions quasi sempre s\u00f3n superiors en nombre que l\u2019abast o <em>reach<\/em>.<\/li>\n<li><strong>Freq\u00fc\u00e8ncia<\/strong>: nombre de vegades que un usuari \u00e9s impactat per una mateixa publicaci\u00f3. Es calcula dividint el nombre d\u2019impressions per l\u2019abast. Normalment, les ag\u00e8ncies de planificaci\u00f3 de mitjans, que gestionen la inversi\u00f3 de publicitat en grans campanyes, poden fixar una freq\u00fc\u00e8ncia m\u00e0xima desitjada, de manera que asseguren que cada usuari no \u00e9s impactat m\u00e9s de <em>X<\/em> vegades per la nostra campanya.<\/li>\n<li><strong>Visualitzacions de v\u00eddeo<\/strong>: les reproduccions de contingut audiovisual se solen considerar, en molts casos, indicadors de notorietat i <em>awareness<\/em>. \u00c9s important fixar-nos en els criteris que t\u00e9 cada xarxa social per aportar aquests resultats. Algunes xarxes socials ofereixen diferents xifres de visualitzacions segons si l\u2019usuari ha vist tres segons del v\u00eddeo, deu segons o el v\u00eddeo complert. Aix\u00f2 ens ha de servir, per exemple, per treure conclusions sobre si estem elaborant v\u00eddeos massa llargs (en el cas que el percentatge d\u2019usuaris que veuen el v\u00eddeo complert sigui excessivament baix).<\/li>\n<\/ol>\n<h3>Interaccions o <em>engagement<\/em><\/h3>\n<p>No solament busquem arribar a impactar l\u2019usuari, sin\u00f3 que aquest interactu\u00ef amb nosaltres d\u2019alguna manera: que mostri el seu inter\u00e8s. Es tracta d\u2019un objectiu m\u00e9s qualitatiu que l\u2019anterior.<\/p>\n<p>Principals indicadors d\u2019<em>engagement<\/em> (KPI) &#8211; indicadors d\u2019inter\u00e8s:<\/p>\n<ol>\n<li><strong>Interaccions<\/strong>: depenen de cada xarxa social, per\u00f2 les principals s\u00f3n reaccions, m\u2019agrada o recomanacions, comentaris, repiulades i <em>shares<\/em>. Els clics a la publicaci\u00f3 que fa l\u2019usuari (per exemple, si clica sobre una imatge per fer-la m\u00e9s gran) tamb\u00e9 s\u2019inclouen dins les interaccions en algunes plataformes, tot i que \u00e9s un indicador menys qualitatiu i a vegades es decideix deixar fora dels informes.<\/li>\n<li><strong>Mencions<\/strong>: es considera una menci\u00f3 cada vegada que un usuari publica sobre la marca a les xarxes socials. \u00c9s un nivell de comprom\u00eds amb la marca superior a la interacci\u00f3, ja que en una menci\u00f3 l\u2019usuari fa una publicaci\u00f3, emet un missatge. Entenem per <em>menci\u00f3<\/em> una piulada o apunt, un RT, una not\u00edcia <em>online<\/em> o una entrada en un f\u00f2rum. Gr\u00e0cies a les eines de <em>social listening<\/em> o monitoritzaci\u00f3, es poden classificar les mencions en positives, negatives i neutres.<\/li>\n<li><strong>Seguidors<\/strong>: \u00e9s un indicador que es pot vincular a l\u2019<em>engagement<\/em> o convertir-se en un objectiu separat. Es tracta del nombre de fans o <em>followers<\/em> que t\u00e9 una marca en una determinada xarxa social. Se solen mesurar els nous seguidors aconseguits en un per\u00edode determinat, els seguidors perduts (percentatge de <em>churn rate<\/em>) i el percentatge de creixement.<\/li>\n<\/ol>\n<h3>Tr\u00e0fic a la web, captaci\u00f3 de <em>leads<\/em> i venda <em>online<\/em><\/h3>\n<p>En aquest objectiu, busquem que l\u2019usuari no solament vegi els nostres continguts o faci alguna interacci\u00f3 amb nosaltres a les xarxes socials, sin\u00f3 que tamb\u00e9 volem que faci clic en un enlla\u00e7 que estar\u00e0 incl\u00f2s en una publicaci\u00f3 de les xarxes, acabi arribant a la nostra p\u00e0gina web, i un cop all\u00e0:<\/p>\n<ol>\n<li>consumeixi certa informaci\u00f3 (per exemple, llegeixi el nostre cat\u00e0leg de serveis),<\/li>\n<li>ens deixi les seves dades (captaci\u00f3 de <em>leads<\/em> o clients potencials), o<\/li>\n<li>acabi fent una compra <em>online<\/em>.<\/li>\n<\/ol>\n<p>Un cop aconseguim les seves dades (<em>lead<\/em>), els podem enviar informaci\u00f3 d\u2019inter\u00e8s per mitj\u00e0 del m\u00e0rqueting per correu electr\u00f2nic o fer estrat\u00e8gies de seguiment m\u00e9s personalitzades per entendre qu\u00e8 necessiten, fins que aconseguim que es converteixin en els nostres clients i, si ja ho s\u00f3n, fidelitzar-los i que tornin a comprar en un futur.<\/p>\n<p>Principals indicadors de tr\u00e0fic, captaci\u00f3 de <em>leads<\/em> i venda <em>online<\/em> (KPI) &#8211; indicador d\u2019acci\u00f3 (o conversi\u00f3):<\/p>\n<ol>\n<li><strong>Clic a la web<\/strong>: nombre de vegades que un usuari ha clicat l\u2019enlla\u00e7 incl\u00f2s en una publicaci\u00f3 de les xarxes socials per accedir a una <em>landing page<\/em> o p\u00e0gina d\u2019aterratge.<\/li>\n<li><strong>Visites a la web (<em>sessions<\/em>)<\/strong>: nombre d\u2019usuaris que han navegat per la nostra web. Per mitj\u00e0 de Google Analytics, podem arribar a saber quantes sessions provenen de cada xarxa social. \u00c9s important saber que les visites sempre seran inferiors al nombre de clics a l\u2019enlla\u00e7, ja que sempre cal preveure un percentatge de <a class=\"tooltip\" aria-describedby=\"popover\" href=\"javascript:void(0);\" data-toggle=\"popover\" data-placement=\"bottom\" data-content=\"Usuaris que cliquen l\u2019enlla\u00e7, per\u00f2 que, per exemple, a causa d\u2019un temps de c\u00e0rrega de la p\u00e0gina massa alt, acaben abandonant i no arriben a entrar a la web.\">caiguda<\/a>.<\/li>\n<li><strong>Temps de visita mitj\u00e0<\/strong>: mitjana de minuts que els usuaris han estat navegant a la web.<\/li>\n<li><strong><em>Lead<\/em><\/strong>: client potencial. Usuari que ha deixat les seves dades en un formulari de registre de la web. A vegades, tamb\u00e9 es poden deixar en <a class=\"tooltip\" aria-describedby=\"popover\" href=\"javascript:void(0);\" data-toggle=\"popover\" data-placement=\"bottom\" data-content=\"Per exemple, Facebook t\u00e9 l\u2019eina Facebook Leads Ads que permet que l\u2019usuari deixi les seves dades en un formulari vinculat a la publicaci\u00f3, sense sortir de l\u2019entorn de la plataforma.\">formularis ubicats a les mateixes xarxes<\/a>.<\/li>\n<li><strong>Vendes<\/strong>: nombre de transaccions econ\u00f2miques o vendes que s\u2019han generat mitjan\u00e7ant la web o directament en alguna <a class=\"tooltip\" aria-describedby=\"popover\" href=\"javascript:void(0);\" data-toggle=\"popover\" data-placement=\"bottom\" data-content=\"Per exemple, Instagram permet comprar directament sense sortir de l\u2019aplicaci\u00f3.\">xarxa social<\/a>. Per mitj\u00e0 de la configuraci\u00f3 de Google Analytics, podem arribar a saber quantes vendes s\u2019han fet des de cada xarxa social.<\/li>\n<\/ol>\n<p>Els indicadors que acabem de veure ens serveixen per tenir valors absoluts, per\u00f2 ens aportaran poca informaci\u00f3 sobre si estem sent eficients i efica\u00e7os en la nostra estrat\u00e8gia.\u00a0Per aix\u00f2, els indicadors seg\u00fcents s\u00f3n clau en qualsevol informe de <em>social media<\/em>.<\/p>\n<h3>Indicadors vinculats amb l\u2019efici\u00e8ncia<\/h3>\n<div class=\"featured featured-blue\"><p>L\u2019<strong>efici\u00e8ncia<\/strong> ens indicar\u00e0 que obtenim bons resultats respecte de la inversi\u00f3 que estem fent, \u00e9s a dir, l&#8217;\u00fas eficient dels recursos econ\u00f2mics.<\/p>\n<div style=\"clear:both\"><\/div><\/div>\n<ol>\n<li><strong>Inversi\u00f3<\/strong>: pressupost que estem destinant a publicitat a les xarxes socials.<\/li>\n<li><strong>CPM<\/strong>: cost per mil impressions. Aquest indicador ens dona el term\u00f2metre de si una campanya ens est\u00e0 sent m\u00e9s o menys econ\u00f2mica en <em>awareness<\/em>. Hi ha moltes variables que determinen aquest cost, per\u00f2 si el CPM est\u00e0 sent massa alt, ens haur\u00edem de plantejar aplicar algun canvi a la creativitat, a la segmentaci\u00f3 o, fins i tot, canviar de xarxa social.<br \/>\n<em>CPM<\/em> = (Import consumit\/Nombre d\u2019impressions) x 1.000<\/li>\n<li><strong>CPV<\/strong>: cost per visualitzaci\u00f3 de v\u00eddeo en una xarxa social. Ens diu quant ens costa cada reproducci\u00f3. Hem de vigilar, de nou, per saber si \u00e9s un CPV a tres segons o a v\u00eddeo complert, ja que la interpretaci\u00f3 seria molt diferent.<br \/>\n<em>CPV<\/em> = Import consumit\/Nombre de visualitzacions<\/li>\n<li><strong>CPI<\/strong>: cost per interacci\u00f3 en una publicaci\u00f3. Indica el cost que ha tingut cadascuna de les interaccions que han fet els usuaris amb les nostres publicacions.<br \/>\n<em>CPI<\/em> = Import consumit\/Nombre d\u2019interaccions<\/li>\n<li><strong>CPC<\/strong> o <strong>CPLC<\/strong>: cost per clic (s\u2019expressa com a <em>cost per<\/em> <em>click<\/em> o <em>cost per link click<\/em>). Hem de vigilar no confondre els clics a la publicaci\u00f3 (que formen part de les interaccions) amb els clics a l\u2019enlla\u00e7 web.<br \/>\n<em>CPC<\/em> = Import consumit\/Nombre de clics<\/li>\n<\/ol>\n<h3>Indicadors d\u2019efic\u00e0cia<\/h3>\n<div class=\"featured featured-blue\"><p>L\u2019<strong>efic\u00e0cia<\/strong> ens demostrar\u00e0 que la campanya est\u00e0 generant inter\u00e8s, est\u00e0 sent rellevant per l\u2019usuari i si estem assolint els nostres objectius. Consisteix en la efectivitat de la campanya per assolir els objectius fixats.<\/p>\n<div style=\"clear:both\"><\/div><\/div>\n<p>Per aix\u00f2, els indicadors seg\u00fcents s\u00f3n clau en qualsevol informe de <em>social media<\/em>:<\/p>\n<ol>\n<li><strong>CTR<\/strong>\u00a0(<em>click through rate<\/em>): es tracta d\u2019un dels indicadors imprescindibles en <em>social media<\/em>. Ens diu el nombre de clics que han fet els usuaris d\u2019acord amb el nombre total d\u2019usuaris que han vist la publicaci\u00f3 en q\u00fcesti\u00f3. Ens dona el pols de l\u2019inter\u00e8s i atracci\u00f3 que desperta la campanya entre l\u2019audi\u00e8ncia. Es calcula dividint els clics entre les impressions o abast i multiplicant-ho per 100.<br \/>\n<em>CTR<\/em> = (Nombre de clics\/Nombre d\u2019impressions) x 100<\/li>\n<li><strong><em>Engagement rate<\/em><\/strong>: percentatge d\u2019interacci\u00f3 dels usuaris amb els continguts publicats (v\u00eddeos, enlla\u00e7os, imatges, etc.). Es pot calcular amb el total d\u2019interaccions sobre el total de seguidors, sobre el total d\u2019impressions o sobre el total de <em>reach<\/em> (usuaris \u00fanics). En tots els casos, el percentatge ens dona la proporci\u00f3 de l\u2019audi\u00e8ncia que ha consumit el contingut i que hi ha interactuat. Es calcula dividint les interaccions entre les impressions o abast i multiplicant-ho per 100.<br \/>\n<em>ER<\/em> = (Nombre d\u2019interaccions\/Nombre d\u2019impressions) x 100<\/li>\n<li><strong>VTR<\/strong>\u00a0(<em>video through rate<\/em>): nombre de reproduccions sobre el total d\u2019usuaris que han vist la publicaci\u00f3 que cont\u00e9 el v\u00eddeo. Es calcula dividint les visualitzacions entre les impressions o abast i multiplicant-ho per 100.<br \/>\n<em>VTR<\/em> = (Nombre de visualitzacions\/Nombre d\u2019impressions) x 100<\/li>\n<li><strong>R\u00e0tio de conversi\u00f3<\/strong>: percentatge d\u2019usuaris que acaben fent una acci\u00f3, respecte del total d\u2019usuaris impactats a les xarxes socials o respecte del total d\u2019usuaris que visiten la web. Aquesta r\u00e0tio es pot definir per interacci\u00f3 (percentatge d\u2019usuaris impactats que acaben interaccionant), per tr\u00e0fic (que acaben entrant a la web), per <em>leads<\/em> (que acaben deixant les dades) o per venda (que acaben comprant). Per tant, abans de calcular-la haurem de decidir quina acci\u00f3 concreta considerem com a conversi\u00f3 i sobre qu\u00e8 ho comparem: usuaris impactats a les xarxes o usuaris que entren a la web. Es calcula dividint el nombre de conversions entre les impressions o abast i multiplicant-ho per 100.<br \/>\n<em>CR<\/em> = (Nombre de conversions\/Nombre d\u2019impressions) x 100<\/li>\n<\/ol>\n","protected":false},"excerpt":{"rendered":"<p>Com hem dit, els objectius en social media no s\u2019han de deslligar mai dels objectius del negoci. Per aix\u00f2, \u00e9s impossible definir uns objectius en social media sense con\u00e8ixer abans els del nostre negoci. En tots els casos, els objectius han de ser SMART. El terme SMART objectives va ser encunyat per primera vegada per [&hellip;]<\/p>\n","protected":false},"author":1,"featured_media":0,"parent":0,"menu_order":0,"comment_status":"closed","ping_status":"closed","template":"","meta":[],"acf":[],"_links":{"self":[{"href":"http:\/\/social-media-strategy.aula.uoc.edu\/plan\/wp-json\/wp\/v2\/pages\/18"}],"collection":[{"href":"http:\/\/social-media-strategy.aula.uoc.edu\/plan\/wp-json\/wp\/v2\/pages"}],"about":[{"href":"http:\/\/social-media-strategy.aula.uoc.edu\/plan\/wp-json\/wp\/v2\/types\/page"}],"author":[{"embeddable":true,"href":"http:\/\/social-media-strategy.aula.uoc.edu\/plan\/wp-json\/wp\/v2\/users\/1"}],"replies":[{"embeddable":true,"href":"http:\/\/social-media-strategy.aula.uoc.edu\/plan\/wp-json\/wp\/v2\/comments?post=18"}],"version-history":[{"count":12,"href":"http:\/\/social-media-strategy.aula.uoc.edu\/plan\/wp-json\/wp\/v2\/pages\/18\/revisions"}],"predecessor-version":[{"id":80,"href":"http:\/\/social-media-strategy.aula.uoc.edu\/plan\/wp-json\/wp\/v2\/pages\/18\/revisions\/80"}],"wp:attachment":[{"href":"http:\/\/social-media-strategy.aula.uoc.edu\/plan\/wp-json\/wp\/v2\/media?parent=18"}],"curies":[{"name":"wp","href":"https:\/\/api.w.org\/{rel}","templated":true}]}}