{"id":75,"date":"2022-03-09T09:46:06","date_gmt":"2022-03-09T09:46:06","guid":{"rendered":"http:\/\/social-media-strategy.aula.uoc.edu\/planificacio\/?page_id=75"},"modified":"2022-03-09T12:31:09","modified_gmt":"2022-03-09T12:31:09","slug":"2-definicion-de-los-objetivos-en-las-redes-sociales-y-sus-respectivos-kpi","status":"publish","type":"page","link":"http:\/\/social-media-strategy.aula.uoc.edu\/plan\/es\/2-definicion-de-los-objetivos-en-las-redes-sociales-y-sus-respectivos-kpi\/","title":{"rendered":"2. Definici\u00f3n de los objetivos en las redes sociales y sus respectivos KPI"},"content":{"rendered":"<p>Como hemos dicho, los objetivos en <em>social media<\/em> no se pueden desligar nunca de los objetivos propios del negocio. Es imposible definir unos objetivos en <em>social media<\/em> sin conocer antes los de nuestro negocio. No obstante, en todos los casos, los objetivos tienen que ser <strong>SMART<\/strong>. El t\u00e9rmino <em>SMART<\/em> <em>objetives<\/em> fue acu\u00f1ado por primera vez por Dojan, por sus siglas en ingl\u00e9s (1981). Sin embargo, el acr\u00f3nimo ha ido evolucionando y hoy se suele referir a que los objetivos han de ser: <em>Specific<\/em> (espec\u00edficos), <em>Mesurables<\/em> (medibles), <em>Achievable<\/em> (alcanzables), <em>Relevant<\/em> (relevantes) y <em>Time adjusted<\/em> (ajustados en el tiempo) (Bjerke y Renger, 2017).<\/p>\n<table>\n<tbody>\n<tr class=\"table-header\">\n<td width=\"73\">Acr\u00f3nimo<\/td>\n<td width=\"94\">Objetivos<\/td>\n<td width=\"82\">Pregunta<\/td>\n<td width=\"200\">Descripci\u00f3n<\/td>\n<td width=\"190\">Ejemplo<\/td>\n<\/tr>\n<tr>\n<td width=\"73\"><strong>S<\/strong><\/td>\n<td width=\"94\">Espec\u00edficos<\/td>\n<td width=\"82\"><em>What<\/em><\/td>\n<td width=\"200\">Relacionarlos con un indicador clave de rendimiento.<\/td>\n<td width=\"190\">Incrementar las impresiones en la p\u00e1gina de Facebook de mi marca<\/td>\n<\/tr>\n<tr>\n<td width=\"73\"><strong>M<\/strong><\/td>\n<td width=\"94\">Medibles<\/td>\n<td width=\"82\"><em>How much<\/em><\/td>\n<td width=\"200\">Especificar el punto de partida o el punto de llegada de los indicadores de rendimiento.<\/td>\n<td width=\"190\">desde las 1.500 a las 6.500 impresiones mensuales<\/td>\n<\/tr>\n<tr>\n<td width=\"73\"><strong>A<\/strong><\/td>\n<td width=\"94\">Alcanzables<\/td>\n<td width=\"82\"><em>How<\/em><\/td>\n<td width=\"200\">Explicar cu\u00e1les son los recursos con que se cuenta para poder lograr los objetivos.<\/td>\n<td width=\"190\">a partir del trabajo <em>in<\/em> <em>house<\/em> de la <em>social media optimization<\/em><\/td>\n<\/tr>\n<tr>\n<td width=\"73\"><strong>R<\/strong><\/td>\n<td width=\"94\">Relevantes<\/td>\n<td width=\"82\"><em>Why<\/em><\/td>\n<td width=\"200\">Conectarlos con los objetivos corporativos, por qu\u00e9 son objetivos relevantes para la marca.<\/td>\n<td width=\"190\">para tener un impacto m\u00e1s grande en la sociedad sobre nuestros temas de inter\u00e9s<\/td>\n<\/tr>\n<tr>\n<td width=\"73\"><strong>T<\/strong><\/td>\n<td width=\"94\">Ajustados en el tiempo<\/td>\n<td width=\"82\"><em>When<\/em><\/td>\n<td width=\"200\">Especificar cu\u00e1ndo se tienen que lograr los objetivos.<\/td>\n<td width=\"190\">en el mes de diciembre del a\u00f1o en curso.<\/td>\n<\/tr>\n<\/tbody>\n<\/table>\n<div class=\"tablefooter\">Tabla 1<br \/>\nFuente: elaboraci\u00f3n propia<div style=\"clear:both\"><\/div><\/div>\n<p>Si la redacci\u00f3n del objetivo no es SMART, dif\u00edcilmente se podr\u00e1n medir los resultados. No podremos evaluar el alcance si no sabemos el punto de partida a la hora de implementar el plan de <em>social<\/em> <em>media<\/em> o por qu\u00e9 tendr\u00edamos que apoyar este objetivo.<\/p>\n<div class=\"featured featured-grey\"><p>Los KPI (indicadores clave de rendimiento) de los <em>social media<\/em> son el elemento principal para poder medir los objetivos SMART.<\/p>\n<div style=\"clear:both\"><\/div><\/div>\n<p>Hay muchos objetivos de negocio, pero un elemento com\u00fan en la mayor\u00eda de los negocios es su orientaci\u00f3n hacia los beneficios.\u00a0El\u00a0incremento de beneficios se puede lograr de dos maneras:<\/p>\n<ol>\n<li>Disminuci\u00f3n de los gastos por medio de la mejora de la eficiencia o la disminuci\u00f3n de la inversi\u00f3n.<\/li>\n<li>Aumento de los ingresos, sobre todo por medio del incremento de las ventas.<\/li>\n<\/ol>\n<p>Otros aspectos importantes que acabar\u00e1n repercutiendo en el anterior podr\u00edan ser:<\/p>\n<ul>\n<li><strong>Posicionamiento<\/strong>. Queremos que nuestra empresa se d\u00e9 a conocer en un mercado determinado. Se suele vincular con el objetivo de notoriedad o <em>awareness<\/em>. Si nos damos a conocer, aumentar\u00e1n las posibilidades de incrementar los ingresos y, por tanto, los beneficios.<\/li>\n<li><strong>Fidelizar a nuestros clientes para que vuelvan a \u00abcomprar\u00bb<\/strong>. Para ello, debemos contar con una buena atenci\u00f3n al cliente y con estrategias para mejorar el <em>engagement<\/em> de nuestro p\u00fablico con nosotros.<\/li>\n<\/ul>\n<h2>KPI en <em>social media<\/em><\/h2>\n<p>Los objetivos de <em>social<\/em> <em>media<\/em> deben contribuir a lograr los objetivos del negocio. A continuaci\u00f3n, analizaremos tres de los principales aspectos que se persigue mejorar en <em>social media<\/em> y con qu\u00e9 KPI (indicadores clave de rendimiento) podemos medir su consecuci\u00f3n. C\u00f3mo ver\u00e9is en los recursos de aprendizaje, hay otros aspectos que deberemos tener en cuenta, como la retenci\u00f3n de clientes o la atracci\u00f3n de <em>influencers<\/em> para que se conviertan en prescriptores de nuestra marca.<\/p>\n<h3><em>Awareness<\/em> o notoriedad<\/h3>\n<p>Con este objetivo buscamos dar a conocer nuestra marca o empresa, y que nuestros contenidos en las redes sociales lleguen al mayor n\u00famero de usuarios posible y tengan la m\u00e1xima visibilidad. Suele ser un objetivo para conseguir posicionamiento y, a menudo, se complementa con otro objetivo que puede ir dirigido a que el usuario haga una acci\u00f3n concreta (por ejemplo, proporcionar sus datos, comprar o interactuar con nosotros).<\/p>\n<p>Principales indicadores de <em>awareness<\/em> (KPI) &#8211; indicadores de volumen:<\/p>\n<ol>\n<li><strong>Alcance o <em>reach<\/em><\/strong>: n\u00famero de personas o usuarios \u00fanicos que han visto en su pantalla una publicaci\u00f3n en una red social.<\/li>\n<li><strong>Impresiones<\/strong>: n\u00famero de veces que se muestra una publicaci\u00f3n, independientemente de los usuarios \u00fanicos a los que estemos impactando. Es decir, a una misma persona le pueden llegar dos impresiones del mismo contenido. Por eso, las impresiones casi siempre son superiores en n\u00famero que el alcance o <em>reach<\/em>.<\/li>\n<li><strong>Frecuencia<\/strong>: n\u00famero de veces que un usuario es impactado por una misma publicaci\u00f3n. Se calcula dividiendo el n\u00famero de impresiones por el alcance. Normalmente, las agencias de planificaci\u00f3n de medios, que gestionan la inversi\u00f3n de publicidad en grandes campa\u00f1as, pueden fijar una frecuencia m\u00e1xima deseada, para asegurar que cada usuario no sea impactado m\u00e1s de <em>X<\/em> veces por nuestra campa\u00f1a.<\/li>\n<li><strong>Visualizaciones de v\u00eddeo<\/strong>: las reproducciones de contenido audiovisual se suelen considerar, en muchos casos, indicadores de notoriedad y <em>awareness<\/em>. Es importante fijarnos en los criterios que tiene cada red social para aportar estos resultados. Algunas redes sociales ofrecen diferentes cifras de visualizaciones seg\u00fan si el usuario ha visto tres segundos del v\u00eddeo, diez segundos o el v\u00eddeo completo. Esto nos puede servir, por ejemplo, para sacar conclusiones sobre si estamos elaborando v\u00eddeos demasiado largos (en el caso de que el tanto por ciento de usuarios que ven el v\u00eddeo completo sea excesivamente bajo).<\/li>\n<\/ol>\n<h3>Interacciones o <em>engagement<\/em><\/h3>\n<p>No solamente buscamos impactar en el usuario, sino que interact\u00fae con nosotros de alguna manera: que muestre su inter\u00e9s. Se trata de un objetivo m\u00e1s cualitativo que el anterior.<\/p>\n<p>Principales indicadores de <em>engagement<\/em> (KPI) &#8211; indicadores de inter\u00e9s:<\/p>\n<ol>\n<li><strong>Interacciones<\/strong>: dependen de cada red social, pero las principales son reacciones, me gusta o recomendaciones, comentarios, retuits y <em>shares<\/em>. Los clics que hace el usuario en la publicaci\u00f3n (por ejemplo, si clica sobre una imagen para hacerla m\u00e1s grande) tambi\u00e9n se incluyen dentro de las interacciones en algunas plataformas, a pesar de que es un indicador menos cualitativo, por lo que a veces se decide dejar fuera de los informes.<\/li>\n<li><strong>Menciones<\/strong>: se considera una menci\u00f3n cada vez que un usuario publica sobre la marca en las redes sociales. Es un nivel de compromiso con la marca superior a la interacci\u00f3n, puesto que en una menci\u00f3n, el usuario hace una publicaci\u00f3n, emite un mensaje. Entendemos por <em>menci\u00f3n<\/em> un tuit o apunte, un RT, una noticia en l\u00ednea o una entrada en un foro. Gracias a las herramientas de <em>social<\/em> <em>listening<\/em> o monitorizaci\u00f3n, se pueden clasificar las menciones en positivas, negativas y neutras.<\/li>\n<li><strong>Seguidores<\/strong>: es un indicador que se puede vincular al<em> engagement<\/em> o convertirse en un objetivo en s\u00ed mismo. Se trata del n\u00famero de fans o <em>followers<\/em> que tiene una marca en una determinada red social. Se suelen medir los nuevos seguidores conseguidos en un per\u00edodo determinado, los seguidores perdidos (porcentaje de <em>churn<\/em> <em>rate<\/em>) y el tanto por ciento de crecimiento.<\/li>\n<\/ol>\n<h3>Tr\u00e1fico en la web, captaci\u00f3n de <em>leads<\/em> y venta en l\u00ednea<\/h3>\n<p>En este objetivo, buscamos que el usuario no solamente vea nuestros contenidos o haga alguna interacci\u00f3n con nosotros en las redes sociales, sino que tambi\u00e9n queremos que haga clic en un enlace que estar\u00e1 incluido en una publicaci\u00f3n en las redes, acabe llegando a nuestra p\u00e1gina web y, una vez all\u00ed:<\/p>\n<ol>\n<li>consuma cierta informaci\u00f3n (por ejemplo, lea nuestro cat\u00e1logo de servicios),<\/li>\n<li>nos proporcione sus datos (captaci\u00f3n de <em>leads<\/em> o clientes potenciales), y<\/li>\n<li>acabe haciendo una compra en l\u00ednea.<\/li>\n<\/ol>\n<p>Si hemos conseguido sus datos (<em>lead<\/em>), les podremos enviar informaci\u00f3n de inter\u00e9s por medio del marketing por correo electr\u00f3nico o llevar a cabo estrategias de seguimiento m\u00e1s personalizadas para entender qu\u00e9 necesitan, hasta que consigamos que se conviertan en nuestros clientes y, si ya lo son, fidelizarlos y que vuelvan a comprar en un futuro.<\/p>\n<p>Principales indicadores de tr\u00e1fico, captaci\u00f3n de <em>leads<\/em> y venta en l\u00ednea (KPI) &#8211; indicador de acci\u00f3n (o conversi\u00f3n):<\/p>\n<ol>\n<li><strong>Clic en la web<\/strong>: n\u00famero de veces que un usuario ha clicado el enlace incluido en una publicaci\u00f3n en las redes sociales para acceder a una <em>landing page<\/em> o p\u00e1gina de aterrizaje.<\/li>\n<li><strong>Visitas en la web (<\/strong><strong><em>sessions<\/em>)<\/strong>: n\u00famero de usuarios que han navegado por nuestra web. Por medio de Google Analytics, podemos llegar a saber cu\u00e1ntas sesiones provienen de cada red social. Es importante saber que las visitas siempre ser\u00e1n inferiores al n\u00famero de clics en el enlace, puesto que siempre hay que prever un tanto por ciento de <a class=\"tooltip\" aria-describedby=\"popover\" href=\"javascript:void(0);\" data-toggle=\"popover\" data-placement=\"bottom\" data-content=\"Usuarios que clican en el enlace, pero que, por ejemplo, debido a un tiempo de carga de la p\u00e1gina demasiado alto, acaban abandonando y no llegan a entrar en la web.\">ca\u00edda<\/a>.<\/li>\n<li><strong>Tiempo de visita medio<\/strong>: media de minutos que los usuarios han estado navegando en la web.<\/li>\n<li><strong><em>Lead<\/em><\/strong>: cliente potencial. Usuario que ha dejado sus datos en un formulario de registro de la web. A veces, tambi\u00e9n se pueden dejar en <a class=\"tooltip\" aria-describedby=\"popover\" href=\"javascript:void(0);\" data-toggle=\"popover\" data-placement=\"bottom\" data-content=\"Por ejemplo, Facebook tiene la herramienta Facebook Leads Ads que permite que el usuario deje sus datos en un formulario vinculado a la publicaci\u00f3n, sin salir del entorno de la plataforma.\">formularios ubicados en las mismas redes<\/a>.<\/li>\n<li><strong>Ventas<\/strong>: n\u00famero de transacciones econ\u00f3micas o ventas que se han generado mediante la web o directamente en alguna <a class=\"tooltip\" aria-describedby=\"popover\" href=\"javascript:void(0);\" data-toggle=\"popover\" data-placement=\"bottom\" data-content=\"Por ejemplo, Instagram permite comprar directamente sin salir de la aplicaci\u00f3n.\">red social<\/a>. Por medio de la configuraci\u00f3n de Google Analytics, podemos llegar a saber cu\u00e1ntas ventas se han hecho desde cada red social.<\/li>\n<\/ol>\n<p>Los indicadores que acabamos de ver nos sirven para obtener valores absolutos, pero nos aportar\u00e1n poca informaci\u00f3n sobre si estamos siendo eficientes y eficaces en nuestra estrategia.\u00a0Por eso, los indicadores siguientes son clave en cualquier informe de <em>social<\/em> <em>media.<\/em><\/p>\n<h3>Indicadores vinculados con la eficiencia<\/h3>\n<div class=\"featured featured-blue\"><p>La <strong>eficiencia<\/strong> nos indicar\u00e1 que obtenemos buenos resultados respecto de la inversi\u00f3n que estamos haciendo, es decir, el uso eficiente de los recursos econ\u00f3micos.<\/p>\n<div style=\"clear:both\"><\/div><\/div>\n<ol>\n<li><strong>Inversi\u00f3n<\/strong>: presupuesto que estamos destinando a publicidad en las redes sociales.<\/li>\n<li><strong>CPM<\/strong>: coste por mil impresiones. Este indicador nos muestra el term\u00f3metro para saber si una campa\u00f1a est\u00e1 siendo m\u00e1s o menos econ\u00f3mica en <em>awareness<\/em>. Hay muchas variables que determinan este coste, pero si el CPM est\u00e1 siendo demasiado alto, nos tendr\u00edamos que plantear aplicar alg\u00fan cambio a la creatividad, a la segmentaci\u00f3n o, incluso, cambiar de red social.<br \/>\n<em>CPM<\/em> = (Importe consumido\/N\u00famero de impresiones) x 1.000<\/li>\n<li><strong>CPV<\/strong>: coste por visualizaci\u00f3n de v\u00eddeo en una red social. Nos dice cu\u00e1nto nos cuesta cada reproducci\u00f3n. De nuevo, debemos tener en cuenta si es un CPV a tres segundos o a v\u00eddeo completo, puesto que la interpretaci\u00f3n ser\u00eda muy diferente.<br \/>\n<em>CPV<\/em> = Importe consumido\/N\u00famero de visualizaciones<\/li>\n<li><strong>CPI<\/strong>: coste por interacci\u00f3n en una publicaci\u00f3n. Indica el coste que ha tenido cada una de las interacciones que han hecho los usuarios con nuestras publicaciones.<br \/>\n<em>CPI<\/em> = Importe consumido\/N\u00famero de interacciones<\/li>\n<li><strong>CPC<\/strong> o <strong>CPLC<\/strong>: coste por clic (se expresa como <em>coste por<\/em> <em>click<\/em> o <em>coste<\/em> <em>por link click<\/em>). Debemos tener cuidado de no confundir los clics en la publicaci\u00f3n (que forman parte de las interacciones) con los clics en el enlace web.<br \/>\n<em>CPC<\/em> = Importe consumido\/N\u00famero de clics<\/li>\n<\/ol>\n<h3>Indicadores de eficacia<\/h3>\n<div class=\"featured featured-blue\"><p>La <strong>eficacia<\/strong> nos demostrar\u00e1 que la campa\u00f1a est\u00e1 generando inter\u00e9s, est\u00e1 siendo relevante para el usuario y si estamos logrando nuestros objetivos.\u00a0Consiste en la\u00a0efectividad de la campa\u00f1a para lograr los objetivos fijados.<\/p>\n<div style=\"clear:both\"><\/div><\/div>\n<ol>\n<li><strong>CTR<\/strong>\u00a0(<em>click through rate<\/em>): se trata de uno de los indicadores imprescindibles en <em>social media<\/em>. Nos dice el n\u00famero de clics que han hecho los usuarios de acuerdo con el n\u00famero total de usuarios que han visto la publicaci\u00f3n en cuesti\u00f3n. Nos muestra el pulso del inter\u00e9s y la atracci\u00f3n que despiertan la campa\u00f1a entre la audiencia. Se calcula dividiendo los clics entre las impresiones o alcance, y multiplicando el resultado por 100.<br \/>\n<em>CTR<\/em> = (N\u00famero de clics\/N\u00famero de impresiones) x 100<\/li>\n<li><strong><em>Engagement rate<\/em><\/strong>: porcentaje de interacci\u00f3n de los usuarios con los contenidos publicados (v\u00eddeos, enlaces, im\u00e1genes, etc.). Se puede calcular con el total de interacciones sobre el total de seguidores, sobre el total de impresiones o sobre el total de <em>reach<\/em> (usuarios \u00fanicos). En todos los casos, el resultado nos da la proporci\u00f3n de la audiencia que ha consumido el contenido y que ha interactuado. Se calcula dividiendo las interacciones entre las impresiones o alcance, y multiplicando el resultado por 100.<br \/>\n<em>ER<\/em> = (N\u00famero de interacciones\/N\u00famero de impresiones) x 100<\/li>\n<li><strong>VTR<\/strong>\u00a0(<em>video through rate<\/em>): n\u00famero de reproducciones sobre el total de usuarios que han visto la publicaci\u00f3n que contiene el v\u00eddeo. Se calcula dividiendo las visualizaciones entre las impresiones o alcance, y multiplicando el resultado por 100.<br \/>\n<em>VTR<\/em> = (N\u00famero de visualizaciones\/N\u00famero de impresiones) x 100<\/li>\n<li><strong>Ratio de conversi\u00f3n<\/strong>: porcentaje de usuarios que acaban haciendo una acci\u00f3n, respecto del total de usuarios impactados en las redes sociales o respecto del total de usuarios que visitan la web. Esta ratio se puede definir por interacci\u00f3n (porcentaje de usuarios impactados que acaban interaccionando), por tr\u00e1fico (los que acaban entrando en la web), por <em>leads<\/em> (los que acaban proporcionando los datos) o por venta (los que acaban comprando). Por tanto, antes de calcularla, tendremos que decidir qu\u00e9 acci\u00f3n concreta consideramos como conversi\u00f3n y con qu\u00e9 la comparamos: usuarios impactados en las redes o usuarios que entran en la web. Se calcula dividiendo el n\u00famero de conversiones entre las impresiones o alcance, y multiplicando el resultado por 100.<br \/>\n<em>CR<\/em> = (N\u00famero de conversiones\/N\u00famero de impresiones) x 100<\/li>\n<\/ol>\n","protected":false},"excerpt":{"rendered":"<p>Como hemos dicho, los objetivos en social media no se pueden desligar nunca de los objetivos propios del negocio. Es imposible definir unos objetivos en social media sin conocer antes los de nuestro negocio. No obstante, en todos los casos, los objetivos tienen que ser SMART. El t\u00e9rmino SMART objetives fue acu\u00f1ado por primera vez [&hellip;]<\/p>\n","protected":false},"author":1,"featured_media":0,"parent":0,"menu_order":0,"comment_status":"closed","ping_status":"closed","template":"","meta":[],"acf":[],"_links":{"self":[{"href":"http:\/\/social-media-strategy.aula.uoc.edu\/plan\/es\/wp-json\/wp\/v2\/pages\/75"}],"collection":[{"href":"http:\/\/social-media-strategy.aula.uoc.edu\/plan\/es\/wp-json\/wp\/v2\/pages"}],"about":[{"href":"http:\/\/social-media-strategy.aula.uoc.edu\/plan\/es\/wp-json\/wp\/v2\/types\/page"}],"author":[{"embeddable":true,"href":"http:\/\/social-media-strategy.aula.uoc.edu\/plan\/es\/wp-json\/wp\/v2\/users\/1"}],"replies":[{"embeddable":true,"href":"http:\/\/social-media-strategy.aula.uoc.edu\/plan\/es\/wp-json\/wp\/v2\/comments?post=75"}],"version-history":[{"count":3,"href":"http:\/\/social-media-strategy.aula.uoc.edu\/plan\/es\/wp-json\/wp\/v2\/pages\/75\/revisions"}],"predecessor-version":[{"id":92,"href":"http:\/\/social-media-strategy.aula.uoc.edu\/plan\/es\/wp-json\/wp\/v2\/pages\/75\/revisions\/92"}],"wp:attachment":[{"href":"http:\/\/social-media-strategy.aula.uoc.edu\/plan\/es\/wp-json\/wp\/v2\/media?parent=75"}],"curies":[{"name":"wp","href":"https:\/\/api.w.org\/{rel}","templated":true}]}}