{"id":72,"date":"2022-03-09T09:06:28","date_gmt":"2022-03-09T09:06:28","guid":{"rendered":"http:\/\/social-media-strategy.aula.uoc.edu\/planificacio\/?page_id=72"},"modified":"2022-03-09T09:06:45","modified_gmt":"2022-03-09T09:06:45","slug":"1-publico-objetivo","status":"publish","type":"page","link":"http:\/\/social-media-strategy.aula.uoc.edu\/plan\/es\/","title":{"rendered":"1. P\u00fablico objetivo"},"content":{"rendered":"<p>Es importante definir cu\u00e1l es nuestro <em>target<\/em>, el p\u00fablico objetivo al que nos queremos dirigir con nuestra estrategia de <em>social<\/em> <em>media<\/em>. Esto condicionar\u00e1 como dise\u00f1aremos toda la estrategia, qu\u00e9 canales elegiremos y qu\u00e9 acciones llevaremos a cabo para que sean relevantes para este p\u00fablico en concreto. A la hora de definir nuestro <em>target<\/em>, tenemos que listar el m\u00e1ximo de caracter\u00edsticas posibles que nos ayuden a definir lo que se conoce como \u00abbuyer persona\u00bb, un cliente imaginario al que a veces incluso se llega a poner nombre, cara y a describir su posible vida. Saber todos estos detalles tambi\u00e9n es clave para poder segmentar nuestras acciones, es decir, filtrarlas para que nuestra comunicaci\u00f3n en las redes sociales solo llegue al grupo de personas que cumplan los requisitos que hemos definido previamente, y no al resto que no entran en nuestro perfil.<\/p>\n<p>A menudo, no solamente habr\u00e1 un \u00fanico <em>target<\/em> para nuestra estrategia, sino que tendremos dos o m\u00e1s. Aun as\u00ed, es importante especificar muy bien cu\u00e1l es nuestro <strong>p\u00fablico estrat\u00e9gico<\/strong> o prioritario y cu\u00e1les son los secundarios.<\/p>\n","protected":false},"excerpt":{"rendered":"<p>Es importante definir cu\u00e1l es nuestro target, el p\u00fablico objetivo al que nos queremos dirigir con nuestra estrategia de social media. Esto condicionar\u00e1 como dise\u00f1aremos toda la estrategia, qu\u00e9 canales elegiremos y qu\u00e9 acciones llevaremos a cabo para que sean relevantes para este p\u00fablico en concreto. A la hora de definir nuestro target, tenemos que [&hellip;]<\/p>\n","protected":false},"author":1,"featured_media":0,"parent":0,"menu_order":0,"comment_status":"closed","ping_status":"closed","template":"","meta":[],"acf":[],"_links":{"self":[{"href":"http:\/\/social-media-strategy.aula.uoc.edu\/plan\/es\/wp-json\/wp\/v2\/pages\/72"}],"collection":[{"href":"http:\/\/social-media-strategy.aula.uoc.edu\/plan\/es\/wp-json\/wp\/v2\/pages"}],"about":[{"href":"http:\/\/social-media-strategy.aula.uoc.edu\/plan\/es\/wp-json\/wp\/v2\/types\/page"}],"author":[{"embeddable":true,"href":"http:\/\/social-media-strategy.aula.uoc.edu\/plan\/es\/wp-json\/wp\/v2\/users\/1"}],"replies":[{"embeddable":true,"href":"http:\/\/social-media-strategy.aula.uoc.edu\/plan\/es\/wp-json\/wp\/v2\/comments?post=72"}],"version-history":[{"count":2,"href":"http:\/\/social-media-strategy.aula.uoc.edu\/plan\/es\/wp-json\/wp\/v2\/pages\/72\/revisions"}],"predecessor-version":[{"id":74,"href":"http:\/\/social-media-strategy.aula.uoc.edu\/plan\/es\/wp-json\/wp\/v2\/pages\/72\/revisions\/74"}],"wp:attachment":[{"href":"http:\/\/social-media-strategy.aula.uoc.edu\/plan\/es\/wp-json\/wp\/v2\/media?parent=72"}],"curies":[{"name":"wp","href":"https:\/\/api.w.org\/{rel}","templated":true}]}}