{"id":224,"date":"2017-11-27T14:28:56","date_gmt":"2017-11-27T14:28:56","guid":{"rendered":"http:\/\/social-media-strategy.aula.uoc.edu\/legal\/3-5-7-comunidades-de-contenidos-youtube\/"},"modified":"2022-11-19T17:21:53","modified_gmt":"2022-11-19T17:21:53","slug":"3-5-7-comunitats-de-continguts-youtube","status":"publish","type":"page","link":"http:\/\/social-media-strategy.aula.uoc.edu\/legal\/3-5-7-comunitats-de-continguts-youtube\/","title":{"rendered":"3.5.7. Comunitats de continguts: YouTube"},"content":{"rendered":"<p>YouTube continua sent el major repositori de v\u00eddeos a la xarxa.<\/p>\n<p>1) Normes sobre contingut<\/p>\n<p>Per a enviar contingut a YouTube simplement caldr\u00e0 registrar-se i respectar les seg\u00fcents pautes, que figuren en els \u00abTermes i condicions del servei\u00bb:<\/p>\n<ul>\n<li>\u00abNo publicar continguts il\u00b7legals. YouTube prohibeix la divulgaci\u00f3 de qualsevol contingut que contingui material la possessi\u00f3 del qual sigui il\u00b7legal per a vost\u00e8 al seu pa\u00eds de resid\u00e8ncia, o la utilitzaci\u00f3 o possessi\u00f3 del qual sigui il\u00b7legal per a YouTube amb relaci\u00f3 a la prestaci\u00f3 dels Serveis\u00bb.<\/li>\n<li>\u00abNo publicar continguts de tercers sense consentiment. El contingut que l\u2019usuari proporciona a YouTube no contindr\u00e0 material subjecte a drets de propietat intel\u00b7lectual de tercers o material subjecte a altres drets de propietat industrial de tercers (incloent-hi drets d\u2019exclusivitat o de publicitat), tret que el titular legal d\u2019aquests drets li hagi atorgat una llic\u00e8ncia o autoritzaci\u00f3 formal\u00bb.<\/li>\n<\/ul>\n<p>2) Drets d\u2019autor a YouTube<\/p>\n<p>Els drets d\u2019autora s\u00f3n un tema important per a tota la comunitat de YouTube, per aix\u00f2 el web inclou abundant informaci\u00f3 sobre aquest tema.<\/p>\n<p>Conv\u00e9 recordar que el simple fet d\u2019apar\u00e8ixer en un v\u00eddeo, una imatge o un enregistrament d\u2019\u00e0udio no significa que siguem propietaries dels drets d\u2019autora d\u2019aquest material.<\/p>\n<p>3) Llic\u00e8ncies sobre el contingut<\/p>\n<p>YouTube permet que les usu\u00e0ries marquin els v\u00eddeos amb una llicencia CC BY de Creative Commons. Aix\u00ed, aquests v\u00eddeos seran accessibles perqu\u00e8 les usu\u00e0ries de YouTube els utilitzin (fins i tot de manera comercial) en els seus v\u00eddeos per mitj\u00e0 de l\u2019editor de v\u00eddeo de YouTube.<\/p>\n<p>Ara b\u00e9, nom\u00e9s es podran marcar amb una llic\u00e8ncia d\u2019aquest tipus els seg\u00fcents v\u00eddeos:<\/p>\n<ul>\n<li>Aquells amb \u00abcontingut original\u00bb creat per l\u2019usu\u00e0ria.<\/li>\n<li>Altres v\u00eddeos marcats amb una llic\u00e8ncia CC BY.<\/li>\n<li>V\u00eddeos que siguin de domini p\u00fablic.<\/li>\n<\/ul>\n","protected":false},"excerpt":{"rendered":"<p>YouTube continua sent el major repositori de v\u00eddeos a la xarxa. 1) Normes sobre contingut Per a enviar contingut a YouTube simplement caldr\u00e0 registrar-se i respectar les seg\u00fcents pautes, que figuren en els \u00abTermes i condicions del servei\u00bb: \u00abNo publicar continguts il\u00b7legals. YouTube prohibeix la divulgaci\u00f3 de qualsevol contingut que contingui material la possessi\u00f3 del [&hellip;]<\/p>\n","protected":false},"author":1,"featured_media":0,"parent":0,"menu_order":0,"comment_status":"closed","ping_status":"closed","template":"","meta":[],"acf":[],"_links":{"self":[{"href":"http:\/\/social-media-strategy.aula.uoc.edu\/legal\/wp-json\/wp\/v2\/pages\/224"}],"collection":[{"href":"http:\/\/social-media-strategy.aula.uoc.edu\/legal\/wp-json\/wp\/v2\/pages"}],"about":[{"href":"http:\/\/social-media-strategy.aula.uoc.edu\/legal\/wp-json\/wp\/v2\/types\/page"}],"author":[{"embeddable":true,"href":"http:\/\/social-media-strategy.aula.uoc.edu\/legal\/wp-json\/wp\/v2\/users\/1"}],"replies":[{"embeddable":true,"href":"http:\/\/social-media-strategy.aula.uoc.edu\/legal\/wp-json\/wp\/v2\/comments?post=224"}],"version-history":[{"count":7,"href":"http:\/\/social-media-strategy.aula.uoc.edu\/legal\/wp-json\/wp\/v2\/pages\/224\/revisions"}],"predecessor-version":[{"id":479,"href":"http:\/\/social-media-strategy.aula.uoc.edu\/legal\/wp-json\/wp\/v2\/pages\/224\/revisions\/479"}],"wp:attachment":[{"href":"http:\/\/social-media-strategy.aula.uoc.edu\/legal\/wp-json\/wp\/v2\/media?parent=224"}],"curies":[{"name":"wp","href":"https:\/\/api.w.org\/{rel}","templated":true}]}}