{"id":218,"date":"2017-11-27T14:26:40","date_gmt":"2017-11-27T14:26:40","guid":{"rendered":"http:\/\/social-media-strategy.aula.uoc.edu\/legal\/3-5-6-podcasting-ivoox\/"},"modified":"2022-11-19T17:15:31","modified_gmt":"2022-11-19T17:15:31","slug":"3-5-6-podcasting-ivoox","status":"publish","type":"page","link":"http:\/\/social-media-strategy.aula.uoc.edu\/legal\/3-5-6-podcasting-ivoox\/","title":{"rendered":"3.5.6. Podc\u00e0sting: Ivoox"},"content":{"rendered":"<p>Ivoox \u00e9s una comunitat d\u2019\u00e0udio a la carta en castell\u00e0.<\/p>\n<p>En les condicions legals estableix una s\u00e8rie d\u2019obligacions per a les usu\u00e0ries:<\/p>\n<blockquote><p>\u00abDe manera il\u00b7lustrativa i no limitativa, est\u00e0 prohibit: utilitzar continguts injuriosos o calumniosos, amb independ\u00e8ncia que aquests continguts afectin altres usuaris o altres persones o empreses; utilitzar continguts pornogr\u00e0fics o que vulnerin les lleis de protecci\u00f3 de menors, o fer publicitat, oferir o distribuir productes pornogr\u00e0fics o que vulnerin les lleis de protecci\u00f3 de menor; molestar altres usuaris (especialment mitjan\u00e7ant <em>spam<\/em>); utilitzar continguts protegits legalment (per exemple, per la legislaci\u00f3 relativa a la propietat intel\u00b7lectual, a marques, a patents, a models d\u2019utilitat o a models est\u00e8tics) sense tenir-hi dret, o fer publicitat, oferir o distribuir bens o serveis protegits legalment; aix\u00ed com realitzar o fomentar accions contr\u00e0ries a la lliure compet\u00e8ncia, incloses les encaminades a la captaci\u00f3 de clients progressiva.\u00bb<\/p><\/blockquote>\n<p>Aix\u00ed mateix, est\u00e0 prohibida la publicaci\u00f3 de continguts:<\/p>\n<ul>\n<li>Que siguin presumptament il\u00b7l\u00edcits per la normativa nacional, comunit\u00e0ria o internacional o que realitzin activitats presumptament il\u00b7l\u00edcites o contravinguin els principis de la bona fe.<\/li>\n<li>Que atemptin contra els drets fonamentals de les persones, puguin buscar la feblesa de l\u2019usu\u00e0ria, faltin a la cortesia en la xarxa, molestin o puguin generar opinions negatives en els usu\u00e0ries o en tercers. En concret, qualssevol dels drets legals de terceres; aquells que afavoreixin o potenci\u00efn la creaci\u00f3, manteniment i foment de negocis relacionats amb la pornografia, material obsc\u00e8 o gesti\u00f3 de contactes er\u00f2tics; aquells que estiguin relacionats amb la vid\u00e8ncia, el tarot, les \u201cci\u00e8ncies ocultes\u201d o qualsevol altre contingut relacionat; i en general qualssevol continguts que IVOOX consideri no apropiats per a les usu\u00e0ries i, especialment, per als menors d\u2019edat.<\/li>\n<li>I en general que contravinguin els principis de legalitat, honradesa, responsabilitat, protecci\u00f3 de la dignitat humana, protecci\u00f3 de menors, protecci\u00f3 de l\u2019ordre p\u00fablic, protecci\u00f3 de la vida privada, protecci\u00f3 del consumidor i drets de propietat intel\u00b7lectual i industrial.\u00bb<\/li>\n<\/ul>\n","protected":false},"excerpt":{"rendered":"<p>Ivoox \u00e9s una comunitat d\u2019\u00e0udio a la carta en castell\u00e0. En les condicions legals estableix una s\u00e8rie d\u2019obligacions per a les usu\u00e0ries: \u00abDe manera il\u00b7lustrativa i no limitativa, est\u00e0 prohibit: utilitzar continguts injuriosos o calumniosos, amb independ\u00e8ncia que aquests continguts afectin altres usuaris o altres persones o empreses; utilitzar continguts pornogr\u00e0fics o que vulnerin les [&hellip;]<\/p>\n","protected":false},"author":1,"featured_media":0,"parent":0,"menu_order":0,"comment_status":"closed","ping_status":"closed","template":"","meta":[],"acf":[],"_links":{"self":[{"href":"http:\/\/social-media-strategy.aula.uoc.edu\/legal\/wp-json\/wp\/v2\/pages\/218"}],"collection":[{"href":"http:\/\/social-media-strategy.aula.uoc.edu\/legal\/wp-json\/wp\/v2\/pages"}],"about":[{"href":"http:\/\/social-media-strategy.aula.uoc.edu\/legal\/wp-json\/wp\/v2\/types\/page"}],"author":[{"embeddable":true,"href":"http:\/\/social-media-strategy.aula.uoc.edu\/legal\/wp-json\/wp\/v2\/users\/1"}],"replies":[{"embeddable":true,"href":"http:\/\/social-media-strategy.aula.uoc.edu\/legal\/wp-json\/wp\/v2\/comments?post=218"}],"version-history":[{"count":6,"href":"http:\/\/social-media-strategy.aula.uoc.edu\/legal\/wp-json\/wp\/v2\/pages\/218\/revisions"}],"predecessor-version":[{"id":475,"href":"http:\/\/social-media-strategy.aula.uoc.edu\/legal\/wp-json\/wp\/v2\/pages\/218\/revisions\/475"}],"wp:attachment":[{"href":"http:\/\/social-media-strategy.aula.uoc.edu\/legal\/wp-json\/wp\/v2\/media?parent=218"}],"curies":[{"name":"wp","href":"https:\/\/api.w.org\/{rel}","templated":true}]}}