{"id":213,"date":"2017-11-27T13:54:06","date_gmt":"2017-11-27T13:54:06","guid":{"rendered":"http:\/\/social-media-strategy.aula.uoc.edu\/legal\/3-5-5-wikis-wikipedia\/"},"modified":"2022-11-19T16:57:16","modified_gmt":"2022-11-19T16:57:16","slug":"3-5-5-wikis-viquipedia","status":"publish","type":"page","link":"http:\/\/social-media-strategy.aula.uoc.edu\/legal\/3-5-5-wikis-viquipedia\/","title":{"rendered":"3.5.5. Wikis: Viquip\u00e8dia"},"content":{"rendered":"<p>Viquip\u00e8dia \u00e9s l\u2019enciclop\u00e8dia en l\u00ednia per excel\u00b7l\u00e8ncia. Per mitj\u00e0 del seu web podem accedir a les normes d\u2019\u00fas i a la informaci\u00f3 legal que posa a disposici\u00f3 de les seves usu\u00e0ries.<\/p>\n<p>1) Pol\u00edtica de privacitat<\/p>\n<p>Qualsevol contingut que s\u2019afegeixi o qualsevol canvi que es faci en un lloc de la Viquip\u00e8dia, ser\u00e0 p\u00fablic i podria estar disponible permanentment. Viquip\u00e8dia utilitza en les publicacions una llic\u00e8ncia Creative Commons que permet l\u2019\u00fas dels continguts amb finalitats no comercials, i nom\u00e9s exigeix l\u2019atribuci\u00f3 a l\u2019autora.<\/p>\n<p>2) Termes i condicions d\u2019\u00fas: les normes de Viquip\u00e8dia<\/p>\n<p>Viquip\u00e8dia demana als seus usu\u00e0ries que s\u2019abstinguin de fer determinades activitats, com per exemple:<\/p>\n<ul>\n<li>Participar en assetjament, amenaces, espionatge, difamaci\u00f3 o vandalisme i transmetre correu electr\u00f2nic en cadena, correu brossa o correu no desitjat a altres usuaris.\u00bb<\/li>\n<li>Infringir els drets a la intimitat personal dels altres.\u00bb<\/li>\n<li>Publicar de manera intencionada o amb coneixement contingut que constitueixi inj\u00faries, cal\u00famnies o que sigui difamatori.\u00bb<\/li>\n<li>Publicar, amb l\u2019intent d\u2019enganyar, contingut fals o inexacte.\u00bb<\/li>\n<li>Infringir drets d\u2019autor, marques registrades o patents.\u00bb<\/li>\n<li>Publicar pornografia infantil, material obsc\u00e8 o qualsevol altre contingut il\u00b7l\u00edcit segons les lleis aplicables.<\/li>\n<\/ul>\n<p>3) Limitaci\u00f3 de responsabilitat<\/p>\n<p>Viquip\u00e8dia adverteix que cap de les autores, editores, col\u00b7laboradores, patrocinadores, administradores, operadores de sistema, ni cap altra persona relacionada de qualsevol manera amb Viquip\u00e8dia, en cap cas, pot ser considerada legalment responsable de l\u2019aparici\u00f3 d\u2019informaci\u00f3 inexacta, err\u00f2nia o difamat\u00f2ria, o per l\u2019\u00fas que l\u2019usu\u00e0ria faci de la informaci\u00f3 continguda a les seves p\u00e0gines, o que estigui enlla\u00e7ada des de o cap a elles.<\/p>\n<p>\u00c9s a dir, la responsabilitat que pogu\u00e9s exigir-se sobre qualsevol contingut recaur\u00e0 en tot cas sobre l\u2019autora.<\/p>\n","protected":false},"excerpt":{"rendered":"<p>Viquip\u00e8dia \u00e9s l\u2019enciclop\u00e8dia en l\u00ednia per excel\u00b7l\u00e8ncia. Per mitj\u00e0 del seu web podem accedir a les normes d\u2019\u00fas i a la informaci\u00f3 legal que posa a disposici\u00f3 de les seves usu\u00e0ries. 1) Pol\u00edtica de privacitat Qualsevol contingut que s\u2019afegeixi o qualsevol canvi que es faci en un lloc de la Viquip\u00e8dia, ser\u00e0 p\u00fablic i podria [&hellip;]<\/p>\n","protected":false},"author":1,"featured_media":0,"parent":0,"menu_order":0,"comment_status":"closed","ping_status":"closed","template":"","meta":[],"acf":[],"_links":{"self":[{"href":"http:\/\/social-media-strategy.aula.uoc.edu\/legal\/wp-json\/wp\/v2\/pages\/213"}],"collection":[{"href":"http:\/\/social-media-strategy.aula.uoc.edu\/legal\/wp-json\/wp\/v2\/pages"}],"about":[{"href":"http:\/\/social-media-strategy.aula.uoc.edu\/legal\/wp-json\/wp\/v2\/types\/page"}],"author":[{"embeddable":true,"href":"http:\/\/social-media-strategy.aula.uoc.edu\/legal\/wp-json\/wp\/v2\/users\/1"}],"replies":[{"embeddable":true,"href":"http:\/\/social-media-strategy.aula.uoc.edu\/legal\/wp-json\/wp\/v2\/comments?post=213"}],"version-history":[{"count":7,"href":"http:\/\/social-media-strategy.aula.uoc.edu\/legal\/wp-json\/wp\/v2\/pages\/213\/revisions"}],"predecessor-version":[{"id":471,"href":"http:\/\/social-media-strategy.aula.uoc.edu\/legal\/wp-json\/wp\/v2\/pages\/213\/revisions\/471"}],"wp:attachment":[{"href":"http:\/\/social-media-strategy.aula.uoc.edu\/legal\/wp-json\/wp\/v2\/media?parent=213"}],"curies":[{"name":"wp","href":"https:\/\/api.w.org\/{rel}","templated":true}]}}