{"id":203,"date":"2017-11-27T13:50:26","date_gmt":"2017-11-27T13:50:26","guid":{"rendered":"http:\/\/social-media-strategy.aula.uoc.edu\/legal\/3-5-3-el-blog-xakata\/"},"modified":"2022-11-19T16:43:25","modified_gmt":"2022-11-19T16:43:25","slug":"3-5-3-el-blog-xakata","status":"publish","type":"page","link":"http:\/\/social-media-strategy.aula.uoc.edu\/legal\/3-5-3-el-blog-xakata\/","title":{"rendered":"3.5.3. El blog: Xakata"},"content":{"rendered":"<p>Xakata, blog de not\u00edcies sobre <em>gadgets<\/em> i tecnologia, utilitza en les seves publicacions una llic\u00e8ncia Creative Commons que permet l&#8217;\u00fas dels seus continguts amb finalitats no comercials, exigint nom\u00e9s l&#8217;atribuci\u00f3 a l&#8217;autora. Aix\u00f2 \u00e9s, tots els seus continguts, excepte algunes fotos i v\u00eddeos, poden ser usats lliurement. Qualsevol pot copiar-los, reproduir-los, distribuir-los i modificar-los, respectant els seg\u00fcents l\u00edmits:<\/p>\n<p>1) Que sigui amb una finalitat no comercial. Es considera \u00fas comercial la seva publicaci\u00f3 en qualsevol p\u00e0gina que mostri publicitat o que serveixi de suport a una altra activitat com la venda de b\u00e9ns i serveis.<\/p>\n<p>2) Que es mantingui l&#8217;atribuci\u00f3 original a la seva autora mitjan\u00e7ant un enlla\u00e7 directe a la p\u00e0gina individual del blog on es va publicar aquest contingut originalment. Si es tracta d&#8217;un mitj\u00e0 impr\u00e8s n&#8217;hi ha prou a esmentar el nom del blog i la seva url general.<\/p>\n","protected":false},"excerpt":{"rendered":"<p>Xakata, blog de not\u00edcies sobre gadgets i tecnologia, utilitza en les seves publicacions una llic\u00e8ncia Creative Commons que permet l&#8217;\u00fas dels seus continguts amb finalitats no comercials, exigint nom\u00e9s l&#8217;atribuci\u00f3 a l&#8217;autora. Aix\u00f2 \u00e9s, tots els seus continguts, excepte algunes fotos i v\u00eddeos, poden ser usats lliurement. Qualsevol pot copiar-los, reproduir-los, distribuir-los i modificar-los, respectant [&hellip;]<\/p>\n","protected":false},"author":1,"featured_media":0,"parent":0,"menu_order":0,"comment_status":"closed","ping_status":"closed","template":"","meta":[],"acf":[],"_links":{"self":[{"href":"http:\/\/social-media-strategy.aula.uoc.edu\/legal\/wp-json\/wp\/v2\/pages\/203"}],"collection":[{"href":"http:\/\/social-media-strategy.aula.uoc.edu\/legal\/wp-json\/wp\/v2\/pages"}],"about":[{"href":"http:\/\/social-media-strategy.aula.uoc.edu\/legal\/wp-json\/wp\/v2\/types\/page"}],"author":[{"embeddable":true,"href":"http:\/\/social-media-strategy.aula.uoc.edu\/legal\/wp-json\/wp\/v2\/users\/1"}],"replies":[{"embeddable":true,"href":"http:\/\/social-media-strategy.aula.uoc.edu\/legal\/wp-json\/wp\/v2\/comments?post=203"}],"version-history":[{"count":6,"href":"http:\/\/social-media-strategy.aula.uoc.edu\/legal\/wp-json\/wp\/v2\/pages\/203\/revisions"}],"predecessor-version":[{"id":463,"href":"http:\/\/social-media-strategy.aula.uoc.edu\/legal\/wp-json\/wp\/v2\/pages\/203\/revisions\/463"}],"wp:attachment":[{"href":"http:\/\/social-media-strategy.aula.uoc.edu\/legal\/wp-json\/wp\/v2\/media?parent=203"}],"curies":[{"name":"wp","href":"https:\/\/api.w.org\/{rel}","templated":true}]}}