{"id":193,"date":"2017-11-27T13:45:35","date_gmt":"2017-11-27T13:45:35","guid":{"rendered":"http:\/\/social-media-strategy.aula.uoc.edu\/legal\/3-5-1-introduccion\/"},"modified":"2022-11-19T16:34:02","modified_gmt":"2022-11-19T16:34:02","slug":"3-5-1-introduccio","status":"publish","type":"page","link":"http:\/\/social-media-strategy.aula.uoc.edu\/legal\/3-5-1-introduccio\/","title":{"rendered":"3.5.1. Introducci\u00f3"},"content":{"rendered":"<p>Una vegada hem estudiat la legislaci\u00f3 vigent, \u00e9s el moment d\u2019analitzar les diverses restriccions i els condicionants que els mitjans socials (xarxes, <em>wikis<\/em>, <em>microblogging<\/em>, podcast,..) estableixen a les seves usu\u00e0ries. Per a aix\u00f2, prendrem com a refer\u00e8ncia les condicions i les pol\u00edtiques d\u2019algunes de les principals plataformes.<\/p>\n","protected":false},"excerpt":{"rendered":"<p>Una vegada hem estudiat la legislaci\u00f3 vigent, \u00e9s el moment d\u2019analitzar les diverses restriccions i els condicionants que els mitjans socials (xarxes, wikis, microblogging, podcast,..) estableixen a les seves usu\u00e0ries. Per a aix\u00f2, prendrem com a refer\u00e8ncia les condicions i les pol\u00edtiques d\u2019algunes de les principals plataformes.<\/p>\n","protected":false},"author":1,"featured_media":0,"parent":0,"menu_order":0,"comment_status":"closed","ping_status":"closed","template":"","meta":[],"acf":[],"_links":{"self":[{"href":"http:\/\/social-media-strategy.aula.uoc.edu\/legal\/wp-json\/wp\/v2\/pages\/193"}],"collection":[{"href":"http:\/\/social-media-strategy.aula.uoc.edu\/legal\/wp-json\/wp\/v2\/pages"}],"about":[{"href":"http:\/\/social-media-strategy.aula.uoc.edu\/legal\/wp-json\/wp\/v2\/types\/page"}],"author":[{"embeddable":true,"href":"http:\/\/social-media-strategy.aula.uoc.edu\/legal\/wp-json\/wp\/v2\/users\/1"}],"replies":[{"embeddable":true,"href":"http:\/\/social-media-strategy.aula.uoc.edu\/legal\/wp-json\/wp\/v2\/comments?post=193"}],"version-history":[{"count":7,"href":"http:\/\/social-media-strategy.aula.uoc.edu\/legal\/wp-json\/wp\/v2\/pages\/193\/revisions"}],"predecessor-version":[{"id":454,"href":"http:\/\/social-media-strategy.aula.uoc.edu\/legal\/wp-json\/wp\/v2\/pages\/193\/revisions\/454"}],"wp:attachment":[{"href":"http:\/\/social-media-strategy.aula.uoc.edu\/legal\/wp-json\/wp\/v2\/media?parent=193"}],"curies":[{"name":"wp","href":"https:\/\/api.w.org\/{rel}","templated":true}]}}