{"id":178,"date":"2017-11-27T13:31:51","date_gmt":"2017-11-27T13:31:51","guid":{"rendered":"http:\/\/social-media-strategy.aula.uoc.edu\/legal\/3-4-1-consideraciones-generales\/"},"modified":"2022-11-19T16:21:44","modified_gmt":"2022-11-19T16:21:44","slug":"3-4-1-consideracions-generals","status":"publish","type":"page","link":"http:\/\/social-media-strategy.aula.uoc.edu\/legal\/3-4-1-consideracions-generals\/","title":{"rendered":"3.4.1. Consideracions generals"},"content":{"rendered":"<p>La normativa relativa a la propietat intel\u00b7lectual protegeix els drets dels autors sobre les obres art\u00edstiques, cient\u00edfiques o liter\u00e0ries que els corresponguin per la seva mera creaci\u00f3 (art. 1 LPI).<\/p>\n<p>Els mitjans socials s\u00f3n plataformes on es fomenta la creaci\u00f3 de continguts multim\u00e8dia, especialment fotografies i v\u00eddeos, la qual cosa ha provocat que la propietat intel\u00b7lectual, juntament amb la protecci\u00f3 de dades i la intimitat de les usu\u00e0ries, passi a ser una de les q\u00fcestions principals.<\/p>\n<p>En la mesura en qu\u00e8 els continguts que compartim per mitj\u00e0 de les xarxes, videoblogs, etc., s&#8217;ajustin als par\u00e0metres de la Llei de propietat intel\u00b7lectual (art. 10.1), quedaran protegits pels drets d&#8217;autora.<\/p>\n<p>Hem de puntualitzar que els drets d&#8217;autora presenten un <strong>doble vessant<\/strong>, moral i patrimonial:<\/p>\n<p>1) Drets morals: s\u00f3n drets inherents a la persona f\u00edsica i, per tant, irrenunciables, i entre aquests s&#8217;hi troben la \u201cpaternitat\u201d de l&#8217;obra, la integritat d&#8217;aquesta, la decisi\u00f3 sobre la seva difusi\u00f3 i el reconeixement de la seva autoria.<\/p>\n<p>2) Drets patrimonials: aquests drets s\u00f3n els relatius a les activitats de reproducci\u00f3, distribuci\u00f3, comunicaci\u00f3 p\u00fablica i transformaci\u00f3.<\/p>\n<p>La titular pot disposar d&#8217;ells i pot cedir-los a terceres persones per a la seva explotaci\u00f3.<\/p>\n","protected":false},"excerpt":{"rendered":"<p>La normativa relativa a la propietat intel\u00b7lectual protegeix els drets dels autors sobre les obres art\u00edstiques, cient\u00edfiques o liter\u00e0ries que els corresponguin per la seva mera creaci\u00f3 (art. 1 LPI). Els mitjans socials s\u00f3n plataformes on es fomenta la creaci\u00f3 de continguts multim\u00e8dia, especialment fotografies i v\u00eddeos, la qual cosa ha provocat que la propietat [&hellip;]<\/p>\n","protected":false},"author":1,"featured_media":0,"parent":0,"menu_order":0,"comment_status":"closed","ping_status":"closed","template":"","meta":[],"acf":[],"_links":{"self":[{"href":"http:\/\/social-media-strategy.aula.uoc.edu\/legal\/wp-json\/wp\/v2\/pages\/178"}],"collection":[{"href":"http:\/\/social-media-strategy.aula.uoc.edu\/legal\/wp-json\/wp\/v2\/pages"}],"about":[{"href":"http:\/\/social-media-strategy.aula.uoc.edu\/legal\/wp-json\/wp\/v2\/types\/page"}],"author":[{"embeddable":true,"href":"http:\/\/social-media-strategy.aula.uoc.edu\/legal\/wp-json\/wp\/v2\/users\/1"}],"replies":[{"embeddable":true,"href":"http:\/\/social-media-strategy.aula.uoc.edu\/legal\/wp-json\/wp\/v2\/comments?post=178"}],"version-history":[{"count":8,"href":"http:\/\/social-media-strategy.aula.uoc.edu\/legal\/wp-json\/wp\/v2\/pages\/178\/revisions"}],"predecessor-version":[{"id":447,"href":"http:\/\/social-media-strategy.aula.uoc.edu\/legal\/wp-json\/wp\/v2\/pages\/178\/revisions\/447"}],"wp:attachment":[{"href":"http:\/\/social-media-strategy.aula.uoc.edu\/legal\/wp-json\/wp\/v2\/media?parent=178"}],"curies":[{"name":"wp","href":"https:\/\/api.w.org\/{rel}","templated":true}]}}