{"id":173,"date":"2017-11-27T13:26:19","date_gmt":"2017-11-27T13:26:19","guid":{"rendered":"http:\/\/social-media-strategy.aula.uoc.edu\/legal\/3-3-3-legislacion-aplicable\/"},"modified":"2022-11-19T11:46:43","modified_gmt":"2022-11-19T11:46:43","slug":"3-3-3-legislacio-aplicable","status":"publish","type":"page","link":"http:\/\/social-media-strategy.aula.uoc.edu\/legal\/3-3-3-legislacio-aplicable\/","title":{"rendered":"3.3.3. Legislaci\u00f3 aplicable"},"content":{"rendered":"<p>En els \u00faltims anys, la normativa sobre protecci\u00f3 de dades ha sofert molts canvis. Avui dia, qualsevol usu\u00e0ria de mitjans socials ha de saber que la seva actuaci\u00f3 ha de respectar b\u00e0sicament:<\/p>\n<p>1) El Reglament europeu de protecci\u00f3 de dades<\/p>\n<p>Aquest reglament \u00abestableix les normes relatives a la protecci\u00f3 de les persones f\u00edsiques pel que fa al tractament de les dades personals i les normes relatives a la circulaci\u00f3 d&#8217;aquestes dades\u00bb. Aix\u00ed mateix, \u00abprotegeix els drets i llibertats fonamentals de les persones f\u00edsiques i, en particular, el seu dret a la protecci\u00f3 de dades personals\u00bb<em>\u00a0<\/em>(art. 1).<\/p>\n<p>2) La Llei org\u00e0nica 3\/2018, de 5 de desembre, de protecci\u00f3 de dades personals i garantia dels drets digitals<\/p>\n<p>Una de les principals novetats que incorpora la nova norma porta la seva causa en la import\u00e0ncia que han adquirit les xarxes socials en l&#8217;actualitat. Aix\u00ed, l&#8217;art. 94 estableix el \u00abdret a l&#8217;oblit en serveis de xarxes socials i serveis equivalents\u00bb, aix\u00f2 \u00e9s, el dret que t\u00e9 tota persona al fet que se suprimeixin, mitjan\u00e7ant una simple sol\u00b7licitud, les dades personals que hagu\u00e9s facilitat, o haguessin estat facilitades per tercers, per a la seva publicaci\u00f3 per serveis de xarxes socials i serveis de la societat de la informaci\u00f3 equivalents, <strong>exceptuant aquelles dades que haguessin estat facilitades per persones f\u00edsiques en l&#8217;exercici d&#8217;activitats personals o dom\u00e8stiques.<\/strong><\/p>\n<p>3) Altres normes<\/p>\n<p>Hi ha altres lleis, en sectors com la sanitat, les telecomunicacions o les finances, que es projecten de manera molt particular sobre l&#8217;\u00e0mbit dels mitjans socials, com per exemple: la Llei 34\/2002, d&#8217;11 de juliol, de serveis de la societat de la informaci\u00f3 i del comer\u00e7 electr\u00f2nic, la Llei 25\/2007, de 18 d&#8217;octubre, de conservaci\u00f3 de dades relatives a les comunicacions electr\u00f2niques i a les xarxes p\u00fabliques de comunicacions, i la Llei 56\/2007, de 28 de desembre, de mesures d&#8217;impuls de la societat de la informaci\u00f3.<\/p>\n","protected":false},"excerpt":{"rendered":"<p>En els \u00faltims anys, la normativa sobre protecci\u00f3 de dades ha sofert molts canvis. Avui dia, qualsevol usu\u00e0ria de mitjans socials ha de saber que la seva actuaci\u00f3 ha de respectar b\u00e0sicament: 1) El Reglament europeu de protecci\u00f3 de dades Aquest reglament \u00abestableix les normes relatives a la protecci\u00f3 de les persones f\u00edsiques pel que [&hellip;]<\/p>\n","protected":false},"author":1,"featured_media":0,"parent":0,"menu_order":0,"comment_status":"closed","ping_status":"closed","template":"","meta":[],"acf":[],"_links":{"self":[{"href":"http:\/\/social-media-strategy.aula.uoc.edu\/legal\/wp-json\/wp\/v2\/pages\/173"}],"collection":[{"href":"http:\/\/social-media-strategy.aula.uoc.edu\/legal\/wp-json\/wp\/v2\/pages"}],"about":[{"href":"http:\/\/social-media-strategy.aula.uoc.edu\/legal\/wp-json\/wp\/v2\/types\/page"}],"author":[{"embeddable":true,"href":"http:\/\/social-media-strategy.aula.uoc.edu\/legal\/wp-json\/wp\/v2\/users\/1"}],"replies":[{"embeddable":true,"href":"http:\/\/social-media-strategy.aula.uoc.edu\/legal\/wp-json\/wp\/v2\/comments?post=173"}],"version-history":[{"count":8,"href":"http:\/\/social-media-strategy.aula.uoc.edu\/legal\/wp-json\/wp\/v2\/pages\/173\/revisions"}],"predecessor-version":[{"id":445,"href":"http:\/\/social-media-strategy.aula.uoc.edu\/legal\/wp-json\/wp\/v2\/pages\/173\/revisions\/445"}],"wp:attachment":[{"href":"http:\/\/social-media-strategy.aula.uoc.edu\/legal\/wp-json\/wp\/v2\/media?parent=173"}],"curies":[{"name":"wp","href":"https:\/\/api.w.org\/{rel}","templated":true}]}}