{"id":97,"date":"2017-11-27T13:52:50","date_gmt":"2017-11-27T13:52:50","guid":{"rendered":"http:\/\/social-media-strategy.aula.uoc.edu\/legal\/?page_id=97"},"modified":"2022-11-19T16:47:39","modified_gmt":"2022-11-19T16:47:39","slug":"3-5-4-microblogging-twitter","status":"publish","type":"page","link":"http:\/\/social-media-strategy.aula.uoc.edu\/legal\/es\/3-5-4-microblogging-twitter\/","title":{"rendered":"3.5.4. <em>Microblogging<\/em>: Twitter"},"content":{"rendered":"<p>En sus condiciones de servicio, el l\u00edder del <em>microblogging<\/em>\u00a0establece lo siguiente:<\/p>\n<p>1) Responsabilidad: la usuaria de Twitter es el \u00fanico responsable de los contenidos que publica y de las consecuencias que estos lleven aparejadas.<\/p>\n<p>Por lo tanto, debemos evitar que otras usuarias inserten tuits ofensivos en nuestra cuenta; si se diera el caso, los suprimiremos de forma inmediata.<\/p>\n<div class=\"featured featured-grey\"><\/p>\n<p>Cabe puntualizar que a la hora de cuantificar el da\u00f1o moral ocasionado, nuestros tribunales tienen en cuenta la <strong>difusi\u00f3n del contenido denunciado<\/strong>, y los retuits son una clara muestra de ello.<\/p>\n<p>Al respecto, sirva como ejemplo la Sentencia del Juzgado de lo Penal 6, de Granada, n\u00fam. 279\/2019, de 11 de julio, que trae su causa en la publicaci\u00f3n de varios v\u00eddeos en YouTube, Facebook y Twitter, mediante los cuales se valoraba la gesti\u00f3n sanitaria de los denunciantes, la presidenta de la Junta y el viceconsejero de Salud de Andaluc\u00eda.<\/p>\n<p><a href=\"http:\/\/www.poderjudicial.es\/search\/contenidos.action?action=accessToPDF&amp;databasematch=AN&amp;reference=396656939d7719d6&amp;publicinterface=true&amp;encode=true\">http:\/\/www.poderjudicial.es\/search\/contenidos.action?action=accessToPDF&amp;databasematch=AN&amp;reference=396656939d7719d6&amp;publicinterface=true&amp;encode=true<\/a>.<\/p>\n<p>\n<div style=\"clear:both\"><\/div><\/div>\n<p>2) Licencia de propiedad intelectual, aunque se reconoce que la usuaria es titular de sus contenidos, al utilizar el servicio se concede a Twitter una licencia de propiedad intelectual transferible y gratuita sobre el uso, la copia, la reproducci\u00f3n, el procesamiento, la adaptaci\u00f3n, modificaci\u00f3n, publicaci\u00f3n, transmisi\u00f3n, exposici\u00f3n y distribuci\u00f3n de contenidos mediante cualquier medio o m\u00e9todo de distribuci\u00f3n presente o futuro. Es decir, Twitter y otras compa\u00f1\u00edas, organizaciones o personas asociadas con Twitter podr\u00e1n llevar a cabo tales usos adicionales sin compensarlo de ninguna manera por el contenido que la usuaria env\u00ede, publique, transmita o ponga a disposici\u00f3n mediante los servicios.<\/p>\n<p>3) Derechos de autora: Twitter responder\u00e1 a avisos claros y completos de presuntas infracciones de los derechos de autora. De hecho, pone a disposici\u00f3n de sus usuarias, mediante la propia plataforma, un mecanismo para solicitar la protecci\u00f3n de estos derechos.<\/p>\n","protected":false},"excerpt":{"rendered":"<p>En sus condiciones de servicio, el l\u00edder del microblogging\u00a0establece lo siguiente: 1) Responsabilidad: la usuaria de Twitter es el \u00fanico responsable de los contenidos que publica y de las consecuencias que estos lleven aparejadas. Por lo tanto, debemos evitar que otras usuarias inserten tuits ofensivos en nuestra cuenta; si se diera el caso, los suprimiremos [&hellip;]<\/p>\n","protected":false},"author":1,"featured_media":0,"parent":0,"menu_order":0,"comment_status":"closed","ping_status":"closed","template":"","meta":[],"acf":[],"_links":{"self":[{"href":"http:\/\/social-media-strategy.aula.uoc.edu\/legal\/es\/wp-json\/wp\/v2\/pages\/97"}],"collection":[{"href":"http:\/\/social-media-strategy.aula.uoc.edu\/legal\/es\/wp-json\/wp\/v2\/pages"}],"about":[{"href":"http:\/\/social-media-strategy.aula.uoc.edu\/legal\/es\/wp-json\/wp\/v2\/types\/page"}],"author":[{"embeddable":true,"href":"http:\/\/social-media-strategy.aula.uoc.edu\/legal\/es\/wp-json\/wp\/v2\/users\/1"}],"replies":[{"embeddable":true,"href":"http:\/\/social-media-strategy.aula.uoc.edu\/legal\/es\/wp-json\/wp\/v2\/comments?post=97"}],"version-history":[{"count":6,"href":"http:\/\/social-media-strategy.aula.uoc.edu\/legal\/es\/wp-json\/wp\/v2\/pages\/97\/revisions"}],"predecessor-version":[{"id":465,"href":"http:\/\/social-media-strategy.aula.uoc.edu\/legal\/es\/wp-json\/wp\/v2\/pages\/97\/revisions\/465"}],"wp:attachment":[{"href":"http:\/\/social-media-strategy.aula.uoc.edu\/legal\/es\/wp-json\/wp\/v2\/media?parent=97"}],"curies":[{"name":"wp","href":"https:\/\/api.w.org\/{rel}","templated":true}]}}