{"id":89,"date":"2017-11-27T13:46:13","date_gmt":"2017-11-27T13:46:13","guid":{"rendered":"http:\/\/social-media-strategy.aula.uoc.edu\/legal\/?page_id=89"},"modified":"2022-11-19T16:39:55","modified_gmt":"2022-11-19T16:39:55","slug":"3-5-2-la-red-social-facebook","status":"publish","type":"page","link":"http:\/\/social-media-strategy.aula.uoc.edu\/legal\/es\/3-5-2-la-red-social-facebook\/","title":{"rendered":"3.5.2. La red social: Facebook"},"content":{"rendered":"<p>Facebook, sigue siendo una de las redes sociales de comunicaci\u00f3n de mayor impacto.<\/p>\n<p>Mediante la declaraci\u00f3n de derechos y responsabilidades, la plataforma establece las condiciones de servicio que rigen las relaciones entre las usuarias, as\u00ed como con las marcas, los productos y los dem\u00e1s servicios de Facebook.<\/p>\n<p>Como responsables de publicaci\u00f3n en la red social, tendremos en cuenta lo siguiente:<\/p>\n<p>1) Cuando compartimos cualquier contenido sujeto al derecho de propiedad intelectual (seg\u00fan los par\u00e1metros del art. 10.1 LPI) se concede a Facebook una licencia de propiedad intelectual no exclusiva, es decir, transferible a otras empresas vinculadas a Facebook y aplicable globalmente.<\/p>\n<p>Esta licencia finaliza cuando se elimina el contenido o la cuenta, a menos que dicho contenido se haya compartido con terceras y estas no lo hayan eliminado, circunstancia m\u00e1s que probable en la red social.<\/p>\n<p>Pero, es m\u00e1s, Facebook nos advierte de que el contenido eliminado permanecer\u00e1 en copias de seguridad durante un plazo de tiempo \u00abrazonable\u00bb (si bien no estar\u00e1 disponible para terceras).<\/p>\n<p>2) Cuando publicamos contenido o informaci\u00f3n con la configuraci\u00f3n \u00abP\u00fablico\u00bb, significa que permitimos que todas, incluidas las personas que son ajenas a Facebook, accedan y usen dicha informaci\u00f3n y la asocien a nosotros (por ejemplo, nuestro nombre y foto del perfil).<\/p>\n<p>3) Si lo que se pretende es hacer una campa\u00f1a o anuncio para un negocio o una empresa, la red social pone a disposici\u00f3n de los usuarios una plataforma de publicidad: Facebook Ads.<\/p>\n<p>4) La red social proporciona a sus usuarias las herramientas necesarias para ayudarles a proteger los derechos de propiedad intelectual.<\/p>\n","protected":false},"excerpt":{"rendered":"<p>Facebook, sigue siendo una de las redes sociales de comunicaci\u00f3n de mayor impacto. Mediante la declaraci\u00f3n de derechos y responsabilidades, la plataforma establece las condiciones de servicio que rigen las relaciones entre las usuarias, as\u00ed como con las marcas, los productos y los dem\u00e1s servicios de Facebook. Como responsables de publicaci\u00f3n en la red social, [&hellip;]<\/p>\n","protected":false},"author":1,"featured_media":0,"parent":0,"menu_order":0,"comment_status":"closed","ping_status":"closed","template":"","meta":[],"acf":[],"_links":{"self":[{"href":"http:\/\/social-media-strategy.aula.uoc.edu\/legal\/es\/wp-json\/wp\/v2\/pages\/89"}],"collection":[{"href":"http:\/\/social-media-strategy.aula.uoc.edu\/legal\/es\/wp-json\/wp\/v2\/pages"}],"about":[{"href":"http:\/\/social-media-strategy.aula.uoc.edu\/legal\/es\/wp-json\/wp\/v2\/types\/page"}],"author":[{"embeddable":true,"href":"http:\/\/social-media-strategy.aula.uoc.edu\/legal\/es\/wp-json\/wp\/v2\/users\/1"}],"replies":[{"embeddable":true,"href":"http:\/\/social-media-strategy.aula.uoc.edu\/legal\/es\/wp-json\/wp\/v2\/comments?post=89"}],"version-history":[{"count":7,"href":"http:\/\/social-media-strategy.aula.uoc.edu\/legal\/es\/wp-json\/wp\/v2\/pages\/89\/revisions"}],"predecessor-version":[{"id":459,"href":"http:\/\/social-media-strategy.aula.uoc.edu\/legal\/es\/wp-json\/wp\/v2\/pages\/89\/revisions\/459"}],"wp:attachment":[{"href":"http:\/\/social-media-strategy.aula.uoc.edu\/legal\/es\/wp-json\/wp\/v2\/media?parent=89"}],"curies":[{"name":"wp","href":"https:\/\/api.w.org\/{rel}","templated":true}]}}