{"id":82,"date":"2017-11-27T13:40:04","date_gmt":"2017-11-27T13:40:04","guid":{"rendered":"http:\/\/social-media-strategy.aula.uoc.edu\/legal\/?page_id=82"},"modified":"2021-01-31T18:10:14","modified_gmt":"2021-01-31T18:10:14","slug":"3-4-3-legislacion-aplicable","status":"publish","type":"page","link":"http:\/\/social-media-strategy.aula.uoc.edu\/legal\/es\/3-4-3-legislacion-aplicable\/","title":{"rendered":"3.4.3. Legislaci\u00f3n aplicable"},"content":{"rendered":"<p>Con respecto a los derechos sobre la propiedad intelectual,<strong>\u00a0a nivel internacional<\/strong> destacan los \u00abTratados sobre internet\u00bb: el <em>WIPO Copyright Treaty <\/em>(Tratado de la OMPI sobre derecho de autor) y el <em>WIPO Performances and Phonograms Treaty<\/em> (Tratado de la OMPI sobre interpretaci\u00f3n o ejecuci\u00f3n y fonogramas).<\/p>\n<div class=\"featured featured-blue\"><\/p>\n<p>Accede a la web de la Organizaci\u00f3n Mundial de la Propiedad Intelectual: <a href=\"https:\/\/www.wipo.int\/reference\/es\/\">https:\/\/www.wipo.int\/reference\/es\/<\/a>.<\/p>\n<p>\n<div style=\"clear:both\"><\/div><\/div>\n<p><strong>A nivel europeo<\/strong>, destaca la Directiva 2001\/29\/CE del Parlamento Europeo y del Consejo, de 22 de mayo de 2001, relativa a la armonizaci\u00f3n de determinados aspectos de los derechos de autor y derechos afines a los derechos de autor en la sociedad de la informaci\u00f3n y, por lo que respecta a la <strong>legislaci\u00f3n estatal<\/strong>, cabe destacar la Ley de Propiedad Intelectual, la Ley de Servicios de la Sociedad de la Informaci\u00f3n y de Comercio Electr\u00f3nico, la Ley de Medidas de Impulso de la Sociedad de la Informaci\u00f3n, as\u00ed como el C\u00f3digo penal (arts. 270 y sigs.).<\/p>\n","protected":false},"excerpt":{"rendered":"<p>Con respecto a los derechos sobre la propiedad intelectual,\u00a0a nivel internacional destacan los \u00abTratados sobre internet\u00bb: el WIPO Copyright Treaty (Tratado de la OMPI sobre derecho de autor) y el WIPO Performances and Phonograms Treaty (Tratado de la OMPI sobre interpretaci\u00f3n o ejecuci\u00f3n y fonogramas). A nivel europeo, destaca la Directiva 2001\/29\/CE del Parlamento Europeo [&hellip;]<\/p>\n","protected":false},"author":1,"featured_media":0,"parent":0,"menu_order":0,"comment_status":"closed","ping_status":"closed","template":"","meta":[],"acf":[],"_links":{"self":[{"href":"http:\/\/social-media-strategy.aula.uoc.edu\/legal\/es\/wp-json\/wp\/v2\/pages\/82"}],"collection":[{"href":"http:\/\/social-media-strategy.aula.uoc.edu\/legal\/es\/wp-json\/wp\/v2\/pages"}],"about":[{"href":"http:\/\/social-media-strategy.aula.uoc.edu\/legal\/es\/wp-json\/wp\/v2\/types\/page"}],"author":[{"embeddable":true,"href":"http:\/\/social-media-strategy.aula.uoc.edu\/legal\/es\/wp-json\/wp\/v2\/users\/1"}],"replies":[{"embeddable":true,"href":"http:\/\/social-media-strategy.aula.uoc.edu\/legal\/es\/wp-json\/wp\/v2\/comments?post=82"}],"version-history":[{"count":6,"href":"http:\/\/social-media-strategy.aula.uoc.edu\/legal\/es\/wp-json\/wp\/v2\/pages\/82\/revisions"}],"predecessor-version":[{"id":393,"href":"http:\/\/social-media-strategy.aula.uoc.edu\/legal\/es\/wp-json\/wp\/v2\/pages\/82\/revisions\/393"}],"wp:attachment":[{"href":"http:\/\/social-media-strategy.aula.uoc.edu\/legal\/es\/wp-json\/wp\/v2\/media?parent=82"}],"curies":[{"name":"wp","href":"https:\/\/api.w.org\/{rel}","templated":true}]}}