{"id":79,"date":"2017-11-27T13:33:41","date_gmt":"2017-11-27T13:33:41","guid":{"rendered":"http:\/\/social-media-strategy.aula.uoc.edu\/legal\/?page_id=79"},"modified":"2022-11-19T16:31:12","modified_gmt":"2022-11-19T16:31:12","slug":"3-4-2-algunos-riesgos-para-la-propiedad-intelectual-en-los-medios-sociales","status":"publish","type":"page","link":"http:\/\/social-media-strategy.aula.uoc.edu\/legal\/es\/3-4-2-algunos-riesgos-para-la-propiedad-intelectual-en-los-medios-sociales\/","title":{"rendered":"3.4.2. Algunos riesgos para la propiedad intelectual en los medios sociales"},"content":{"rendered":"<p>1) Quien publica no tiene por qu\u00e9 ser titular del contenido<\/p>\n<p>Por regla general, la autora del contenido es el \u00fanico autorizado para publicarlo. Si se publican contenidos de otras, es obligatorio que obtengamos su consentimiento expreso, y a ser posible por escrito.<\/p>\n<p>2) Es dif\u00edcil obtener una compensaci\u00f3n por el trabajo realizado<\/p>\n<p>Las redes sociales y plataformas colaborativas tienen una gran difusi\u00f3n, y para las autoras esta forma de distribuir contenidos puede ser muy ventajosa. Sin embargo, el principal problema que se puede plantear es que no hay muchas formas efectivas de controlar y obtener una compensaci\u00f3n directa por el trabajo realizado.<\/p>\n<p>3) La permanencia de los contenidos m\u00e1s all\u00e1 de la baja del servicio<\/p>\n<p>La red social mantendr\u00e1 tus datos aunque borres tu perfil.<\/p>\n<div class=\"featured featured-grey\"><\/p>\n<p>Sirva como ejemplo el caso de Facebook. Puedes salir de la plataforma, pero la \u00fanica manera de que desaparezcan todos tus datos es borrar uno por uno cada uno de los v\u00eddeos, fotos o comentarios que has compartido en tu perfil. La pol\u00edtica de privacidad advierte de esto: \u00abIncluso tras haber eliminado la informaci\u00f3n de tu perfil o tras haber borrado tu cuenta, es posible que alguna copia de dicha informaci\u00f3n permanezca visible en alg\u00fan otro lugar\u00bb. Eso s\u00ed, tu nombre de usuaria dejar\u00e1 de estar asociado a esa informaci\u00f3n aunque podr\u00eda seguir apareciendo, pero su autor ser\u00eda un \u00abUsuario de Facebook an\u00f3nimo\u00bb. Asimismo, hay tipos espec\u00edficos de comunicaciones que no pueden eliminarse nunca, como los mensajes. Facebook puede tambi\u00e9n conservar algunos datos para evitar robos de identidades o conductas inadecuadas aunque se hayan eliminado las cuentas. De hecho, realiza \u00abcopias de seguridad\u00bb en las que almacena la informaci\u00f3n de las cuentas eliminadas durante un m\u00e1ximo de noventa d\u00edas.<\/p>\n<p>\n<div style=\"clear:both\"><\/div><\/div>\n","protected":false},"excerpt":{"rendered":"<p>1) Quien publica no tiene por qu\u00e9 ser titular del contenido Por regla general, la autora del contenido es el \u00fanico autorizado para publicarlo. Si se publican contenidos de otras, es obligatorio que obtengamos su consentimiento expreso, y a ser posible por escrito. 2) Es dif\u00edcil obtener una compensaci\u00f3n por el trabajo realizado Las redes [&hellip;]<\/p>\n","protected":false},"author":1,"featured_media":0,"parent":0,"menu_order":0,"comment_status":"closed","ping_status":"closed","template":"","meta":[],"acf":[],"_links":{"self":[{"href":"http:\/\/social-media-strategy.aula.uoc.edu\/legal\/es\/wp-json\/wp\/v2\/pages\/79"}],"collection":[{"href":"http:\/\/social-media-strategy.aula.uoc.edu\/legal\/es\/wp-json\/wp\/v2\/pages"}],"about":[{"href":"http:\/\/social-media-strategy.aula.uoc.edu\/legal\/es\/wp-json\/wp\/v2\/types\/page"}],"author":[{"embeddable":true,"href":"http:\/\/social-media-strategy.aula.uoc.edu\/legal\/es\/wp-json\/wp\/v2\/users\/1"}],"replies":[{"embeddable":true,"href":"http:\/\/social-media-strategy.aula.uoc.edu\/legal\/es\/wp-json\/wp\/v2\/comments?post=79"}],"version-history":[{"count":7,"href":"http:\/\/social-media-strategy.aula.uoc.edu\/legal\/es\/wp-json\/wp\/v2\/pages\/79\/revisions"}],"predecessor-version":[{"id":453,"href":"http:\/\/social-media-strategy.aula.uoc.edu\/legal\/es\/wp-json\/wp\/v2\/pages\/79\/revisions\/453"}],"wp:attachment":[{"href":"http:\/\/social-media-strategy.aula.uoc.edu\/legal\/es\/wp-json\/wp\/v2\/media?parent=79"}],"curies":[{"name":"wp","href":"https:\/\/api.w.org\/{rel}","templated":true}]}}