{"id":76,"date":"2017-11-27T13:31:51","date_gmt":"2017-11-27T13:31:51","guid":{"rendered":"http:\/\/social-media-strategy.aula.uoc.edu\/legal\/?page_id=76"},"modified":"2022-11-19T16:23:35","modified_gmt":"2022-11-19T16:23:35","slug":"3-4-1-consideraciones-generales","status":"publish","type":"page","link":"http:\/\/social-media-strategy.aula.uoc.edu\/legal\/es\/3-4-1-consideraciones-generales\/","title":{"rendered":"3.4.1. Consideraciones generales"},"content":{"rendered":"<p>La normativa relativa a la propiedad intelectual protege los derechos de las autoras sobre las obras art\u00edsticas, cient\u00edficas o literarias que les correspondan por su mera creaci\u00f3n (art. 1 LPI).<\/p>\n<p>Los medios sociales son plataformas donde se fomenta la creaci\u00f3n de contenidos multimedia, especialmente fotograf\u00edas y v\u00eddeos, lo que ha provocado que la propiedad intelectual, junto con la protecci\u00f3n de datos y la intimidad de las usuarias, pase a ser una de las cuestiones principales.<\/p>\n<p>En la medida en que los contenidos que compartimos por las redes, videoblogs, etc., se ajusten a los par\u00e1metros de la ley de propiedad intelectual (art. 10.1), quedar\u00e1n protegidos por los derechos de autora.<\/p>\n<p>Debemos puntualizar que los derechos de autora presentan una <strong>doble vertiente<\/strong>, moral y patrimonial:<\/p>\n<p>1) Derechos morales: son derechos inherentes a la persona f\u00edsica y, por tanto, irrenunciables. Entre ellos se encuentran la \u00abpaternidad\u00bb de la obra, la integridad de la misma, la decisi\u00f3n sobre su difusi\u00f3n y el reconocimiento de su autor\u00eda.<\/p>\n<p>2) Derechos patrimoniales: son los relativos a las actividades de reproducci\u00f3n, distribuci\u00f3n, comunicaci\u00f3n p\u00fablica y transformaci\u00f3n.<\/p>\n<p>La titular puede disponer de ellos y puede cederlos a terceras personas para su explotaci\u00f3n.<\/p>\n<p>&nbsp;<\/p>\n","protected":false},"excerpt":{"rendered":"<p>La normativa relativa a la propiedad intelectual protege los derechos de las autoras sobre las obras art\u00edsticas, cient\u00edficas o literarias que les correspondan por su mera creaci\u00f3n (art. 1 LPI). Los medios sociales son plataformas donde se fomenta la creaci\u00f3n de contenidos multimedia, especialmente fotograf\u00edas y v\u00eddeos, lo que ha provocado que la propiedad intelectual, [&hellip;]<\/p>\n","protected":false},"author":1,"featured_media":0,"parent":0,"menu_order":0,"comment_status":"closed","ping_status":"closed","template":"","meta":[],"acf":[],"_links":{"self":[{"href":"http:\/\/social-media-strategy.aula.uoc.edu\/legal\/es\/wp-json\/wp\/v2\/pages\/76"}],"collection":[{"href":"http:\/\/social-media-strategy.aula.uoc.edu\/legal\/es\/wp-json\/wp\/v2\/pages"}],"about":[{"href":"http:\/\/social-media-strategy.aula.uoc.edu\/legal\/es\/wp-json\/wp\/v2\/types\/page"}],"author":[{"embeddable":true,"href":"http:\/\/social-media-strategy.aula.uoc.edu\/legal\/es\/wp-json\/wp\/v2\/users\/1"}],"replies":[{"embeddable":true,"href":"http:\/\/social-media-strategy.aula.uoc.edu\/legal\/es\/wp-json\/wp\/v2\/comments?post=76"}],"version-history":[{"count":6,"href":"http:\/\/social-media-strategy.aula.uoc.edu\/legal\/es\/wp-json\/wp\/v2\/pages\/76\/revisions"}],"predecessor-version":[{"id":449,"href":"http:\/\/social-media-strategy.aula.uoc.edu\/legal\/es\/wp-json\/wp\/v2\/pages\/76\/revisions\/449"}],"wp:attachment":[{"href":"http:\/\/social-media-strategy.aula.uoc.edu\/legal\/es\/wp-json\/wp\/v2\/media?parent=76"}],"curies":[{"name":"wp","href":"https:\/\/api.w.org\/{rel}","templated":true}]}}