{"id":48,"date":"2017-11-27T12:54:20","date_gmt":"2017-11-27T12:54:20","guid":{"rendered":"http:\/\/social-media-strategy.aula.uoc.edu\/legal\/?page_id=48"},"modified":"2021-01-28T19:20:03","modified_gmt":"2021-01-28T19:20:03","slug":"3-2-1-introduccion","status":"publish","type":"page","link":"http:\/\/social-media-strategy.aula.uoc.edu\/legal\/es\/3-2-1-introduccion\/","title":{"rendered":"3.2.1. Introducci\u00f3n"},"content":{"rendered":"<p>La primera cuesti\u00f3n que se plantea al estudiar cualquier derecho no es sino la de dilucidar en qu\u00e9 consiste, es decir, qu\u00e9 intereses tutela, cu\u00e1l es su \u00e1mbito de protecci\u00f3n. Para ello, es imprescindible que comencemos analizando sus aspectos definitorios.<\/p>\n","protected":false},"excerpt":{"rendered":"<p>La primera cuesti\u00f3n que se plantea al estudiar cualquier derecho no es sino la de dilucidar en qu\u00e9 consiste, es decir, qu\u00e9 intereses tutela, cu\u00e1l es su \u00e1mbito de protecci\u00f3n. Para ello, es imprescindible que comencemos analizando sus aspectos definitorios.<\/p>\n","protected":false},"author":1,"featured_media":0,"parent":0,"menu_order":0,"comment_status":"closed","ping_status":"closed","template":"","meta":[],"acf":[],"_links":{"self":[{"href":"http:\/\/social-media-strategy.aula.uoc.edu\/legal\/es\/wp-json\/wp\/v2\/pages\/48"}],"collection":[{"href":"http:\/\/social-media-strategy.aula.uoc.edu\/legal\/es\/wp-json\/wp\/v2\/pages"}],"about":[{"href":"http:\/\/social-media-strategy.aula.uoc.edu\/legal\/es\/wp-json\/wp\/v2\/types\/page"}],"author":[{"embeddable":true,"href":"http:\/\/social-media-strategy.aula.uoc.edu\/legal\/es\/wp-json\/wp\/v2\/users\/1"}],"replies":[{"embeddable":true,"href":"http:\/\/social-media-strategy.aula.uoc.edu\/legal\/es\/wp-json\/wp\/v2\/comments?post=48"}],"version-history":[{"count":3,"href":"http:\/\/social-media-strategy.aula.uoc.edu\/legal\/es\/wp-json\/wp\/v2\/pages\/48\/revisions"}],"predecessor-version":[{"id":335,"href":"http:\/\/social-media-strategy.aula.uoc.edu\/legal\/es\/wp-json\/wp\/v2\/pages\/48\/revisions\/335"}],"wp:attachment":[{"href":"http:\/\/social-media-strategy.aula.uoc.edu\/legal\/es\/wp-json\/wp\/v2\/media?parent=48"}],"curies":[{"name":"wp","href":"https:\/\/api.w.org\/{rel}","templated":true}]}}