{"id":111,"date":"2017-11-27T14:30:04","date_gmt":"2017-11-27T14:30:04","guid":{"rendered":"http:\/\/social-media-strategy.aula.uoc.edu\/legal\/?page_id=111"},"modified":"2022-11-19T17:24:34","modified_gmt":"2022-11-19T17:24:34","slug":"4-conclusiones","status":"publish","type":"page","link":"http:\/\/social-media-strategy.aula.uoc.edu\/legal\/es\/4-conclusiones\/","title":{"rendered":"4. Conclusiones"},"content":{"rendered":"<p>Como es sabido, los Medios Sociales cumplen un papel fundamental en nuestras vidas, son un instrumento indispensable en nuestras relaciones personales y profesionales. Ahora bien, a pesar de las bondades de estos servicios, se ha visto que\u00a0 implican una serie de riesgos, por lo que resulta aconsejable tener un conocimiento adecuado tanto de la legislaci\u00f3n aplicable, como de las pol\u00edticas particulares de estas plataformas.<\/p>\n<p>Llegadas a este punto, concluiremos con una serie de recomendaciones, que cualquier responsable de publicaci\u00f3n en Medios Sociales debe tener en cuenta, y son las siguientes:<\/p>\n<p>1) Es aconsejable que la titular de una p\u00e1gina o perfil de cualquier medio social que permita a otras usuarias publicar sus comentarios, delimite de forma clara y visible una serie de advertencias acerca del contenido de las opiniones o mensajes que pueden ser vertidos a trav\u00e9s de la misma. De este modo, en caso de que se publiquen comentarios lesivos, quedar\u00e1 exento de responsabilidad (sin perjuicio de que, tan pronto como tenga conocimiento de los mismos, proceda a eliminarlos).<\/p>\n<p>2) Es imprescindible que la titular de la cuenta (o la responsable de publicaci\u00f3n) se cerciore de que los contenidos que se comparten a trav\u00e9s de su p\u00e1gina o perfil en la red social no vulneran derechos de autora. Como regla general, reproducir contenidos de otros sin su consentimiento es ilegal. No obstante, es posible hacer uso de contenidos publicados previamente por terceras cuando las licencias asignadas a dichos contenidos lo permitan (como ocurre con las licencias Creative Commons).<\/p>\n<p>3) Es esencial que las publicaciones en los <em>social media<\/em> respeten los derechos fundamentales al honor, a la intimidad y a la propia imagen, y tambi\u00e9n los derechos de autora y los derechos de protecci\u00f3n de datos.<\/p>\n<p>4) Con respecto a las actividades publicitarias, es importante tener presentes las normas propias de cada uno de los medios sociales, dado que algunos imponen pautas espec\u00edficas a la hora de realizar sorteos, concursos o promociones.<\/p>\n","protected":false},"excerpt":{"rendered":"<p>Como es sabido, los Medios Sociales cumplen un papel fundamental en nuestras vidas, son un instrumento indispensable en nuestras relaciones personales y profesionales. Ahora bien, a pesar de las bondades de estos servicios, se ha visto que\u00a0 implican una serie de riesgos, por lo que resulta aconsejable tener un conocimiento adecuado tanto de la legislaci\u00f3n [&hellip;]<\/p>\n","protected":false},"author":1,"featured_media":0,"parent":0,"menu_order":0,"comment_status":"closed","ping_status":"closed","template":"","meta":[],"acf":[],"_links":{"self":[{"href":"http:\/\/social-media-strategy.aula.uoc.edu\/legal\/es\/wp-json\/wp\/v2\/pages\/111"}],"collection":[{"href":"http:\/\/social-media-strategy.aula.uoc.edu\/legal\/es\/wp-json\/wp\/v2\/pages"}],"about":[{"href":"http:\/\/social-media-strategy.aula.uoc.edu\/legal\/es\/wp-json\/wp\/v2\/types\/page"}],"author":[{"embeddable":true,"href":"http:\/\/social-media-strategy.aula.uoc.edu\/legal\/es\/wp-json\/wp\/v2\/users\/1"}],"replies":[{"embeddable":true,"href":"http:\/\/social-media-strategy.aula.uoc.edu\/legal\/es\/wp-json\/wp\/v2\/comments?post=111"}],"version-history":[{"count":4,"href":"http:\/\/social-media-strategy.aula.uoc.edu\/legal\/es\/wp-json\/wp\/v2\/pages\/111\/revisions"}],"predecessor-version":[{"id":481,"href":"http:\/\/social-media-strategy.aula.uoc.edu\/legal\/es\/wp-json\/wp\/v2\/pages\/111\/revisions\/481"}],"wp:attachment":[{"href":"http:\/\/social-media-strategy.aula.uoc.edu\/legal\/es\/wp-json\/wp\/v2\/media?parent=111"}],"curies":[{"name":"wp","href":"https:\/\/api.w.org\/{rel}","templated":true}]}}