{"id":108,"date":"2017-11-27T14:28:56","date_gmt":"2017-11-27T14:28:56","guid":{"rendered":"http:\/\/social-media-strategy.aula.uoc.edu\/legal\/?page_id=108"},"modified":"2022-11-19T17:18:18","modified_gmt":"2022-11-19T17:18:18","slug":"3-5-7-comunidades-de-contenidos-youtube","status":"publish","type":"page","link":"http:\/\/social-media-strategy.aula.uoc.edu\/legal\/es\/3-5-7-comunidades-de-contenidos-youtube\/","title":{"rendered":"3.5.7. Comunidades de contenidos: YouTube"},"content":{"rendered":"<p>Youtube sigue siendo el mayor repositorio de videos en la Red.<\/p>\n<p>1) Reglas sobre contenido<\/p>\n<p>Para enviar contenido a Youtube simplemente habr\u00e1 que registrarse y respetar las siguientes pautas:<\/p>\n<ul>\n<li>No publicar contenidos ilegales. YouTube proh\u00edbe la divulgaci\u00f3n de cualquier contenido que contenga material cuya posesi\u00f3n sea ilegal para la propia usuaria en su pa\u00eds de residencia, o cuya utilizaci\u00f3n o posesi\u00f3n sea ilegal para YouTube en relaci\u00f3n con la prestaci\u00f3n de los servicios.<\/li>\n<li>No publicar contenidos de terceras sin consentimiento. El contenido que la usuaria proporciona a YouTube no contendr\u00e1 material sujeto a derechos de propiedad intelectual de terceras o a otros derechos de propiedad industrial (incluyendo derechos de exclusividad o publicidad), salvo que el titular legal de dichos derechos le haya otorgado una licencia o autorizaci\u00f3n formal.<\/li>\n<\/ul>\n<p>2) Pol\u00edtica de derechos de autora<\/p>\n<p>Los derechos de autora son un tema importante para toda la comunidad de YouTube. Por eso, en la propia <em>web<\/em> incluye abundante informaci\u00f3n al respecto.<\/p>\n<p>Conviene recordar que el mero hecho de aparecer en un v\u00eddeo, una imagen o una grabaci\u00f3n de audio no significa que seamos propietarios de los derechos de autora de este material.<\/p>\n<p>3) Licencias sobre el contenido<\/p>\n<p>YouTube permite que las usuarias marquen sus v\u00eddeos con una licencia CC BY de <em>Creative Commons<\/em>. As\u00ed, estos v\u00eddeos estar\u00e1n accesibles para que las usuarias de YouTube los utilicen (incluso de manera comercial) en sus propios v\u00eddeos a trav\u00e9s del Editor de v\u00eddeo de <em>YouTube<\/em>.<\/p>\n<p>Ahora bien, solo se podr\u00e1n marcar con una licencia de este tipo los siguientes videos:<\/p>\n<ul>\n<li>Aquellos con contenido original creado por la propia usuaria.<\/li>\n<li>Otros v\u00eddeos marcados con una licencia CC BY.<\/li>\n<li>V\u00eddeos que sean de dominio p\u00fablico.<\/li>\n<\/ul>\n","protected":false},"excerpt":{"rendered":"<p>Youtube sigue siendo el mayor repositorio de videos en la Red. 1) Reglas sobre contenido Para enviar contenido a Youtube simplemente habr\u00e1 que registrarse y respetar las siguientes pautas: No publicar contenidos ilegales. YouTube proh\u00edbe la divulgaci\u00f3n de cualquier contenido que contenga material cuya posesi\u00f3n sea ilegal para la propia usuaria en su pa\u00eds de [&hellip;]<\/p>\n","protected":false},"author":1,"featured_media":0,"parent":0,"menu_order":0,"comment_status":"closed","ping_status":"closed","template":"","meta":[],"acf":[],"_links":{"self":[{"href":"http:\/\/social-media-strategy.aula.uoc.edu\/legal\/es\/wp-json\/wp\/v2\/pages\/108"}],"collection":[{"href":"http:\/\/social-media-strategy.aula.uoc.edu\/legal\/es\/wp-json\/wp\/v2\/pages"}],"about":[{"href":"http:\/\/social-media-strategy.aula.uoc.edu\/legal\/es\/wp-json\/wp\/v2\/types\/page"}],"author":[{"embeddable":true,"href":"http:\/\/social-media-strategy.aula.uoc.edu\/legal\/es\/wp-json\/wp\/v2\/users\/1"}],"replies":[{"embeddable":true,"href":"http:\/\/social-media-strategy.aula.uoc.edu\/legal\/es\/wp-json\/wp\/v2\/comments?post=108"}],"version-history":[{"count":7,"href":"http:\/\/social-media-strategy.aula.uoc.edu\/legal\/es\/wp-json\/wp\/v2\/pages\/108\/revisions"}],"predecessor-version":[{"id":477,"href":"http:\/\/social-media-strategy.aula.uoc.edu\/legal\/es\/wp-json\/wp\/v2\/pages\/108\/revisions\/477"}],"wp:attachment":[{"href":"http:\/\/social-media-strategy.aula.uoc.edu\/legal\/es\/wp-json\/wp\/v2\/media?parent=108"}],"curies":[{"name":"wp","href":"https:\/\/api.w.org\/{rel}","templated":true}]}}