{"id":105,"date":"2017-11-27T14:26:40","date_gmt":"2017-11-27T14:26:40","guid":{"rendered":"http:\/\/social-media-strategy.aula.uoc.edu\/legal\/?page_id=105"},"modified":"2022-11-19T17:13:28","modified_gmt":"2022-11-19T17:13:28","slug":"3-5-6-podcasting-ivoox","status":"publish","type":"page","link":"http:\/\/social-media-strategy.aula.uoc.edu\/legal\/es\/3-5-6-podcasting-ivoox\/","title":{"rendered":"3.5.6. Podcasting: Ivoox"},"content":{"rendered":"<p><em>Ivoox<\/em> es una comunidad de audio a la carta en castellano.<\/p>\n<p>En sus condiciones legales establece una serie de <em>obligaciones para sus usuarias.<\/em><\/p>\n<blockquote><p>\u00abDe modo ilustrativo y no limitativo, est\u00e1 prohibido: utilizar contenidos injuriosos o calumniosos, con independencia de que esos contenidos afecten a otros usuarios o a otras personas o empresas, utilizar contenidos pornogr\u00e1ficos o que vulneren las leyes de protecci\u00f3n de menores, o hacer publicidad, ofrecer o distribuir productos pornogr\u00e1ficos o que vulneren las leyes de protecci\u00f3n de menores, molestar a otros usuarios (especialmente mediante <em>spam<\/em>),utilizar contenidos protegidos legalmente (p. ej. por la legislaci\u00f3n relativa a la propiedad intelectual, a marcas, a patentes, a modelos de utilidad o a modelos est\u00e9ticos) sin tener derecho a ello, o hacer publicidad, ofrecer o distribuir bienes o servicios protegidos legalmente, as\u00ed como realizar o fomentar acciones contrarias a la libre competencia, incluidas las encaminadas a la captaci\u00f3n de clientes progresiva.\u00bb<\/p><\/blockquote>\n<p>Asimismo, est\u00e1 prohibida la publicaci\u00f3n de contenidos:<\/p>\n<ul>\n<li>Que sean presuntamente il\u00edcitos por la normativa nacional, comunitaria o internacional o que realicen actividades presuntamente il\u00edcitas o contravengan los principios de la buena fe.<\/li>\n<li>Que atenten contra los derechos fundamentales de las personas, puedan buscar la debilidad de las usuarias, falten a la cortes\u00eda en la red, molesten o puedan generar opiniones negativas en nuestras usuarias o terceros. En concreto, cualesquiera de los derechos legales de terceras; aquellos que favorezcan o potencien la creaci\u00f3n, mantenimiento y fomento de negocios relacionados con la pornograf\u00eda, material obsceno o gesti\u00f3n de contactos er\u00f3ticos; aquellos que est\u00e9n relacionados con la videncia, tarot, \u201cciencias ocultas\u201d o cualquier otro contenido relacionado; y en general cualesquiera contenidos que IVOOX considere no apropiados para las usuarias y, en especial, para las menores de edad.<\/li>\n<li>Y en general que contravengan los principios de legalidad, honradez, responsabilidad, protecci\u00f3n de la dignidad humana, protecci\u00f3n de menores, protecci\u00f3n del orden p\u00fablico, la protecci\u00f3n de la vida privada, la protecci\u00f3n del consumidor y los derechos de propiedad intelectual e industrial.<\/li>\n<\/ul>\n","protected":false},"excerpt":{"rendered":"<p>Ivoox es una comunidad de audio a la carta en castellano. En sus condiciones legales establece una serie de obligaciones para sus usuarias. \u00abDe modo ilustrativo y no limitativo, est\u00e1 prohibido: utilizar contenidos injuriosos o calumniosos, con independencia de que esos contenidos afecten a otros usuarios o a otras personas o empresas, utilizar contenidos pornogr\u00e1ficos [&hellip;]<\/p>\n","protected":false},"author":1,"featured_media":0,"parent":0,"menu_order":0,"comment_status":"closed","ping_status":"closed","template":"","meta":[],"acf":[],"_links":{"self":[{"href":"http:\/\/social-media-strategy.aula.uoc.edu\/legal\/es\/wp-json\/wp\/v2\/pages\/105"}],"collection":[{"href":"http:\/\/social-media-strategy.aula.uoc.edu\/legal\/es\/wp-json\/wp\/v2\/pages"}],"about":[{"href":"http:\/\/social-media-strategy.aula.uoc.edu\/legal\/es\/wp-json\/wp\/v2\/types\/page"}],"author":[{"embeddable":true,"href":"http:\/\/social-media-strategy.aula.uoc.edu\/legal\/es\/wp-json\/wp\/v2\/users\/1"}],"replies":[{"embeddable":true,"href":"http:\/\/social-media-strategy.aula.uoc.edu\/legal\/es\/wp-json\/wp\/v2\/comments?post=105"}],"version-history":[{"count":6,"href":"http:\/\/social-media-strategy.aula.uoc.edu\/legal\/es\/wp-json\/wp\/v2\/pages\/105\/revisions"}],"predecessor-version":[{"id":473,"href":"http:\/\/social-media-strategy.aula.uoc.edu\/legal\/es\/wp-json\/wp\/v2\/pages\/105\/revisions\/473"}],"wp:attachment":[{"href":"http:\/\/social-media-strategy.aula.uoc.edu\/legal\/es\/wp-json\/wp\/v2\/media?parent=105"}],"curies":[{"name":"wp","href":"https:\/\/api.w.org\/{rel}","templated":true}]}}