{"id":100,"date":"2017-11-27T13:54:06","date_gmt":"2017-11-27T13:54:06","guid":{"rendered":"http:\/\/social-media-strategy.aula.uoc.edu\/legal\/?page_id=100"},"modified":"2022-11-19T16:54:27","modified_gmt":"2022-11-19T16:54:27","slug":"3-5-5-wikis-wikipedia","status":"publish","type":"page","link":"http:\/\/social-media-strategy.aula.uoc.edu\/legal\/es\/3-5-5-wikis-wikipedia\/","title":{"rendered":"3.5.5. <em>Wikis<\/em>: Wikipedia"},"content":{"rendered":"<p>Wikipedia es la enciclopedia <em>online<\/em> por excelencia. A trav\u00e9s de su web podemos acceder las normas de uso e informaci\u00f3n legal que pone a disposici\u00f3n de sus usuarias.<\/p>\n<p>1) Pol\u00edtica de privacidad<\/p>\n<p>Cualquier contenido que se a\u00f1ada o cualquier cambio que se haga a un sitio de <em>Wikimedia,<\/em> ser\u00e1 p\u00fablico y podr\u00eda estar disponible permanentemente. <em>Wikipedia<\/em> utiliza en sus publicaciones una licencia <em>Creative Commons<\/em> que permite el uso de sus contenidos con fines no comerciales, exigiendo s\u00f3lo la atribuci\u00f3n a la autora.<\/p>\n<p>2) T\u00e9rminos y condiciones de uso: las reglas de Wikipedia<\/p>\n<p>Wikipedia pide a sus creadoras de contenidos que se abstengan de realizar determinadas actividades, como por ejemplo:<\/p>\n<ul>\n<li>Participar en hostigamiento, acoso, amenazas, acecho, publicidad (<em>spam<\/em>) o vandalismo.<\/li>\n<li>Infringir los derechos a la intimidad personal de los dem\u00e1s.<\/li>\n<li>Publicar de manera intencionada contenido que constituya injurias, calumnias o que sea difamatorio.<\/li>\n<li>Publicar, con el intento de enga\u00f1ar, contenido falso o inexacto.<\/li>\n<li>Infringir derechos de autora, marcas registradas, patentes, etc.<\/li>\n<li>Publicar pornograf\u00eda infantil, material obsceno o cualquier otro contenido il\u00edcito seg\u00fan leyes aplicables.<\/li>\n<\/ul>\n<p>3) Limitaci\u00f3n de responsabilidad<\/p>\n<p><em>Wikipedia<\/em> advierte de que ninguno de las autoras, editoras, colaboradoras, patrocinadoras, administradoras, operadoras de sistema, ni ninguna otra persona relacionada de cualquier manera con Wikipedia, en caso alguno, puede ser considerada legalmente responsable de la aparici\u00f3n de informaci\u00f3n inexacta, err\u00f3nea o difamatoria, o por el uso que la usuaria haga de la informaci\u00f3n contenida en sus p\u00e1ginas o que est\u00e9 enlazada desde o hacia ellas.<\/p>\n<p>Es decir, la responsabilidad que pudiera exigirse sobre cualquier contenido recaer\u00e1 en todo caso sobre la autora.<\/p>\n","protected":false},"excerpt":{"rendered":"<p>Wikipedia es la enciclopedia online por excelencia. A trav\u00e9s de su web podemos acceder las normas de uso e informaci\u00f3n legal que pone a disposici\u00f3n de sus usuarias. 1) Pol\u00edtica de privacidad Cualquier contenido que se a\u00f1ada o cualquier cambio que se haga a un sitio de Wikimedia, ser\u00e1 p\u00fablico y podr\u00eda estar disponible permanentemente. [&hellip;]<\/p>\n","protected":false},"author":1,"featured_media":0,"parent":0,"menu_order":0,"comment_status":"closed","ping_status":"closed","template":"","meta":[],"acf":[],"_links":{"self":[{"href":"http:\/\/social-media-strategy.aula.uoc.edu\/legal\/es\/wp-json\/wp\/v2\/pages\/100"}],"collection":[{"href":"http:\/\/social-media-strategy.aula.uoc.edu\/legal\/es\/wp-json\/wp\/v2\/pages"}],"about":[{"href":"http:\/\/social-media-strategy.aula.uoc.edu\/legal\/es\/wp-json\/wp\/v2\/types\/page"}],"author":[{"embeddable":true,"href":"http:\/\/social-media-strategy.aula.uoc.edu\/legal\/es\/wp-json\/wp\/v2\/users\/1"}],"replies":[{"embeddable":true,"href":"http:\/\/social-media-strategy.aula.uoc.edu\/legal\/es\/wp-json\/wp\/v2\/comments?post=100"}],"version-history":[{"count":9,"href":"http:\/\/social-media-strategy.aula.uoc.edu\/legal\/es\/wp-json\/wp\/v2\/pages\/100\/revisions"}],"predecessor-version":[{"id":469,"href":"http:\/\/social-media-strategy.aula.uoc.edu\/legal\/es\/wp-json\/wp\/v2\/pages\/100\/revisions\/469"}],"wp:attachment":[{"href":"http:\/\/social-media-strategy.aula.uoc.edu\/legal\/es\/wp-json\/wp\/v2\/media?parent=100"}],"curies":[{"name":"wp","href":"https:\/\/api.w.org\/{rel}","templated":true}]}}