{"id":54,"date":"2022-03-09T07:55:28","date_gmt":"2022-03-09T07:55:28","guid":{"rendered":"http:\/\/social-media-strategy.aula.uoc.edu\/intro\/?page_id=54"},"modified":"2022-03-09T07:55:28","modified_gmt":"2022-03-09T07:55:28","slug":"introduccion","status":"publish","type":"page","link":"http:\/\/social-media-strategy.aula.uoc.edu\/intro\/es\/","title":{"rendered":"Introducci\u00f3n"},"content":{"rendered":"<p>La estrategia de <em>social media<\/em> siempre se tiene que construir sobre la estrategia global del negocio o empresa en que estemos. Por esta raz\u00f3n, antes de definir los objetivos que perseguiremos en <em>social media<\/em>, es clave conocer los objetivos globales del negocio, puesto que los primeros tendr\u00e1n que ayudar a lograr los segundos.<\/p>\n<p>Para plasmar las necesidades de nuestra estrategia de <em>social media<\/em> en un documento que se compartir\u00e1 entre todos los equipos implicados a dise\u00f1arla, ejecutarla y mesurar los resultados, se tiene que elaborar el plan de<em> social media<\/em>, un documento inicial que resume toda la informaci\u00f3n clave y necesaria para preparar una estrategia. Tambi\u00e9n se elaboran planes de <em>social media<\/em> espec\u00edficos para ciertas acciones concretas dentro de la estrategia de <em>social media<\/em>, como por ejemplo una campa\u00f1a de publicidad.<\/p>\n<p>En esta asignatura, nos centraremos en algunos aspectos de tres de las fases del <em>social media plan<\/em> (investigaci\u00f3n, planificaci\u00f3n, ejecuci\u00f3n y valoraci\u00f3n), que nos permitir\u00e1n dise\u00f1ar el plan de acci\u00f3n en <em>social media<\/em>: la <strong>planificaci\u00f3n<\/strong>, la <strong>ejecuci\u00f3n<\/strong> y la <strong>evaluaci\u00f3n<\/strong>.<\/p>\n","protected":false},"excerpt":{"rendered":"<p>La estrategia de social media siempre se tiene que construir sobre la estrategia global del negocio o empresa en que estemos. Por esta raz\u00f3n, antes de definir los objetivos que perseguiremos en social media, es clave conocer los objetivos globales del negocio, puesto que los primeros tendr\u00e1n que ayudar a lograr los segundos. Para plasmar [&hellip;]<\/p>\n","protected":false},"author":1,"featured_media":0,"parent":0,"menu_order":0,"comment_status":"closed","ping_status":"closed","template":"","meta":[],"acf":[],"_links":{"self":[{"href":"http:\/\/social-media-strategy.aula.uoc.edu\/intro\/es\/wp-json\/wp\/v2\/pages\/54"}],"collection":[{"href":"http:\/\/social-media-strategy.aula.uoc.edu\/intro\/es\/wp-json\/wp\/v2\/pages"}],"about":[{"href":"http:\/\/social-media-strategy.aula.uoc.edu\/intro\/es\/wp-json\/wp\/v2\/types\/page"}],"author":[{"embeddable":true,"href":"http:\/\/social-media-strategy.aula.uoc.edu\/intro\/es\/wp-json\/wp\/v2\/users\/1"}],"replies":[{"embeddable":true,"href":"http:\/\/social-media-strategy.aula.uoc.edu\/intro\/es\/wp-json\/wp\/v2\/comments?post=54"}],"version-history":[{"count":1,"href":"http:\/\/social-media-strategy.aula.uoc.edu\/intro\/es\/wp-json\/wp\/v2\/pages\/54\/revisions"}],"predecessor-version":[{"id":55,"href":"http:\/\/social-media-strategy.aula.uoc.edu\/intro\/es\/wp-json\/wp\/v2\/pages\/54\/revisions\/55"}],"wp:attachment":[{"href":"http:\/\/social-media-strategy.aula.uoc.edu\/intro\/es\/wp-json\/wp\/v2\/media?parent=54"}],"curies":[{"name":"wp","href":"https:\/\/api.w.org\/{rel}","templated":true}]}}