{"id":354,"date":"2017-11-28T13:21:05","date_gmt":"2017-11-28T13:21:05","guid":{"rendered":"http:\/\/social-media-strategy.aula.uoc.edu\/in\/3-8-formulas-innovadoras-de-comunicacion\/"},"modified":"2017-12-04T14:24:04","modified_gmt":"2017-12-04T14:24:04","slug":"3-8-formules-innovadores-de-comunicacio","status":"publish","type":"page","link":"http:\/\/social-media-strategy.aula.uoc.edu\/in\/3-8-formules-innovadores-de-comunicacio\/","title":{"rendered":"3.8. F\u00f3rmules innovadores de comunicaci\u00f3"},"content":{"rendered":"<p>Si ens fixem en tres de les macrotend\u00e8ncies actuals, com el NOWism, Always On i la ludificaci\u00f3, veurem que tenen molt a veure amb la forma de comunicar-nos. Si aix\u00f2 ho ajuntem amb la internet de les coses (IoT), encara surten m\u00e9s opcions de comunicaci\u00f3. Aix\u00ed, doncs, tenim un llarg trajecte per rec\u00f3rrer en aquest sentit. Des d&#8217;exemples d&#8217;animals que parlen a Twitter, fins a \u00abcoses\u00bb (<em>things<\/em>), que ens piularan el seu estat.<\/p>\n<div class=\"featured featured-grey\"><\/p>\n<h4>Exemple<\/h4>\n<p>Podem trobar plantes que piulen, com @pothos (s\u00ed, \u00e9s ella mateixa qui piula). Es tracta d&#8217;un <em>gadget<\/em> creat per <em>botanicalls.com<\/em> que permet a la planta piular que li falta aigua, la humitat que t\u00e9, o fins i tot indicar si l&#8217;han regada b\u00e9 o malament.<\/p>\n<p>Tamb\u00e9 hi ha serveis de comunicaci\u00f3 en els quals l&#8217;usuari pot enviar una frase i li contesten amb una informaci\u00f3, com l&#8217;Ajuntament de Matar\u00f3 per WhatsApp, o @TrabberOfertas al qual si se li envia, per exemple, \u00abvol Madrid Barcelona\u00bb, envia les ofertes de qu\u00e8 disposa.<\/p>\n<div style=\"clear:both\"><\/div><\/div>\n<p>Cal recordar que innovar \u00e9s:<\/p>\n<blockquote><p>\u00abLa capacitat sostinguda de canviar el que realment compta.\u00bb<\/p><\/blockquote>\n<div class=\"blockquote-author\"><p>Jeffey Immelt, citat per Vil\u00e0 (2010, p\u00e0g. 266)<\/p>\n<\/div>\n","protected":false},"excerpt":{"rendered":"<p>Si ens fixem en tres de les macrotend\u00e8ncies actuals, com el NOWism, Always On i la ludificaci\u00f3, veurem que tenen molt a veure amb la forma de comunicar-nos. Si aix\u00f2 ho ajuntem amb la internet de les coses (IoT), encara surten m\u00e9s opcions de comunicaci\u00f3. Aix\u00ed, doncs, tenim un llarg trajecte per rec\u00f3rrer en aquest [&hellip;]<\/p>\n","protected":false},"author":1,"featured_media":0,"parent":0,"menu_order":0,"comment_status":"closed","ping_status":"closed","template":"","meta":[],"acf":[],"_links":{"self":[{"href":"http:\/\/social-media-strategy.aula.uoc.edu\/in\/wp-json\/wp\/v2\/pages\/354"}],"collection":[{"href":"http:\/\/social-media-strategy.aula.uoc.edu\/in\/wp-json\/wp\/v2\/pages"}],"about":[{"href":"http:\/\/social-media-strategy.aula.uoc.edu\/in\/wp-json\/wp\/v2\/types\/page"}],"author":[{"embeddable":true,"href":"http:\/\/social-media-strategy.aula.uoc.edu\/in\/wp-json\/wp\/v2\/users\/1"}],"replies":[{"embeddable":true,"href":"http:\/\/social-media-strategy.aula.uoc.edu\/in\/wp-json\/wp\/v2\/comments?post=354"}],"version-history":[{"count":2,"href":"http:\/\/social-media-strategy.aula.uoc.edu\/in\/wp-json\/wp\/v2\/pages\/354\/revisions"}],"predecessor-version":[{"id":358,"href":"http:\/\/social-media-strategy.aula.uoc.edu\/in\/wp-json\/wp\/v2\/pages\/354\/revisions\/358"}],"wp:attachment":[{"href":"http:\/\/social-media-strategy.aula.uoc.edu\/in\/wp-json\/wp\/v2\/media?parent=354"}],"curies":[{"name":"wp","href":"https:\/\/api.w.org\/{rel}","templated":true}]}}