{"id":331,"date":"2017-11-28T13:15:54","date_gmt":"2017-11-28T13:15:54","guid":{"rendered":"http:\/\/social-media-strategy.aula.uoc.edu\/in\/3-4-como-desarrollar-nuevas-formas-de-comunicacion-en-plataformas-existentes\/"},"modified":"2018-02-21T16:05:05","modified_gmt":"2018-02-21T16:05:05","slug":"3-4-com-desenvolupar-noves-formes-de-comunicacio-en-plataformes","status":"publish","type":"page","link":"http:\/\/social-media-strategy.aula.uoc.edu\/in\/3-4-com-desenvolupar-noves-formes-de-comunicacio-en-plataformes\/","title":{"rendered":"3.4. Com desenvolupar noves formes de comunicaci\u00f3 en plataformes"},"content":{"rendered":"<p>Aquesta \u00e9s una de les maneres d&#8217;innovar que ha d&#8217;enlairar-se en breu ja que, com hem dit, innovar tamb\u00e9 \u00e9s utilitzar la tecnologia per a usos diferents de l&#8217;establert.<\/p>\n<p>Les plataformes m\u00e9s importants de comunicaci\u00f3 (a m\u00e9s de les grans com Twitter, Facebook o Instagram) s&#8217;estan convertint en portals de compra, com Amazon, o de reserves, com TripAdvisor, i fins i tot en f\u00f2rums tem\u00e0tics. La companyia pot contestar les preguntes i els comentaris dels clients. Avui dia hi ha infinitat d&#8217;usuaris que pregunten per un servei o per un producte com el que pots oferir a internet, i no tot es mou en el cercador de Google. Per tant, cal analitzar les diferents plataformes, trobar les m\u00e9s adequades i intentar posar alertes per a \u00abser all\u00e0\u00bb quan una persona pregunti. Hem de tenir en compte que la gent no vol publicitat invasiva, per\u00f2 l&#8217;adora quan l&#8217;est\u00e0 buscant. <a href=\"javascript:void(0);\" class=\"tooltip\" data-toggle=\"popover\" data-placement=\"bottom\" data-content=\"<b>V\u00eddeo recomanat<\/b><br \/><br \/><b>I. Vallv\u00e9<\/b> (2014). \u00ab<a href='https:\/\/www.youtube.com\/watch?v=DM7hvprVKiM' target=_blank'>Neuromarketing sobre evoluci\u00f3n de las webs gr\u00e1ficas<\/a>\u00bb. Forum Turis-TIC 2014. \" data-placement=\"top\" data-html=\"true\">Estudis del neurom\u00e0rqueting<\/a> suggereixen que gaireb\u00e9 no veiem un anunci tret que hi estiguem interessats.<\/p>\n<p>A partir d&#8217;aquesta premissa, hem d&#8217;observar, analitzar el comportament i entrevistar i idear solucions per a cobrir aquestes necessitats.<\/p>\n<h4><\/h4>\n<div class=\"featured featured-grey\"><\/p>\n<h4>Exemple<\/h4>\n<p>WhatsApp s&#8217;utilitza per a moltes coses, a part de parlar amb els amics. La gent fa grups per a compartir fotografies, es creen grups d&#8217;alumnes per a estar al dia d&#8217;anotacions, hi ha grups d&#8217;aficions, etc. Fins i tot l&#8217;\u00faltima tend\u00e8ncia \u00e9s que l&#8217;utilitzin les empreses per a fer \u00abWhatsApp reports\u00bb i mantenir tothom informat del que passa en els departaments.<\/p>\n<p>\n<div style=\"clear:both\"><\/div><\/div>\n","protected":false},"excerpt":{"rendered":"<p>Aquesta \u00e9s una de les maneres d&#8217;innovar que ha d&#8217;enlairar-se en breu ja que, com hem dit, innovar tamb\u00e9 \u00e9s utilitzar la tecnologia per a usos diferents de l&#8217;establert. Les plataformes m\u00e9s importants de comunicaci\u00f3 (a m\u00e9s de les grans com Twitter, Facebook o Instagram) s&#8217;estan convertint en portals de compra, com Amazon, o de [&hellip;]<\/p>\n","protected":false},"author":1,"featured_media":0,"parent":0,"menu_order":0,"comment_status":"closed","ping_status":"closed","template":"","meta":[],"acf":[],"_links":{"self":[{"href":"http:\/\/social-media-strategy.aula.uoc.edu\/in\/wp-json\/wp\/v2\/pages\/331"}],"collection":[{"href":"http:\/\/social-media-strategy.aula.uoc.edu\/in\/wp-json\/wp\/v2\/pages"}],"about":[{"href":"http:\/\/social-media-strategy.aula.uoc.edu\/in\/wp-json\/wp\/v2\/types\/page"}],"author":[{"embeddable":true,"href":"http:\/\/social-media-strategy.aula.uoc.edu\/in\/wp-json\/wp\/v2\/users\/1"}],"replies":[{"embeddable":true,"href":"http:\/\/social-media-strategy.aula.uoc.edu\/in\/wp-json\/wp\/v2\/comments?post=331"}],"version-history":[{"count":3,"href":"http:\/\/social-media-strategy.aula.uoc.edu\/in\/wp-json\/wp\/v2\/pages\/331\/revisions"}],"predecessor-version":[{"id":385,"href":"http:\/\/social-media-strategy.aula.uoc.edu\/in\/wp-json\/wp\/v2\/pages\/331\/revisions\/385"}],"wp:attachment":[{"href":"http:\/\/social-media-strategy.aula.uoc.edu\/in\/wp-json\/wp\/v2\/media?parent=331"}],"curies":[{"name":"wp","href":"https:\/\/api.w.org\/{rel}","templated":true}]}}