{"id":290,"date":"2017-11-28T12:36:45","date_gmt":"2017-11-28T12:36:45","guid":{"rendered":"http:\/\/social-media-strategy.aula.uoc.edu\/in\/2-2-5-scamper\/"},"modified":"2017-12-04T13:50:11","modified_gmt":"2017-12-04T13:50:11","slug":"2-2-5-scamper","status":"publish","type":"page","link":"http:\/\/social-media-strategy.aula.uoc.edu\/in\/2-2-5-scamper\/","title":{"rendered":"2.2.5. <em>Scamper<\/em>"},"content":{"rendered":"<p>Creada per Bob Eberlee (Viquip\u00e8dia, s\/d), \u00e9s una t\u00e8cnica per a generar idees, en la qual es duen a terme accions sobre una idea central o producte per a generar noves idees o nous productes.<\/p>\n<p>El nom d&#8217;<a href=\"javascript:void(0);\" class=\"tooltip\" data-toggle=\"popover\" data-placement=\"bottom\" data-content=\"<b>Les inicials d'<em>scamper<\/em><\/b><br \/><br \/><em>Substitute<\/em><br \/><em>Combine<\/em><br \/><em>Adapt<\/em><br \/><em>Modify<\/em><br \/><em>Put to another Use<\/em><br \/><em>Eliminate<\/em><br \/><em>Rearrange<\/em>\" data-placement=\"top\" data-html=\"true\"><em>scamper<\/em><\/a> ve de les inicials, en angl\u00e8s, de les accions que proposa, en l&#8217;ordre que les proposa.<\/p>\n<p>Aquesta t\u00e8cnica proposa fer preguntes amb cadascuna de les accions, com, per exemple: qu\u00e8 es pot substituir?, qu\u00e8 es pot combinar?, etc. (Viquip\u00e8dia, s\/d).<\/p>\n<p>Les preguntes sempre es formularan en ordre i apuntant nom\u00e9s les idees que se&#8217;ns ocorren amb la finalitat de desenvolupar-les posteriorment.<\/p>\n","protected":false},"excerpt":{"rendered":"<p>Creada per Bob Eberlee (Viquip\u00e8dia, s\/d), \u00e9s una t\u00e8cnica per a generar idees, en la qual es duen a terme accions sobre una idea central o producte per a generar noves idees o nous productes. El nom d&#8217; ve de les inicials, en angl\u00e8s, de les accions que proposa, en l&#8217;ordre que les proposa. Aquesta [&hellip;]<\/p>\n","protected":false},"author":1,"featured_media":0,"parent":0,"menu_order":0,"comment_status":"closed","ping_status":"closed","template":"","meta":[],"acf":[],"_links":{"self":[{"href":"http:\/\/social-media-strategy.aula.uoc.edu\/in\/wp-json\/wp\/v2\/pages\/290"}],"collection":[{"href":"http:\/\/social-media-strategy.aula.uoc.edu\/in\/wp-json\/wp\/v2\/pages"}],"about":[{"href":"http:\/\/social-media-strategy.aula.uoc.edu\/in\/wp-json\/wp\/v2\/types\/page"}],"author":[{"embeddable":true,"href":"http:\/\/social-media-strategy.aula.uoc.edu\/in\/wp-json\/wp\/v2\/users\/1"}],"replies":[{"embeddable":true,"href":"http:\/\/social-media-strategy.aula.uoc.edu\/in\/wp-json\/wp\/v2\/comments?post=290"}],"version-history":[{"count":2,"href":"http:\/\/social-media-strategy.aula.uoc.edu\/in\/wp-json\/wp\/v2\/pages\/290\/revisions"}],"predecessor-version":[{"id":294,"href":"http:\/\/social-media-strategy.aula.uoc.edu\/in\/wp-json\/wp\/v2\/pages\/290\/revisions\/294"}],"wp:attachment":[{"href":"http:\/\/social-media-strategy.aula.uoc.edu\/in\/wp-json\/wp\/v2\/media?parent=290"}],"curies":[{"name":"wp","href":"https:\/\/api.w.org\/{rel}","templated":true}]}}