{"id":254,"date":"2017-11-28T12:08:55","date_gmt":"2017-11-28T12:08:55","guid":{"rendered":"http:\/\/social-media-strategy.aula.uoc.edu\/in\/2-1-3-cultura-innovadora\/"},"modified":"2017-12-04T13:01:02","modified_gmt":"2017-12-04T13:01:02","slug":"2-1-3-cultura-innovadora","status":"publish","type":"page","link":"http:\/\/social-media-strategy.aula.uoc.edu\/in\/2-1-3-cultura-innovadora\/","title":{"rendered":"2.1.3. Cultura innovadora"},"content":{"rendered":"<p>Edgar Schein (1985, p\u00e0g. 9) ent\u00e9n la cultura organitzacional com \u00abun patr\u00f3 de suposicions b\u00e0siques\u00bb, tant si s\u00f3n inventades com creades, que un grup apr\u00e8n a mesura que demostren ser v\u00e0lides per a integrar-se i solucionar situacions en el grup. Per tant, es mostren com la forma \u00abcorrecta de percebre, de pensar i d&#8217;actuar\u00bb.<\/p>\n<div class=\"featured featured-blue\"><\/p>\n<p>Cultura = valors + creences.<\/p>\n<p>Cultura = forma concreta de dirigir, canviar la forma de dirigir i canviar la cultura de la teva gent.<\/p>\n<p>\n<div style=\"clear:both\"><\/div><\/div>\n<p>Per tant, implantar una cultura determinada \u00e9s introduir canvis en la manera d&#8217;exercir la direcci\u00f3 cap a l&#8217;objectiu d&#8217;implantar-los, i requereix <strong>lideratge transformador<\/strong>.<\/p>\n<blockquote><p>\u00abLa innovaci\u00f3 \u00e9s molt m\u00e9s un repte de direcci\u00f3 de persones que no pas un problema t\u00e8cnic.\u00bb<\/p><\/blockquote>\n<div class=\"blockquote-author\"><p>Vil\u00e0 (2010, p\u00e0g. 256).<\/p>\n<\/div>\n<p>Els encarregats de dur-la a terme han d&#8217;identificar dificultats com els estils de direcci\u00f3 en els quals no imperin les mateixes normes del joc que per a d&#8217;altres temes quotidians. Si una idea es pot dur a terme sense alterar l&#8217;empresa, est\u00e0 m\u00e9s lligada a \u00abla millora cont\u00ednua que a la innovaci\u00f3\u00bb (Vil\u00e0, 2010, p\u00e0g. 255). Innovar requereix fer alguna cosa diferent del que s&#8217;estava fent fins ara. Innovar o posposar la innovaci\u00f3 avui facilita o dificulta innovar dem\u00e0.<\/p>\n<p>La forma en la qual dirigim, donem responsabilitats i llibertats i transmetem la informaci\u00f3 \u00e9s amb el que estem forjant la cultura de l&#8217;empresa.<\/p>\n<div class=\"featured featured-grey\"><\/p>\n<h4>Exemples d&#8217;idees que forgen la cultura organitzacional<\/h4>\n<p>La idea \u00e9s no discutir els mecanismes, sin\u00f3 centrar-se a copiar o traslladar les bones pr\u00e0ctiques dels alts executius d&#8217;altres empreses innovadores.<\/p>\n<p>Sovint un repte \u00e9s molt m\u00e9s efectiu que una remuneraci\u00f3 econ\u00f2mica.<\/p>\n<p>\u00abEl dolent no \u00e9s cometre errors, sin\u00f3 romandre en l&#8217;error\u00bb, diu Jes\u00fas Vega, anterior director de RH d&#8217;Inditex, que cita Vil\u00e0 (2010, p\u00e0g. 261).<\/p>\n<p>\u00abEls directius d&#8217;IKEA animen els empleats a buscar noves i millors maneres de fer\u00bb (Vil\u00e0, 2010, p\u00e0g. 261).<\/p>\n<p>\n<div style=\"clear:both\"><\/div><\/div>\n<p>En aquesta cultura organitzacional innovadora \u00e9s important \u00abl&#8217;acceptaci\u00f3 d&#8217;un cert grau d&#8217;incertesa i [&#8230;] la toler\u00e0ncia de l&#8217;error\u00bb (Vil\u00e0, 2010, p\u00e0g. 261). Mai no s&#8217;ha de fomentar la por a fer alguna cosa que no sigui assenyada o normal, i cal elogiar i encoratjar c\u00f3rrer riscos i estar disposat a moure&#8217;s en l&#8217;ambig\u00fcitat durant per\u00edodes llargs de temps.<\/p>\n<p>Si els directius critiquen de forma destructiva un empleat que s&#8217;equivoca, amb aix\u00f2 asfixien la iniciativa, la creativitat i la innovaci\u00f3 de l&#8217;empresa.<\/p>\n<blockquote><p>\u00abEls errors continuaran passant, per\u00f2 si una persona \u00e9s correcta en ess\u00e8ncia, els errors que cometi no tindran un impacte tan greu a llarg termini com els errors d&#8217;una direcci\u00f3 dictatorial [&#8230;]. \u00c9s fonamental que molta gent mantingui la iniciativa si aspirem a continuar creixent.\u00bb<\/p><\/blockquote>\n<div class=\"blockquote-author\"><p>Segons William L. McKnight, que fou conseller delegat de 3M, citat per Vil\u00e0 (2010, p\u00e0g. 261-262)<\/p>\n<\/div>\n","protected":false},"excerpt":{"rendered":"<p>Edgar Schein (1985, p\u00e0g. 9) ent\u00e9n la cultura organitzacional com \u00abun patr\u00f3 de suposicions b\u00e0siques\u00bb, tant si s\u00f3n inventades com creades, que un grup apr\u00e8n a mesura que demostren ser v\u00e0lides per a integrar-se i solucionar situacions en el grup. Per tant, es mostren com la forma \u00abcorrecta de percebre, de pensar i d&#8217;actuar\u00bb. Per [&hellip;]<\/p>\n","protected":false},"author":1,"featured_media":0,"parent":0,"menu_order":0,"comment_status":"closed","ping_status":"closed","template":"","meta":[],"acf":[],"_links":{"self":[{"href":"http:\/\/social-media-strategy.aula.uoc.edu\/in\/wp-json\/wp\/v2\/pages\/254"}],"collection":[{"href":"http:\/\/social-media-strategy.aula.uoc.edu\/in\/wp-json\/wp\/v2\/pages"}],"about":[{"href":"http:\/\/social-media-strategy.aula.uoc.edu\/in\/wp-json\/wp\/v2\/types\/page"}],"author":[{"embeddable":true,"href":"http:\/\/social-media-strategy.aula.uoc.edu\/in\/wp-json\/wp\/v2\/users\/1"}],"replies":[{"embeddable":true,"href":"http:\/\/social-media-strategy.aula.uoc.edu\/in\/wp-json\/wp\/v2\/comments?post=254"}],"version-history":[{"count":2,"href":"http:\/\/social-media-strategy.aula.uoc.edu\/in\/wp-json\/wp\/v2\/pages\/254\/revisions"}],"predecessor-version":[{"id":258,"href":"http:\/\/social-media-strategy.aula.uoc.edu\/in\/wp-json\/wp\/v2\/pages\/254\/revisions\/258"}],"wp:attachment":[{"href":"http:\/\/social-media-strategy.aula.uoc.edu\/in\/wp-json\/wp\/v2\/media?parent=254"}],"curies":[{"name":"wp","href":"https:\/\/api.w.org\/{rel}","templated":true}]}}