{"id":226,"date":"2017-11-28T11:18:05","date_gmt":"2017-11-28T11:18:05","guid":{"rendered":"http:\/\/social-media-strategy.aula.uoc.edu\/in\/1-2-3-mezcla-de-creaciones\/"},"modified":"2018-02-21T15:59:32","modified_gmt":"2018-02-21T15:59:32","slug":"1-2-3-mezcla-de-creaciones","status":"publish","type":"page","link":"http:\/\/social-media-strategy.aula.uoc.edu\/in\/1-2-3-mezcla-de-creaciones\/","title":{"rendered":"1.2.3. Barreja de creacions"},"content":{"rendered":"<p>Una altra molt bona manera d&#8217;innovar \u00e9s la barreja de creacions. Aquesta opci\u00f3 acostuma a estar pitjor vista per la societat, ja que t\u00e9 una connotaci\u00f3 d&#8217;usurpaci\u00f3 o de c\u00f2pia, per\u00f2 acostuma a ser molt m\u00e9s efectiva que la creaci\u00f3, i aporta innovacions menys disruptives i m\u00e9s incrementals. Per a aix\u00f2, \u00e9s com\u00fa que calgui menys R+D i molta m\u00e9s observaci\u00f3 i pr\u00e0ctica.<\/p>\n<p>En la cerca d&#8217;aquesta innovaci\u00f3, tenen cabuda <a href=\"javascript:void(0);\" class=\"tooltip\" data-toggle=\"popover\" data-placement=\"bottom\" data-content=\"<b>Lectures recomanades<\/b><br \/><br \/>\r\n<b>E. Ries<\/b> (2012). <em>El m\u00e9todo de lean startup<\/em>. Deusto Ediciones.<br \/><br \/><b>H. Kniberg<\/b> (2015). <em>Scrum and Xp form the trenches. How we do scrum<\/em> (2a. ed.). InfoQ.\" data-placement=\"top\" data-html=\"true\">metodologies \u00e0gils<\/a> (com Agile, Scrum, etc.) per a la seva engegada i r\u00e0pid llan\u00e7ament en el mercat, i que condueixi a la seva validaci\u00f3 real. Acostuma a imperar en casu\u00edstiques o situacions en les quals, com es diu, <em>the first takes all<\/em> (<em>winner-takes-all<\/em>) per a referir-se a la urg\u00e8ncia de llan\u00e7ar la innovaci\u00f3 en el mercat el m\u00e9s aviat possible.<\/p>\n<div class=\"featured featured-grey\"><p>WhatsApp \u00e9s un exemple clar d&#8217;aquesta classificaci\u00f3.<\/p>\n<div style=\"clear:both\"><\/div><\/div>\n","protected":false},"excerpt":{"rendered":"<p>Una altra molt bona manera d&#8217;innovar \u00e9s la barreja de creacions. Aquesta opci\u00f3 acostuma a estar pitjor vista per la societat, ja que t\u00e9 una connotaci\u00f3 d&#8217;usurpaci\u00f3 o de c\u00f2pia, per\u00f2 acostuma a ser molt m\u00e9s efectiva que la creaci\u00f3, i aporta innovacions menys disruptives i m\u00e9s incrementals. Per a aix\u00f2, \u00e9s com\u00fa que calgui [&hellip;]<\/p>\n","protected":false},"author":1,"featured_media":0,"parent":0,"menu_order":0,"comment_status":"closed","ping_status":"closed","template":"","meta":[],"acf":[],"_links":{"self":[{"href":"http:\/\/social-media-strategy.aula.uoc.edu\/in\/wp-json\/wp\/v2\/pages\/226"}],"collection":[{"href":"http:\/\/social-media-strategy.aula.uoc.edu\/in\/wp-json\/wp\/v2\/pages"}],"about":[{"href":"http:\/\/social-media-strategy.aula.uoc.edu\/in\/wp-json\/wp\/v2\/types\/page"}],"author":[{"embeddable":true,"href":"http:\/\/social-media-strategy.aula.uoc.edu\/in\/wp-json\/wp\/v2\/users\/1"}],"replies":[{"embeddable":true,"href":"http:\/\/social-media-strategy.aula.uoc.edu\/in\/wp-json\/wp\/v2\/comments?post=226"}],"version-history":[{"count":3,"href":"http:\/\/social-media-strategy.aula.uoc.edu\/in\/wp-json\/wp\/v2\/pages\/226\/revisions"}],"predecessor-version":[{"id":381,"href":"http:\/\/social-media-strategy.aula.uoc.edu\/in\/wp-json\/wp\/v2\/pages\/226\/revisions\/381"}],"wp:attachment":[{"href":"http:\/\/social-media-strategy.aula.uoc.edu\/in\/wp-json\/wp\/v2\/media?parent=226"}],"curies":[{"name":"wp","href":"https:\/\/api.w.org\/{rel}","templated":true}]}}