{"id":220,"date":"2017-11-28T11:16:37","date_gmt":"2017-11-28T11:16:37","guid":{"rendered":"http:\/\/social-media-strategy.aula.uoc.edu\/in\/1-2-2-creacion\/"},"modified":"2017-11-30T13:08:15","modified_gmt":"2017-11-30T13:08:15","slug":"1-2-2-creacion","status":"publish","type":"page","link":"http:\/\/social-media-strategy.aula.uoc.edu\/in\/1-2-2-creacion\/","title":{"rendered":"1.2.2. Creaci\u00f3"},"content":{"rendered":"<p>Es tracta d\u2019inventar un producte, servei, model, etc. completament nou. Acostuma a tenir molta R+D (recerca i desenvolupament). Es poden utilitzar t\u00e8cniques com TRIZ (teoria per a resoldre problemes d\u2019inventiva) o la pluja d\u2019idees o <a href=\"javascript:void(0);\" class=\"tooltip\" data-toggle=\"popover\" data-placement=\"bottom\" data-content=\"<b>Lectura recomanada<\/b><br \/><br \/>Per a con\u00e8ixer m\u00e9s coses sobre TRIZ, <em>brainstorming<\/em> i altres t\u00e8cniques de creativitat, consulteu: B. Hernandis; M. Cabell (2006). \u00ab<a href='http:\/\/disseny.ivace.es\/es\/desarrollo-de-producto\/de-la-idea-al-concepto\/creatividad-innovacion-y-desarrollo-de-nuevos-productos.html' target=_blank'>Creatividad, innovaci\u00f3n y desarrollo de nuevos productos<\/a>\u00bb. <em>Ivace.es<\/em>. \" data-placement=\"top\" data-html=\"true\"><em>brainstorming<\/em><\/a>.<\/p>\n<p>Avui dia la guerra empresarial \u00e9s m\u00e9s per models de negoci que no pas per productes, i aquests models no poden crear-se sense innovaci\u00f3, ja que com m\u00e9s radicals s\u00f3n, m\u00e9s competitius es mostren.<\/p>\n","protected":false},"excerpt":{"rendered":"<p>Es tracta d\u2019inventar un producte, servei, model, etc. completament nou. Acostuma a tenir molta R+D (recerca i desenvolupament). Es poden utilitzar t\u00e8cniques com TRIZ (teoria per a resoldre problemes d\u2019inventiva) o la pluja d\u2019idees o . Avui dia la guerra empresarial \u00e9s m\u00e9s per models de negoci que no pas per productes, i aquests models [&hellip;]<\/p>\n","protected":false},"author":1,"featured_media":0,"parent":0,"menu_order":0,"comment_status":"closed","ping_status":"closed","template":"","meta":[],"acf":[],"_links":{"self":[{"href":"http:\/\/social-media-strategy.aula.uoc.edu\/in\/wp-json\/wp\/v2\/pages\/220"}],"collection":[{"href":"http:\/\/social-media-strategy.aula.uoc.edu\/in\/wp-json\/wp\/v2\/pages"}],"about":[{"href":"http:\/\/social-media-strategy.aula.uoc.edu\/in\/wp-json\/wp\/v2\/types\/page"}],"author":[{"embeddable":true,"href":"http:\/\/social-media-strategy.aula.uoc.edu\/in\/wp-json\/wp\/v2\/users\/1"}],"replies":[{"embeddable":true,"href":"http:\/\/social-media-strategy.aula.uoc.edu\/in\/wp-json\/wp\/v2\/comments?post=220"}],"version-history":[{"count":2,"href":"http:\/\/social-media-strategy.aula.uoc.edu\/in\/wp-json\/wp\/v2\/pages\/220\/revisions"}],"predecessor-version":[{"id":224,"href":"http:\/\/social-media-strategy.aula.uoc.edu\/in\/wp-json\/wp\/v2\/pages\/220\/revisions\/224"}],"wp:attachment":[{"href":"http:\/\/social-media-strategy.aula.uoc.edu\/in\/wp-json\/wp\/v2\/media?parent=220"}],"curies":[{"name":"wp","href":"https:\/\/api.w.org\/{rel}","templated":true}]}}