{"id":208,"date":"2017-11-28T11:11:20","date_gmt":"2017-11-28T11:11:20","guid":{"rendered":"http:\/\/social-media-strategy.aula.uoc.edu\/in\/1-2-1-introduccion\/"},"modified":"2022-11-19T17:41:29","modified_gmt":"2022-11-19T17:41:29","slug":"1-2-1-introduccio","status":"publish","type":"page","link":"http:\/\/social-media-strategy.aula.uoc.edu\/in\/1-2-1-introduccio\/","title":{"rendered":"1.2.1. Introducci\u00f3"},"content":{"rendered":"<p>Agafem la definici\u00f3 d\u2019innovaci\u00f3 que agafem (tasca \u00e0rdua, com s\u2019ha vist, a causa de la quantitat de definicions plantejades des que es va inventar el terme), el que \u00e9s cert en tot cas \u00e9s que la innovaci\u00f3 \u00e9s un proc\u00e9s que consisteix a donar una soluci\u00f3 a un problema o a una necessitat en una idea creativa.<\/p>\n<p>La innovaci\u00f3 pot sorgir de manera casual o buscada. Podria ser tancada a una sola organitzaci\u00f3, \u00e9s a dir, l\u2019anomenada <em>closed innovation<\/em>, on els innovadors s\u00f3n dins de la organitzaci\u00f3, o b\u00e9 oberta, <em>open innovation<\/em>, en la qual s\u2019utilitza el coneixement de diverses empreses, o fins i tot de masses). Hi ha t\u00e8cniques com el prove\u00efment participatiu (<em>crowdsourcing<\/em>) o les dades massives (<em>big data<\/em>) que permeten innovar aix\u00ed.<\/p>\n<p>Aquestes t\u00e8cniques es poden classificar per la utilitzaci\u00f3 de coneixements o mitjans que ja hi ha. Quan es tracta d\u2019una innovaci\u00f3 pura, tant en mitjans com en coneixements, se l\u2019anomena disruptiva o revolucion\u00e0ria.<\/p>\n<p>Segons la naturalesa de la innovaci\u00f3 pot haver-hi innovacions de diferent tipus<\/p>\n<ol>\n<li>Innovaci\u00f3 t\u00e8cnica<\/li>\n<li>Innovaci\u00f3 tecnol\u00f2gica<\/li>\n<li>Innovaci\u00f3 del disseny<\/li>\n<li>Innovaci\u00f3 social<\/li>\n<li>Innovaci\u00f3 de serveis<\/li>\n<li>Innovaci\u00f3 de models de negoci<\/li>\n<\/ol>\n<p>Totes elles poden dur-se a terme mitjan\u00e7ant millores, i no nom\u00e9s de la creaci\u00f3 d\u2019una cosa completament nova, o b\u00e9 mitjan\u00e7ant una barreja de creacions, i tamb\u00e9 mitjan\u00e7ant l\u2019\u00fas d\u2019aquestes creacions per a un camp o un \u00fas diferent. \u00c9s en aquesta classificaci\u00f3 en la qual ens centrarem.<\/p>\n","protected":false},"excerpt":{"rendered":"<p>Agafem la definici\u00f3 d\u2019innovaci\u00f3 que agafem (tasca \u00e0rdua, com s\u2019ha vist, a causa de la quantitat de definicions plantejades des que es va inventar el terme), el que \u00e9s cert en tot cas \u00e9s que la innovaci\u00f3 \u00e9s un proc\u00e9s que consisteix a donar una soluci\u00f3 a un problema o a una necessitat en una [&hellip;]<\/p>\n","protected":false},"author":1,"featured_media":0,"parent":0,"menu_order":0,"comment_status":"closed","ping_status":"closed","template":"","meta":[],"acf":[],"_links":{"self":[{"href":"http:\/\/social-media-strategy.aula.uoc.edu\/in\/wp-json\/wp\/v2\/pages\/208"}],"collection":[{"href":"http:\/\/social-media-strategy.aula.uoc.edu\/in\/wp-json\/wp\/v2\/pages"}],"about":[{"href":"http:\/\/social-media-strategy.aula.uoc.edu\/in\/wp-json\/wp\/v2\/types\/page"}],"author":[{"embeddable":true,"href":"http:\/\/social-media-strategy.aula.uoc.edu\/in\/wp-json\/wp\/v2\/users\/1"}],"replies":[{"embeddable":true,"href":"http:\/\/social-media-strategy.aula.uoc.edu\/in\/wp-json\/wp\/v2\/comments?post=208"}],"version-history":[{"count":5,"href":"http:\/\/social-media-strategy.aula.uoc.edu\/in\/wp-json\/wp\/v2\/pages\/208\/revisions"}],"predecessor-version":[{"id":434,"href":"http:\/\/social-media-strategy.aula.uoc.edu\/in\/wp-json\/wp\/v2\/pages\/208\/revisions\/434"}],"wp:attachment":[{"href":"http:\/\/social-media-strategy.aula.uoc.edu\/in\/wp-json\/wp\/v2\/media?parent=208"}],"curies":[{"name":"wp","href":"https:\/\/api.w.org\/{rel}","templated":true}]}}