{"id":194,"date":"2017-11-28T10:57:13","date_gmt":"2017-11-28T10:57:13","guid":{"rendered":"http:\/\/social-media-strategy.aula.uoc.edu\/in\/1-1-1-introduccion\/"},"modified":"2017-11-30T12:45:50","modified_gmt":"2017-11-30T12:45:50","slug":"1-1-1-introduccion","status":"publish","type":"page","link":"http:\/\/social-media-strategy.aula.uoc.edu\/in\/","title":{"rendered":"1.1.1. Introducci\u00f3"},"content":{"rendered":"<p>La <em>innovaci\u00f3<\/em>, segons l&#8217;Enciclop\u00e8dia Catalana, \u00e9s la \u00abintroducci\u00f3 en el mercat d&#8217;un producte, o d&#8217;un proc\u00e9s modificat, a partir d&#8217;una idea, invenci\u00f3 o reconeixement d&#8217;una necessitat, i que ha estat acceptada pel mercat\u00bb.<\/p>\n<div class=\"featured featured-blue\"><p>Des que va sorgir per primera vegada el terme, <em>innovar<\/em> ha encunyat m\u00e9s accepcions que formes d&#8217;innovaci\u00f3 noves.<\/p>\n<div style=\"clear:both\"><\/div><\/div>\n<p>Segons la Viquip\u00e8dia (s\/d):<\/p>\n<blockquote><p>\u00abLa innovaci\u00f3 consisteix a introduir novetats en quelcom. El terme innovaci\u00f3 pot referir-se tant al resultat com a l&#8217;acci\u00f3 de crear aquest resultat. Pot consistir en canvis petits que augmenten les prestacions o capacitats (innovaci\u00f3 incremental) o en canvis fonamentals (innovaci\u00f3 radical). La innovaci\u00f3 genera major productivitat i satisfacci\u00f3 de necessitats dels usuaris. \u00c9s un element b\u00e0sic en el progr\u00e9s econ\u00f2mic i en la gesti\u00f3 empresarial.\u00bb<\/p><\/blockquote>\n<p>En canvi, l&#8217;Enciclop\u00e8dia Catalana defineix <em>crear <\/em>com \u00abfer una cosa de no res\u00bb. Per tant, la difer\u00e8ncia amb <em>innovar<\/em> seria la introducci\u00f3 en el mercat d&#8217;aquesta creaci\u00f3. \u00c9s a dir: transformar creativitat en oportunitats amb valor.<\/p>\n<p style=\"text-align: center;\"><strong>Innovaci\u00f3 = creaci\u00f3 + difusi\u00f3<\/strong><\/p>\n<p>Per\u00f2 aquesta nom\u00e9s \u00e9s una de les maneres d&#8217;innovar, ja que n&#8217;hi ha dues.<\/p>\n<div class=\"featured featured-blue\"><p>Hi ha diferents maneres d&#8217;innovar, i no totes passen per crear alguna cosa nova o impactant.<\/p>\n<div style=\"clear:both\"><\/div><\/div>\n<ol>\n<li>La primera, que parteix de la base que es pretenen fer coses noves, \u00e9s crear camins diferents, plantejar alguna cosa diferent. Aquest \u00e9s el cam\u00ed del camp a trav\u00e9s, del gran esfor\u00e7, de milers d&#8217;hores per a aconseguir una idea, un concepte o una t\u00e8cnica diferent.<\/li>\n<li>La segona \u00e9s agafar coses d&#8217;aqu\u00ed i d&#8217;all\u00e0 i fer un <em>collage<\/em>. Per estrany que pugui semblar, acostuma ser molt m\u00e9s efectiu i tenir m\u00e9s \u00e8xit que fer una creativitat m\u00e9s pura, m\u00e9s ordenada.<\/li>\n<\/ol>\n<div class=\"featured featured-grey\"><\/p>\n<p>Un exemple d&#8217;aquesta segona l\u00ednia d&#8217;actuaci\u00f3 es pot observar en la cuina d&#8217;Andoni Ad\u00fariz, que barreja els seus coneixements d&#8217;hostaleria amb la inquietud i l&#8217;inter\u00e8s per la bot\u00e0nica i les arts.<\/p>\n<p>\u00abEls emprenedors s\u00f3n innovadors que busquen destruir l&#8217;<em>statu quo<\/em> dels productes i dels serveis que ja hi ha per a crear nous productes i serveis m\u00e9s rendibles econ\u00f2micament.\u00bb<\/p>\n<p>Schumpeter (1934)<\/p>\n<p>\n<div style=\"clear:both\"><\/div><\/div>\n<p>Aix\u00ed, la modificaci\u00f3 d&#8217;un producte o d&#8217;un servei per a altres finalitats tamb\u00e9 \u00e9s innovar. \u00c9s a dir, per a innovar no cal que tinguem al davant una novetat tecnol\u00f2gica.<\/p>\n<p><em>Crear<\/em> tamb\u00e9 es defineix com a associar idees que ja existeixen per a crear-ne de noves.<\/p>\n<div class=\"featured featured-grey\"><p>Aplicar el concepte de \u00abl\u00ednia de producci\u00f3\u00bb en un restaurant, mitjan\u00e7ant processos i protocols establerts, per a produir gran quantitat de menjar en poc temps, \u00e9s una manera d&#8217;innovar. Per exemple, el model que va inventar la cadena McDonald&#8217;s avui dia seria patentable als Estats Units.<\/p>\n<div style=\"clear:both\"><\/div><\/div>\n<div class=\"featured featured-blue\"><p>Innovaci\u00f3 = utilitzar una cosa amb altres finalitats per a les quals no s&#8217;ha creat, i comercialitzar-la.<\/p>\n<div style=\"clear:both\"><\/div><\/div>\n<div class=\"featured featured-grey\"><\/p>\n<h4>Exemple<\/h4>\n<p>A EcoInventos mostren maneres de reciclar productes i donar-los una nova vida o utilitat. En aquest context sorgeixen idees innovadores.<\/p>\n<p>Un exemple de noves utilitats que es poden donar a productes quotidians \u00e9s a: <strong>EcoInventos<\/strong> (2014, 3 de desembre). \u00ab15 ideas para organizar tus cables\u00bb. <em>EcoInventos, green technology<\/em>. &lt;<a href=\"https:\/\/ecoinventos.com\/15-ideas-para-organizar-tus-cables\/\" target=\"_blank\" rel=\"noopener\">https:\/\/ecoinventos.com\/15-ideas-para-organizar-tus-cables\/<\/a>&gt;.<\/p>\n<p>\n<div style=\"clear:both\"><\/div><\/div>\n","protected":false},"excerpt":{"rendered":"<p>La innovaci\u00f3, segons l&#8217;Enciclop\u00e8dia Catalana, \u00e9s la \u00abintroducci\u00f3 en el mercat d&#8217;un producte, o d&#8217;un proc\u00e9s modificat, a partir d&#8217;una idea, invenci\u00f3 o reconeixement d&#8217;una necessitat, i que ha estat acceptada pel mercat\u00bb. Segons la Viquip\u00e8dia (s\/d): \u00abLa innovaci\u00f3 consisteix a introduir novetats en quelcom. El terme innovaci\u00f3 pot referir-se tant al resultat com a [&hellip;]<\/p>\n","protected":false},"author":1,"featured_media":0,"parent":0,"menu_order":0,"comment_status":"closed","ping_status":"closed","template":"","meta":[],"acf":[],"_links":{"self":[{"href":"http:\/\/social-media-strategy.aula.uoc.edu\/in\/wp-json\/wp\/v2\/pages\/194"}],"collection":[{"href":"http:\/\/social-media-strategy.aula.uoc.edu\/in\/wp-json\/wp\/v2\/pages"}],"about":[{"href":"http:\/\/social-media-strategy.aula.uoc.edu\/in\/wp-json\/wp\/v2\/types\/page"}],"author":[{"embeddable":true,"href":"http:\/\/social-media-strategy.aula.uoc.edu\/in\/wp-json\/wp\/v2\/users\/1"}],"replies":[{"embeddable":true,"href":"http:\/\/social-media-strategy.aula.uoc.edu\/in\/wp-json\/wp\/v2\/comments?post=194"}],"version-history":[{"count":3,"href":"http:\/\/social-media-strategy.aula.uoc.edu\/in\/wp-json\/wp\/v2\/pages\/194\/revisions"}],"predecessor-version":[{"id":213,"href":"http:\/\/social-media-strategy.aula.uoc.edu\/in\/wp-json\/wp\/v2\/pages\/194\/revisions\/213"}],"wp:attachment":[{"href":"http:\/\/social-media-strategy.aula.uoc.edu\/in\/wp-json\/wp\/v2\/media?parent=194"}],"curies":[{"name":"wp","href":"https:\/\/api.w.org\/{rel}","templated":true}]}}