{"id":46,"date":"2017-11-28T11:11:20","date_gmt":"2017-11-28T11:11:20","guid":{"rendered":"http:\/\/social-media-strategy.aula.uoc.edu\/in\/?page_id=46"},"modified":"2022-11-19T17:36:00","modified_gmt":"2022-11-19T17:36:00","slug":"1-2-1-introduccion","status":"publish","type":"page","link":"http:\/\/social-media-strategy.aula.uoc.edu\/in\/es\/1-2-1-introduccion\/","title":{"rendered":"1.2.1. Introducci\u00f3n"},"content":{"rendered":"<p>Cojamos la definici\u00f3n que cojamos de innovaci\u00f3n (tarea ardua, como se ha visto, dada la cantidad de definiciones planteadas desde que se invent\u00f3 el vocablo), lo que es cierto en todo caso es que la innovaci\u00f3n es un proceso que consiste en convertir una soluci\u00f3n a un problema o una necesidad en una idea creativa.<\/p>\n<p>La innovaci\u00f3n puede surgir de manera casual o buscada. Podr\u00eda ser cerrada a una sola organizaci\u00f3n, es decir, la denominada <em>closed innovation<\/em>, donde los innovadores se encuentran dentro de la organizaci\u00f3n , o bien abierta, <em>open innovation<\/em>, en la que se utiliza el conocimiento de diversas empresas o incluso de masas). T\u00e9cnicas como el <a href=\"https:\/\/es.wikipedia.org\/wiki\/Crowdsourcing\" target=\"_blank\" rel=\"noopener\"><em>c<\/em><\/a><em>rowdsourcing<\/em> o el <em>big data<\/em> permiten innovar de este modo.<\/p>\n<p>Se pueden clasificar por la utilizaci\u00f3n de conocimientos y\/o medios ya existentes. Cuando se trata de una innovaci\u00f3n pura tanto en medios como en conocimientos, se la denomina disruptiva o revolucionaria.<\/p>\n<p>Puede haber diferentes tipos de innovaci\u00f3n seg\u00fan su naturaleza<\/p>\n<ol>\n<li>Innovaci\u00f3n t\u00e9cnica.<\/li>\n<li>Innovaci\u00f3n tecnol\u00f3gica.<\/li>\n<li>Innovaci\u00f3n del dise\u00f1o.<\/li>\n<li>Innovaci\u00f3n social.<\/li>\n<li>Innovaci\u00f3n de servicios.<\/li>\n<li>Innovaci\u00f3n de modelos de negocio.<\/li>\n<\/ol>\n<p>Todas ellas pueden realizarse a trav\u00e9s de mejoras y no solo de la creaci\u00f3n de algo completamente nuevo, o bien de una mezcla de creaciones, y tambi\u00e9n del uso de esas creaciones para un campo o uso diferente. Es en esta clasificaci\u00f3n donde vamos a centrarnos.<\/p>\n","protected":false},"excerpt":{"rendered":"<p>Cojamos la definici\u00f3n que cojamos de innovaci\u00f3n (tarea ardua, como se ha visto, dada la cantidad de definiciones planteadas desde que se invent\u00f3 el vocablo), lo que es cierto en todo caso es que la innovaci\u00f3n es un proceso que consiste en convertir una soluci\u00f3n a un problema o una necesidad en una idea creativa. [&hellip;]<\/p>\n","protected":false},"author":1,"featured_media":0,"parent":0,"menu_order":0,"comment_status":"closed","ping_status":"closed","template":"","meta":[],"acf":[],"_links":{"self":[{"href":"http:\/\/social-media-strategy.aula.uoc.edu\/in\/es\/wp-json\/wp\/v2\/pages\/46"}],"collection":[{"href":"http:\/\/social-media-strategy.aula.uoc.edu\/in\/es\/wp-json\/wp\/v2\/pages"}],"about":[{"href":"http:\/\/social-media-strategy.aula.uoc.edu\/in\/es\/wp-json\/wp\/v2\/types\/page"}],"author":[{"embeddable":true,"href":"http:\/\/social-media-strategy.aula.uoc.edu\/in\/es\/wp-json\/wp\/v2\/users\/1"}],"replies":[{"embeddable":true,"href":"http:\/\/social-media-strategy.aula.uoc.edu\/in\/es\/wp-json\/wp\/v2\/comments?post=46"}],"version-history":[{"count":4,"href":"http:\/\/social-media-strategy.aula.uoc.edu\/in\/es\/wp-json\/wp\/v2\/pages\/46\/revisions"}],"predecessor-version":[{"id":432,"href":"http:\/\/social-media-strategy.aula.uoc.edu\/in\/es\/wp-json\/wp\/v2\/pages\/46\/revisions\/432"}],"wp:attachment":[{"href":"http:\/\/social-media-strategy.aula.uoc.edu\/in\/es\/wp-json\/wp\/v2\/media?parent=46"}],"curies":[{"name":"wp","href":"https:\/\/api.w.org\/{rel}","templated":true}]}}