{"id":30,"date":"2017-11-28T10:57:13","date_gmt":"2017-11-28T10:57:13","guid":{"rendered":"http:\/\/social-media-strategy.aula.uoc.edu\/in\/?page_id=30"},"modified":"2017-11-28T11:03:28","modified_gmt":"2017-11-28T11:03:28","slug":"1-1-1-introduccion","status":"publish","type":"page","link":"http:\/\/social-media-strategy.aula.uoc.edu\/in\/es\/","title":{"rendered":"1.1.1. Introducci\u00f3n"},"content":{"rendered":"<p>La <em>innovaci\u00f3n<\/em>, seg\u00fan el <em>Diccionario de la lengua espa\u00f1ola<\/em>, de la Real Academia Espa\u00f1ola, es la \u00abcreaci\u00f3n o modificaci\u00f3n de un producto, y su introducci\u00f3n en un mercado\u00bb.<\/p>\n<div class=\"featured featured-blue\"><p>Desde que surgi\u00f3 por primera vez el t\u00e9rmino, <em>innovar<\/em> ha acu\u00f1ado m\u00e1s acepciones que formas de innovaci\u00f3n nuevas.<\/p>\n<div style=\"clear:both\"><\/div><\/div>\n<p>Seg\u00fan la Wikipedia (s. f. a):<\/p>\n<blockquote><p>\u00abInnovaci\u00f3n es un cambio que introduce novedades. Adem\u00e1s, en el uso coloquial y general, el concepto se utiliza de manera espec\u00edfica en el sentido de nuevas propuestas, inventos y su implementaci\u00f3n econ\u00f3mica. En el sentido estricto, en cambio, se dice que de las ideas solo pueden resultar innovaciones luego de que ellas se implementan como nuevos productos, servicios o procedimientos, que realmente encuentran una aplicaci\u00f3n exitosa, imponi\u00e9ndose en el mercado.\u00bb<\/p><\/blockquote>\n<p><em>Crear<\/em>, en cambio, la RAE lo define como \u00abproducir algo de la nada\u00bb. Es decir, la diferencia con innovar ser\u00eda la introducci\u00f3n en el mercado de esa creaci\u00f3n. Esto es: transformar creatividad en oportunidades con valor.<\/p>\n<p style=\"text-align: center;\"><strong>Innovaci\u00f3n = creaci\u00f3n + difusi\u00f3n<\/strong><\/p>\n<p>Pero esta es solo una de las maneras de innovar, ya que existen dos.<\/p>\n<div class=\"featured featured-blue\"><p>Existen diferentes maneras de innovar y no todas ellas pasan por crear algo nuevo o impactante.<\/p>\n<div style=\"clear:both\"><\/div><\/div>\n<ol>\n<li>La primera, partiendo desde una base donde se pretenden hacer cosas nuevas, crear caminos diferentes, plantear algo distinto. Ese es el camino del campo a trav\u00e9s, del gran esfuerzo, de miles de horas para sacar una idea, un concepto o t\u00e9cnica distinta.<\/li>\n<li>La segunda es coger cosas de aqu\u00ed y de all\u00e1 y hacer un <em>collage<\/em>. Por extra\u00f1o que pueda parecer, suele ser mucho m\u00e1s efectista y suele tener m\u00e1s \u00e9xito que hacer una creatividad m\u00e1s pura, m\u00e1s ordenada.<\/li>\n<\/ol>\n<div class=\"featured featured-grey\"><\/p>\n<p>Un ejemplo de esta segunda l\u00ednea de actuaci\u00f3n se ve encarnada en la cocina de Andoni Ad\u00fariz, que mezcla sus conocimientos de hosteler\u00eda con su inquietud e inter\u00e9s por la bot\u00e1nica y las artes.<\/p>\n<p>\u00abLos emprendedores son innovadores que buscan destruir el <em>statu quo<\/em> de los productos y servicios existentes para crear nuevos productos y servicios m\u00e1s rentables econ\u00f3micamente.\u00bb<\/p>\n<p>Schumpeter (1934).<\/p>\n<p>\n<div style=\"clear:both\"><\/div><\/div>\n<p>As\u00ed, la modificaci\u00f3n de un producto o servicio para otros fines tambi\u00e9n es innovar. Es decir, para innovar no es necesario que tengamos delante una novedad tecnol\u00f3gica.<\/p>\n<p><em>Crear<\/em> tambi\u00e9n se define como asociar ideas que ya existen para crear nuevas.<\/p>\n<div class=\"featured featured-grey\"><p>Por ejemplo, aplicar el concepto de \u00abl\u00ednea de producci\u00f3n\u00bb en un restaurante, mediante procesos y protocolos establecidos, para producir gran cantidad de comida r\u00e1pidamente en poco tiempo, es una forma de innovar. As\u00ed, por ejemplo, el modelo que invent\u00f3 la cadena McDonald&#8217;s hoy en d\u00eda ser\u00eda patentable en Estados Unidos.<\/p>\n<div style=\"clear:both\"><\/div><\/div>\n<div class=\"featured featured-blue\"><p>Innovaci\u00f3n = usar algo para otros fines para los cuales no se ha creado y comercializarlo.<\/p>\n<div style=\"clear:both\"><\/div><\/div>\n<div class=\"featured featured-grey\"><\/p>\n<h4>Ejemplo<\/h4>\n<p>En EcoInventos muestran maneras de reciclar productos y darles una nueva vida o utilidad. En este contexto surgen ideas innovadoras.<\/p>\n<p>Un ejemplo de nuevas utilidades que se pueden dar a productos cotidianos se encuentra en: <strong>EcoInventos<\/strong> (2014, 3 de diciembre). \u00ab15 ideas para organizar tus cables\u00bb. <em>EcoInventos, green technology<\/em>. &lt;<a href=\"https:\/\/ecoinventos.com\/15-ideas-para-organizar-tus-cables\/\" target=\"_blank\" rel=\"noopener\">https:\/\/ecoinventos.com\/15-ideas-para-organizar-tus-cables\/<\/a>&gt;.<\/p>\n<p>\n<div style=\"clear:both\"><\/div><\/div>\n","protected":false},"excerpt":{"rendered":"<p>La innovaci\u00f3n, seg\u00fan el Diccionario de la lengua espa\u00f1ola, de la Real Academia Espa\u00f1ola, es la \u00abcreaci\u00f3n o modificaci\u00f3n de un producto, y su introducci\u00f3n en un mercado\u00bb. Seg\u00fan la Wikipedia (s. f. a): \u00abInnovaci\u00f3n es un cambio que introduce novedades. Adem\u00e1s, en el uso coloquial y general, el concepto se utiliza de manera espec\u00edfica [&hellip;]<\/p>\n","protected":false},"author":1,"featured_media":0,"parent":0,"menu_order":0,"comment_status":"closed","ping_status":"closed","template":"","meta":[],"acf":[],"_links":{"self":[{"href":"http:\/\/social-media-strategy.aula.uoc.edu\/in\/es\/wp-json\/wp\/v2\/pages\/30"}],"collection":[{"href":"http:\/\/social-media-strategy.aula.uoc.edu\/in\/es\/wp-json\/wp\/v2\/pages"}],"about":[{"href":"http:\/\/social-media-strategy.aula.uoc.edu\/in\/es\/wp-json\/wp\/v2\/types\/page"}],"author":[{"embeddable":true,"href":"http:\/\/social-media-strategy.aula.uoc.edu\/in\/es\/wp-json\/wp\/v2\/users\/1"}],"replies":[{"embeddable":true,"href":"http:\/\/social-media-strategy.aula.uoc.edu\/in\/es\/wp-json\/wp\/v2\/comments?post=30"}],"version-history":[{"count":3,"href":"http:\/\/social-media-strategy.aula.uoc.edu\/in\/es\/wp-json\/wp\/v2\/pages\/30\/revisions"}],"predecessor-version":[{"id":36,"href":"http:\/\/social-media-strategy.aula.uoc.edu\/in\/es\/wp-json\/wp\/v2\/pages\/30\/revisions\/36"}],"wp:attachment":[{"href":"http:\/\/social-media-strategy.aula.uoc.edu\/in\/es\/wp-json\/wp\/v2\/media?parent=30"}],"curies":[{"name":"wp","href":"https:\/\/api.w.org\/{rel}","templated":true}]}}