{"id":195,"date":"2017-11-27T10:53:29","date_gmt":"2017-11-27T10:53:29","guid":{"rendered":"http:\/\/social-media-strategy.aula.uoc.edu\/gest\/4-1-1-introduccion\/"},"modified":"2017-11-30T13:16:42","modified_gmt":"2017-11-30T13:16:42","slug":"4-1-1-introduccio","status":"publish","type":"page","link":"http:\/\/social-media-strategy.aula.uoc.edu\/gest\/4-1-1-introduccio\/","title":{"rendered":"4.1.1. Introducci\u00f3"},"content":{"rendered":"<p>La nostra feina \u00e9s gestionar el m\u00e0rqueting i la comunicaci\u00f3 de l\u2019empresa o de la marca en els mitjans socials (i potser en general a internet i en el mitj\u00e0 en l\u00ednia), per\u00f2 aix\u00f2 no significa que siguem els \u00fanics que ho fem o puguin fer-ho.<\/p>\n<p>D\u2019una banda, l\u2019organitzaci\u00f3 i el nostre departament pot voler potenciar no ser els \u00fanics que parlen de l\u2019empresa en les xarxes socials, el blog o els canals de l\u2019empresa. El cas m\u00e9s habitual acostuma a ser la cerca d\u2019<strong>experts<\/strong> en determinats temes dins de l\u2019empresa perqu\u00e8 generin contingut.<\/p>\n<p>Per\u00f2 fins i tot fora d\u2019aquests perfils, en canals oberts (grups, f\u00f2rums, etc.) o canals secundaris de l\u2019empresa o dels departaments o empleats, pot interessar potenciar que empleats clau tinguin els seus blogs o espais en els quals actu\u00efn com a experts o evangelitzadors d\u2019un tema. Tamb\u00e9 es pot valorar que diversos departaments o seccions de l\u2019empresa tinguin canals socials diferents.<\/p>\n<p>D\u2019altra banda, independentment de la grand\u00e0ria de les organitzacions o de les empreses (des d\u2019una empresa emergent fins a una gran multinacional), \u00e9s pr\u00e0cticament improbable que la majoria d\u2019empleats no estiguin presents en les xarxes socials, sobretot en les generalistes i d\u2019oci.<\/p>\n<p>Per tant, veiem que hi ha moltes idiosincr\u00e0sies possibles \u2013que cada vegada s\u00f3n m\u00e9s comunes\u2013 en les quals la comunicaci\u00f3 i el m\u00e0rqueting en mitj\u00e0 social i a internet no pot \u00abcentralitzar-se\u00bb en un \u00fanic departament.<\/p>\n","protected":false},"excerpt":{"rendered":"<p>La nostra feina \u00e9s gestionar el m\u00e0rqueting i la comunicaci\u00f3 de l\u2019empresa o de la marca en els mitjans socials (i potser en general a internet i en el mitj\u00e0 en l\u00ednia), per\u00f2 aix\u00f2 no significa que siguem els \u00fanics que ho fem o puguin fer-ho. D\u2019una banda, l\u2019organitzaci\u00f3 i el nostre departament pot voler [&hellip;]<\/p>\n","protected":false},"author":1,"featured_media":0,"parent":0,"menu_order":0,"comment_status":"closed","ping_status":"closed","template":"","meta":[],"acf":[],"_links":{"self":[{"href":"http:\/\/social-media-strategy.aula.uoc.edu\/gest\/wp-json\/wp\/v2\/pages\/195"}],"collection":[{"href":"http:\/\/social-media-strategy.aula.uoc.edu\/gest\/wp-json\/wp\/v2\/pages"}],"about":[{"href":"http:\/\/social-media-strategy.aula.uoc.edu\/gest\/wp-json\/wp\/v2\/types\/page"}],"author":[{"embeddable":true,"href":"http:\/\/social-media-strategy.aula.uoc.edu\/gest\/wp-json\/wp\/v2\/users\/1"}],"replies":[{"embeddable":true,"href":"http:\/\/social-media-strategy.aula.uoc.edu\/gest\/wp-json\/wp\/v2\/comments?post=195"}],"version-history":[{"count":2,"href":"http:\/\/social-media-strategy.aula.uoc.edu\/gest\/wp-json\/wp\/v2\/pages\/195\/revisions"}],"predecessor-version":[{"id":252,"href":"http:\/\/social-media-strategy.aula.uoc.edu\/gest\/wp-json\/wp\/v2\/pages\/195\/revisions\/252"}],"wp:attachment":[{"href":"http:\/\/social-media-strategy.aula.uoc.edu\/gest\/wp-json\/wp\/v2\/media?parent=195"}],"curies":[{"name":"wp","href":"https:\/\/api.w.org\/{rel}","templated":true}]}}