{"id":149,"date":"2017-11-27T09:43:00","date_gmt":"2017-11-27T09:43:00","guid":{"rendered":"http:\/\/social-media-strategy.aula.uoc.edu\/gest\/3-1-1-introduccion\/"},"modified":"2017-11-30T12:19:40","modified_gmt":"2017-11-30T12:19:40","slug":"3-1-1-introduccio","status":"publish","type":"page","link":"http:\/\/social-media-strategy.aula.uoc.edu\/gest\/3-1-1-introduccio\/","title":{"rendered":"3.1.1. Introducci\u00f3"},"content":{"rendered":"<p>Tant si existeixen com no els documents esmentats, guies, manuals d\u2019estil o protocols de treball que, com hem vist, afecten el nostre treball i activitat, n\u2019hi ha d\u2019altres de m\u00e9s espec\u00edfics que, com a <em>social media<\/em>, hem de tenir.<\/p>\n<p>Aquests documents i guies, aix\u00ed com els procediments i els protocols adequats, tornem a repetir que s\u00f3n fonamentals per a organitzar-se, poder treballar millor i sobretot de forma m\u00e9s coordinada. Gr\u00e0cies a ells aconseguirem que el treball sigui fluid (per a una sola persona o per a diverses), i que el treball no se\u2019n ressenti en cas de vacances o de canvi de personal temporal. Vegem detalladament els que s\u2019utilitzaran espec\u00edficament en el departament de <em>social media<\/em>.<\/p>\n","protected":false},"excerpt":{"rendered":"<p>Tant si existeixen com no els documents esmentats, guies, manuals d\u2019estil o protocols de treball que, com hem vist, afecten el nostre treball i activitat, n\u2019hi ha d\u2019altres de m\u00e9s espec\u00edfics que, com a social media, hem de tenir. Aquests documents i guies, aix\u00ed com els procediments i els protocols adequats, tornem a repetir que [&hellip;]<\/p>\n","protected":false},"author":1,"featured_media":0,"parent":0,"menu_order":0,"comment_status":"closed","ping_status":"closed","template":"","meta":[],"acf":[],"_links":{"self":[{"href":"http:\/\/social-media-strategy.aula.uoc.edu\/gest\/wp-json\/wp\/v2\/pages\/149"}],"collection":[{"href":"http:\/\/social-media-strategy.aula.uoc.edu\/gest\/wp-json\/wp\/v2\/pages"}],"about":[{"href":"http:\/\/social-media-strategy.aula.uoc.edu\/gest\/wp-json\/wp\/v2\/types\/page"}],"author":[{"embeddable":true,"href":"http:\/\/social-media-strategy.aula.uoc.edu\/gest\/wp-json\/wp\/v2\/users\/1"}],"replies":[{"embeddable":true,"href":"http:\/\/social-media-strategy.aula.uoc.edu\/gest\/wp-json\/wp\/v2\/comments?post=149"}],"version-history":[{"count":2,"href":"http:\/\/social-media-strategy.aula.uoc.edu\/gest\/wp-json\/wp\/v2\/pages\/149\/revisions"}],"predecessor-version":[{"id":235,"href":"http:\/\/social-media-strategy.aula.uoc.edu\/gest\/wp-json\/wp\/v2\/pages\/149\/revisions\/235"}],"wp:attachment":[{"href":"http:\/\/social-media-strategy.aula.uoc.edu\/gest\/wp-json\/wp\/v2\/media?parent=149"}],"curies":[{"name":"wp","href":"https:\/\/api.w.org\/{rel}","templated":true}]}}