{"id":144,"date":"2017-11-27T09:36:58","date_gmt":"2017-11-27T09:36:58","guid":{"rendered":"http:\/\/social-media-strategy.aula.uoc.edu\/gest\/2-1-3-guias-creativas-y-de-contenidos-de-la-publicidad\/"},"modified":"2017-11-30T12:18:34","modified_gmt":"2017-11-30T12:18:34","slug":"2-1-3-guies-creatives-i-de-continguts-de-la-publicitat","status":"publish","type":"page","link":"http:\/\/social-media-strategy.aula.uoc.edu\/gest\/2-1-3-guies-creatives-i-de-continguts-de-la-publicitat\/","title":{"rendered":"2.1.3. Guies creatives i de continguts de la publicitat"},"content":{"rendered":"<p>Dins de les tasques com a gestor de continguts o com a membres de l\u2019equip de mitjans socials, \u00e9s for\u00e7a habitual, en la majoria d\u2019empreses i de projectes, dur a terme una part de la comunicaci\u00f3 publicit\u00e0ria. En aquest sentit, cal tenir en compte que la marca pot estar en un pla de comunicaci\u00f3-m\u00e0rqueting-publicitat a llarg termini (anual o bianual) dins del qual hi haur\u00e0 part de la nostra activitat en mitjans socials.<\/p>\n<p>Per aix\u00f2 ens poden afectar algunes guies d\u2019estil de la part de comunicaci\u00f3 publicit\u00e0ria de l\u2019empresa:<\/p>\n<p><strong>1) Guies d\u2019estil de campanyes anuals<\/strong><\/p>\n<p>Les campanyes importants i de recorregut a mitj\u00e0 i llarg termini tenen guies d\u2019estil quant a l\u2019enfocament dels missatges, temes o arguments prioritaris que transmetran i sobre les q\u00fcestions gr\u00e0fiques, o fins i tot col\u00b7leccions de peces gr\u00e0fiques preparades per a utilitzar.<\/p>\n<div class=\"featured featured-grey\"><\/p>\n<h4>Exemples<\/h4>\n<p>Una empresa de telecomunicacions que aquell any est\u00e0 desplegant en les principals ciutats la fibra, o en bona part del territori nacional la cobertura 4G.<\/p>\n<p>Una marca d\u2019automoci\u00f3 que est\u00e0 immersa en una campanya anual de llan\u00e7ament de la nova l\u00ednia de cotxes h\u00edbrids amb alta prioritat.<\/p>\n<p>\n<div style=\"clear:both\"><\/div><\/div>\n<p><strong>2) Guia d\u2019estil o de creativitat de les campanyes actives en qu\u00e8 participarem<\/strong><\/p>\n<p>Les campanyes importants (encara que siguin temporals o puntuals) acostumen a tenir una guia de missatges i col\u00b7leccions de peces gr\u00e0fiques preparades per a utilitzar.<\/p>\n<div class=\"featured featured-grey\"><\/p>\n<h4>Exemples<\/h4>\n<p>La campanya d\u2019una marca de m\u00f2bils i tauletes per al Dia del Pare.<\/p>\n<p>La campanya d\u2019una marca de perfumeria i cosm\u00e8tica per al Dia de la Mare.<\/p>\n<p>La campanya d\u2019una marca de creuers els mesos previs a les vacances d\u2019estiu.<\/p>\n<p>\n<div style=\"clear:both\"><\/div><\/div>\n<p>Dins de la nostra responsabilitat com a gestors de la comunicaci\u00f3 en mitjans socials, hem de donar sortida a aquests continguts; les guies d\u2019estil, de formats i de creativitat ens marquen, i hem de respectar-les per a no diferir de la comunicaci\u00f3 i difusi\u00f3 en la resta de canals de m\u00e0rqueting i comunicaci\u00f3 fora de l\u00ednia o en l\u00ednia.<\/p>\n","protected":false},"excerpt":{"rendered":"<p>Dins de les tasques com a gestor de continguts o com a membres de l\u2019equip de mitjans socials, \u00e9s for\u00e7a habitual, en la majoria d\u2019empreses i de projectes, dur a terme una part de la comunicaci\u00f3 publicit\u00e0ria. En aquest sentit, cal tenir en compte que la marca pot estar en un pla de comunicaci\u00f3-m\u00e0rqueting-publicitat a [&hellip;]<\/p>\n","protected":false},"author":1,"featured_media":0,"parent":0,"menu_order":0,"comment_status":"closed","ping_status":"closed","template":"","meta":[],"acf":[],"_links":{"self":[{"href":"http:\/\/social-media-strategy.aula.uoc.edu\/gest\/wp-json\/wp\/v2\/pages\/144"}],"collection":[{"href":"http:\/\/social-media-strategy.aula.uoc.edu\/gest\/wp-json\/wp\/v2\/pages"}],"about":[{"href":"http:\/\/social-media-strategy.aula.uoc.edu\/gest\/wp-json\/wp\/v2\/types\/page"}],"author":[{"embeddable":true,"href":"http:\/\/social-media-strategy.aula.uoc.edu\/gest\/wp-json\/wp\/v2\/users\/1"}],"replies":[{"embeddable":true,"href":"http:\/\/social-media-strategy.aula.uoc.edu\/gest\/wp-json\/wp\/v2\/comments?post=144"}],"version-history":[{"count":3,"href":"http:\/\/social-media-strategy.aula.uoc.edu\/gest\/wp-json\/wp\/v2\/pages\/144\/revisions"}],"predecessor-version":[{"id":234,"href":"http:\/\/social-media-strategy.aula.uoc.edu\/gest\/wp-json\/wp\/v2\/pages\/144\/revisions\/234"}],"wp:attachment":[{"href":"http:\/\/social-media-strategy.aula.uoc.edu\/gest\/wp-json\/wp\/v2\/media?parent=144"}],"curies":[{"name":"wp","href":"https:\/\/api.w.org\/{rel}","templated":true}]}}