{"id":102,"date":"2017-11-27T10:57:00","date_gmt":"2017-11-27T10:57:00","guid":{"rendered":"http:\/\/social-media-strategy.aula.uoc.edu\/gest\/?page_id=102"},"modified":"2017-11-27T10:57:00","modified_gmt":"2017-11-27T10:57:00","slug":"4-1-2-gestion-total-o-parcialmente-descentralizada","status":"publish","type":"page","link":"http:\/\/social-media-strategy.aula.uoc.edu\/gest\/es\/4-1-2-gestion-total-o-parcialmente-descentralizada\/","title":{"rendered":"4.1.2. Gesti\u00f3n total o parcialmente descentralizada"},"content":{"rendered":"<p>Si la comunicaci\u00f3n en internet y medios sociales se segmenta en funci\u00f3n de secciones o departamentos, tenemos que valorar si es necesario prestar servicio a todas ellas, si necesitan de una persona expresamente para ello en cada uno. Esto depender\u00e1 del tama\u00f1o, del grado de madurez y otras cuestiones organizativas de cada empresa.<\/p>\n<p>Una opci\u00f3n inicial puede ser ofrecer una formaci\u00f3n y supervisi\u00f3n, adem\u00e1s de crear una gu\u00eda de comunicaci\u00f3n general, de buenos y malos usos, as\u00ed como de usos permitidos y no permitidos corporativamente. Si este es el caso, sirve todo lo expuesto anteriormente sobre la necesidad de gu\u00edas para unificar el trabajo y dar consistencia y unidad a la comunicaci\u00f3n.<\/p>\n<p>Tambi\u00e9n puede ser el caso de empresas u organizaciones grandes y con un alto nivel de descentralizaci\u00f3n en las que cada \u00e1rea tenga autonom\u00eda para realizar la comunicaci\u00f3n y marketing en <em>social media<\/em>, y que exista una gu\u00eda com\u00fan general para toda la entidad.<\/p>\n<p>En este contexto, no es de extra\u00f1ar que las primeras gu\u00edas de este tipo que surgieron en espa\u00f1ol fueran de grandes empresas y administraciones p\u00fablicas, en este caso de administraciones auton\u00f3micas, que sirvieron a la vez para concienciar de su uso, para formar y unificar criterios y dar buenas pr\u00e1cticas para toda su estructura, e incluso para ayuntamientos.<\/p>\n<div class=\"featured featured-grey\"><\/p>\n<h4>Ejemplos<\/h4>\n<p><a href=\"http:\/\/www.gencat.cat\/web\/meugencat\/documents\/20100607_GUIA_USOS_XARXA_CAS.pdf\" target=\"_blank\" rel=\"noopener\"><em>Gu\u00eda de usos y estilo en las redes sociales de la Generalitat de Catalu\u00f1a<\/em><\/a>.<\/p>\n<p><em><a href=\"http:\/\/bideoak2.euskadi.net\/redesyblogs\/guia_usos_y_estilos_en_rrss_del_ejgv\/guia_de_usos_y_estilo_en_las_redes_sociales_del_gobierno_vasco_v2.pdf\" target=\"_blank\" rel=\"noopener\">Gu\u00eda de usos y estilo en las redes sociales del Gobierno Vasco<\/a>.<\/em><\/p>\n<p><em><a href=\"http:\/\/www.jcyl.es\/junta\/cp\/guia_usos_redes_sociales_jcyl.pdf\" target=\"_blank\" rel=\"noopener\">Gu\u00eda de usos y estilo en las redes sociales de la Junta de Castilla y Le\u00f3n<\/a>.<\/em><\/p>\n<p><em><a href=\"https:\/\/es.slideshare.net\/planpiatic\/manual-de-estilo-piatic-de-comunicacin-en-la-red\" target=\"_blank\" rel=\"noopener\">Gu\u00eda de estilo de. comunicaci\u00f3n en la red de PIATIC (Plan de Innovaci\u00f3n del aut\u00f3nomo en TIC)<\/a>. <\/em><\/p>\n<p><em>The Coca Cola Company-Online Social Media Principles.<\/em><\/p>\n<p>\n<div style=\"clear:both\"><\/div><\/div>\n","protected":false},"excerpt":{"rendered":"<p>Si la comunicaci\u00f3n en internet y medios sociales se segmenta en funci\u00f3n de secciones o departamentos, tenemos que valorar si es necesario prestar servicio a todas ellas, si necesitan de una persona expresamente para ello en cada uno. Esto depender\u00e1 del tama\u00f1o, del grado de madurez y otras cuestiones organizativas de cada empresa. Una opci\u00f3n [&hellip;]<\/p>\n","protected":false},"author":1,"featured_media":0,"parent":0,"menu_order":0,"comment_status":"closed","ping_status":"closed","template":"","meta":[],"acf":[],"_links":{"self":[{"href":"http:\/\/social-media-strategy.aula.uoc.edu\/gest\/es\/wp-json\/wp\/v2\/pages\/102"}],"collection":[{"href":"http:\/\/social-media-strategy.aula.uoc.edu\/gest\/es\/wp-json\/wp\/v2\/pages"}],"about":[{"href":"http:\/\/social-media-strategy.aula.uoc.edu\/gest\/es\/wp-json\/wp\/v2\/types\/page"}],"author":[{"embeddable":true,"href":"http:\/\/social-media-strategy.aula.uoc.edu\/gest\/es\/wp-json\/wp\/v2\/users\/1"}],"replies":[{"embeddable":true,"href":"http:\/\/social-media-strategy.aula.uoc.edu\/gest\/es\/wp-json\/wp\/v2\/comments?post=102"}],"version-history":[{"count":1,"href":"http:\/\/social-media-strategy.aula.uoc.edu\/gest\/es\/wp-json\/wp\/v2\/pages\/102\/revisions"}],"predecessor-version":[{"id":104,"href":"http:\/\/social-media-strategy.aula.uoc.edu\/gest\/es\/wp-json\/wp\/v2\/pages\/102\/revisions\/104"}],"wp:attachment":[{"href":"http:\/\/social-media-strategy.aula.uoc.edu\/gest\/es\/wp-json\/wp\/v2\/media?parent=102"}],"curies":[{"name":"wp","href":"https:\/\/api.w.org\/{rel}","templated":true}]}}