{"id":343,"date":"2021-01-13T08:28:33","date_gmt":"2021-01-13T08:28:33","guid":{"rendered":"http:\/\/social-media-strategy.aula.uoc.edu\/eval\/?page_id=343"},"modified":"2021-01-13T10:51:09","modified_gmt":"2021-01-13T10:51:09","slug":"2-6-cada-quant-avaluem-diferencies-entre-lavaluacio-diaria-setmanal-o-trimestral","status":"publish","type":"page","link":"http:\/\/social-media-strategy.aula.uoc.edu\/eval\/2-6-cada-quant-avaluem-diferencies-entre-lavaluacio-diaria-setmanal-o-trimestral\/","title":{"rendered":"2.6. Cada quant avaluem? Difer\u00e8ncies entre l&#8217;avaluaci\u00f3 di\u00e0ria, setmanal o trimestral"},"content":{"rendered":"<p>Al llarg d&#8217;aquest segon cap\u00edtol hem vist els models d&#8217;avaluaci\u00f3, la import\u00e0ncia de l&#8217;atribuci\u00f3, els sis passos b\u00e0sics per mesurar el ROI d&#8217;una campanya en mitjans socials, els par\u00e0metres UTM i la seva import\u00e0ncia i les m\u00e8triques que cal tenir en compte si en la nostra estrat\u00e8gia de mitjans socials incloem accions amb<em> influencers<\/em>. \u00d2bviament, tot el que hem explicat t\u00e9 l&#8217;objectiu de donar armes, eines, conceptes i arguments que avalu\u00efn l&#8217;efic\u00e0cia de l&#8217;estrat\u00e8gia, que llancin dades i resultats i que aix\u00f2 ens permeti continuar treballant amb les estrat\u00e8gies en mitjans socials. Per\u00f2 cada quant cal avaluar?, hem de tenir diferents freq\u00fc\u00e8ncies d&#8217;avaluaci\u00f3? La resposta \u00e9s que s\u00ed.<\/p>\n<p>El que no es mesura, no es millora. Aix\u00f2 ho haur\u00edem de portar tatuat tots els que ens dediquem a crear estrat\u00e8gies digitals. Com sabrem si una campanya est\u00e0 funcionant b\u00e9 si no la mesurem pel que fa a l&#8217;objectiu que pret\u00e9n complir? \u00c9s una obvietat.<\/p>\n<p><strong>Avaluaci\u00f3 di\u00e0ria, mensual, trimestral i anual<\/strong><\/p>\n<p>Independentment del tipus de negoci, estrat\u00e8gies, t\u00e0ctiques i plataformes que utilitzem en una estrat\u00e8gia en mitjans socials, hi ha una avaluaci\u00f3 que \u00e9s imprescindible, i \u00e9s la mensual.<\/p>\n<p>El tr\u00e0nsit a la web generat des de les xarxes socials, el rendiment en m\u00e8triques d&#8217;abast i <em>engagement<\/em>, la generaci\u00f3 de <em>leads<\/em> s\u00f3n m\u00e8triques que revisarem mensualment per avaluar els resultats de l&#8217;estrat\u00e8gia. Trimestralment, semestralment i anualment, tamb\u00e9 caldr\u00e0 avaluar, sobretot, si hi ha estacionalitat o per avaluar el comportament dels usuaris.<\/p>\n<p>Una avaluaci\u00f3 anual ens permetr\u00e0 veure amb perspectiva com i quant est\u00e0 sent el ROI a les xarxes socials, especialment, d&#8217;aquells objectius m\u00e9s relacionats amb el<em> brand awareness<\/em>. Tant la generaci\u00f3 de <em>leads<\/em> com la satisfacci\u00f3 del client s\u00f3n objectius que s&#8217;han d&#8217;avaluar mensualment.<\/p>\n<p>Quan llancem campanyes especials d&#8217;<em>ads<\/em> o amb <em>influencers<\/em> i, sobretot, si busquem un efecte immediat, caldr\u00e0 fer una avaluaci\u00f3 di\u00e0ria per controlar el pressupost.<\/p>\n<p>Aix\u00ed mateix, \u00e9s m\u00e9s que recomanable avaluar di\u00e0riament la conversa en mitjans socials amb eines d&#8217;escolta, o <em>social listening<\/em>, tant per prevenir possibles crisis de reputaci\u00f3 com per detectar possibilitats de negoci. Com veurem en el cap\u00edtol 3, les eines que ens serveixen per avaluar l&#8217;estrat\u00e8gia en mitjans socials ens ofereixen dades di\u00e0ries, setmanals, mensuals, trimestrals i anuals.<\/p>\n<figure id=\"attachment_333\" aria-describedby=\"caption-attachment-333\" style=\"width: 620px\" class=\"wp-caption aligncenter\"><img loading=\"lazy\" class=\"size-full wp-image-333\" src=\"\/wp-content\/uploads\/sites\/4\/2017\/11\/PID_00279734_08.jpg\" alt=\"\" width=\"620\" height=\"256\" srcset=\"\/wp-content\/uploads\/sites\/4\/2017\/11\/PID_00279734_08.jpg 620w, \/wp-content\/uploads\/sites\/4\/2017\/11\/PID_00279734_08-300x124.jpg 300w\" sizes=\"(max-width: 620px) 100vw, 620px\" \/><figcaption id=\"caption-attachment-333\" class=\"wp-caption-text\">Captura de Metricool amb la vista de les possibilitats de filtrar per data<\/figcaption><\/figure>\n<p>Tot i que ara hi ha un gran nombre d&#8217;eines, tant gratu\u00eftes com de pagament, per a la gesti\u00f3 i mesurament de les xarxes socials, no est\u00e0 de m\u00e9s treballar amb un full d\u2019Excel per anotar totes les m\u00e8triques que vulguem seguir. Sobretot, al principi, pot ser \u00fatil tant per saber l&#8217;univers de m\u00e8triques a qu\u00e8 ens enfrontem, com per tenir l&#8217;h\u00e0bit de revisar, avaluar i anotar per despr\u00e9s prendre decisions.<\/p>\n<figure id=\"attachment_334\" aria-describedby=\"caption-attachment-334\" style=\"width: 620px\" class=\"wp-caption aligncenter\"><img loading=\"lazy\" class=\"size-full wp-image-334\" src=\"\/wp-content\/uploads\/sites\/4\/2017\/11\/PID_00279734_09.jpg\" alt=\"\" width=\"620\" height=\"246\" srcset=\"\/wp-content\/uploads\/sites\/4\/2017\/11\/PID_00279734_09.jpg 620w, \/wp-content\/uploads\/sites\/4\/2017\/11\/PID_00279734_09-300x119.jpg 300w\" sizes=\"(max-width: 620px) 100vw, 620px\" \/><figcaption id=\"caption-attachment-334\" class=\"wp-caption-text\">Taula Excel de KPI principals. Font: elaboraci\u00f3 pr\u00f2pia.<\/figcaption><\/figure>\n<div class=\"featured featured-blue\"><\/p>\n<p><strong>Refer\u00e8ncies<\/strong><\/p>\n<p>Google Analytics (s\/d a). \u00abVisi\u00f3 general dels models d&#8217;atribuci\u00f3\u00bb. Ajuda d&#8217;Analytics [URL] &lt;<a href=\"https:\/\/support.google.com\/analytics\/answer\/1662518?hl=es\" target=\"_blank\" rel=\"noopener\">https:\/\/support.google.com\/analytics\/answer\/1662518?hl=es<\/a>&gt;.<\/p>\n<p>Google Analytics (s\/d b) \u00abCreador d&#8217;URL\u00bb. Ajuda d&#8217;Analytics. [URL] &lt;<a href=\"https:\/\/support.google.com\/analytics\/answer\/1033867?hl=es\" target=\"_blank\" rel=\"noopener\">https:\/\/support.google.com\/analytics\/answer\/1033867?hl=es<\/a>&gt;.<\/p>\n<p>Google Analytics (s\/d c) \u00abSobre els objectius\u00bb. Ajuda d&#8217;Analytics [URL] &lt;<a href=\"https:\/\/support.google.com\/analytics\/answer\/1012040?hl=es\" target=\"_blank\" rel=\"noopener\">https:\/\/support.google.com\/analytics\/answer\/1012040?hl=es<\/a>&gt;.<\/p>\n<p><strong>Jackson, D.<\/strong> (2015, 6 de juliol). \u00abUltimate Guide to Measuring Social Media ROI\u00bb. <em>Sprout Social<\/em>. [URL] &lt;<a href=\"http:\/\/sproutsocial.com\/insights\/social-media-roi-guide\/\" target=\"_blank\" rel=\"noopener\">http:\/\/sproutsocial.com\/insights\/social-media-roi-guide\/<\/a>&gt;.<\/p>\n<p><strong>Lucas, T.<\/strong> (2015, 25 de novembre). \u00abPara qu\u00e9 sirven los modelos de atribuci\u00f3n de Google Analytics\u00bb. <em>Con tu negocio.<\/em> [URL] &lt;http:\/\/www.contunegocio.es\/tecnologia\/para-que-sirven-los- modelos-de-atribucion-google-analytics\/&gt;.<\/p>\n<p><strong>Patel, N.<\/strong> (2014, 27 de juny). \u00abHow to Calculate the ROI of Your Social Media Campaigns\u00bb. <em>QuickSprout<\/em> [URL] &lt;<a href=\"https:\/\/www.quicksprout.com\/2014\/06\/27\/how-to-calculate-the-roi-of-your-social-media-campaings\/\" target=\"_blank\" rel=\"noopener\">https:\/\/www.quicksprout.com\/2014\/06\/27\/how-to-calculate-the-roi-of-your-social-media-campaings\/<\/a>&gt;.<\/p>\n<p>\n<div style=\"clear:both\"><\/div><\/div>\n","protected":false},"excerpt":{"rendered":"<p>Al llarg d&#8217;aquest segon cap\u00edtol hem vist els models d&#8217;avaluaci\u00f3, la import\u00e0ncia de l&#8217;atribuci\u00f3, els sis passos b\u00e0sics per mesurar el ROI d&#8217;una campanya en mitjans socials, els par\u00e0metres UTM i la seva import\u00e0ncia i les m\u00e8triques que cal tenir en compte si en la nostra estrat\u00e8gia de mitjans socials incloem accions amb influencers. \u00d2bviament, [&hellip;]<\/p>\n","protected":false},"author":1,"featured_media":0,"parent":0,"menu_order":0,"comment_status":"closed","ping_status":"closed","template":"","meta":[],"acf":[],"_links":{"self":[{"href":"http:\/\/social-media-strategy.aula.uoc.edu\/eval\/wp-json\/wp\/v2\/pages\/343"}],"collection":[{"href":"http:\/\/social-media-strategy.aula.uoc.edu\/eval\/wp-json\/wp\/v2\/pages"}],"about":[{"href":"http:\/\/social-media-strategy.aula.uoc.edu\/eval\/wp-json\/wp\/v2\/types\/page"}],"author":[{"embeddable":true,"href":"http:\/\/social-media-strategy.aula.uoc.edu\/eval\/wp-json\/wp\/v2\/users\/1"}],"replies":[{"embeddable":true,"href":"http:\/\/social-media-strategy.aula.uoc.edu\/eval\/wp-json\/wp\/v2\/comments?post=343"}],"version-history":[{"count":5,"href":"http:\/\/social-media-strategy.aula.uoc.edu\/eval\/wp-json\/wp\/v2\/pages\/343\/revisions"}],"predecessor-version":[{"id":371,"href":"http:\/\/social-media-strategy.aula.uoc.edu\/eval\/wp-json\/wp\/v2\/pages\/343\/revisions\/371"}],"wp:attachment":[{"href":"http:\/\/social-media-strategy.aula.uoc.edu\/eval\/wp-json\/wp\/v2\/media?parent=343"}],"curies":[{"name":"wp","href":"https:\/\/api.w.org\/{rel}","templated":true}]}}