{"id":129,"date":"2017-11-28T07:57:46","date_gmt":"2017-11-28T07:57:46","guid":{"rendered":"http:\/\/social-media-strategy.aula.uoc.edu\/eval\/1-3-2-lo-estamos-definiendo-bien\/"},"modified":"2021-01-13T10:39:26","modified_gmt":"2021-01-13T10:39:26","slug":"1-3-2-necessitem-redefinir-el-social-media-roi","status":"publish","type":"page","link":"http:\/\/social-media-strategy.aula.uoc.edu\/eval\/1-3-2-necessitem-redefinir-el-social-media-roi\/","title":{"rendered":"1.3.2. Necessitem redefinir el <em>Social Media<\/em> ROI?"},"content":{"rendered":"<p>Nichole Kelly, autora de <em>How to Measure Social Media<\/em>, planteja en el llibre que cal una redefinici\u00f3 del <em>social media<\/em> <em>ROI<\/em>.<\/p>\n<p>Kelly apunta que, m\u00e9s enll\u00e0 de l\u2019avorrida fotografia que atorga la ROI financera de tota la vida, els responsables de m\u00e0rqueting han hagut d\u2019esmolar la creativitat per a incloure altres m\u00e8triques per a obtenir diferents nivells d\u2019\u00e8xit.<\/p>\n<p>Nichole Kelly es refereix a la rendibilitat de la influ\u00e8ncia, a la rendibilitat de la conversa i a la rendibilitat de l\u2019<em>engagement<\/em> com un <em>mix<\/em> que passi a formar part d\u2019un entorn de treball que pugui oferir una imatge m\u00e9s clara i real del que \u00e9s els <em>social media<\/em>, per\u00f2 com veurem, dif\u00edcilment mesurable.<\/p>\n<p>Est\u00e0 molt b\u00e9 ser creatius, per\u00f2 aquesta creativitat exigeix explicacions que l\u2019equip directiu demanar\u00e0. Si treballem amb aquestes m\u00e8triques, centrades en la vanitat, l\u2019equip de direcci\u00f3 ens far\u00e0 moltes preguntes sobre qu\u00e8 signifiquen i, el que \u00e9s m\u00e9s important, sobre com impacten en la xifra de negoci. Aix\u00ed, doncs, la creativitat est\u00e0 molt b\u00e9, per\u00f2 ja \u00e9s for\u00e7a complicat explicar les m\u00e8triques que tenim per a afegir-ne d\u2019altres que no entendran.<\/p>\n<p>Per descomptat, demostrar la ROI en <em>social media<\/em> \u00e9s una de les tasques m\u00e9s complicades a qu\u00e8 s\u2019enfronten els responsables de m\u00e0rqueting. I \u00e9s paradoxal perqu\u00e8, precisament, el m\u00e0rqueting en l\u00ednia \u00e9s una disciplina que, com ja sabeu, ens permet mesurar-ho pr\u00e0cticament tot.\u00a0En dades de <a href=\"https:\/\/sproutsocial.com\/insights\/data\/2018-index\/\" target=\"_blank\" rel=\"noopener\">Sprout Social Index<\/a>, en la 14a edici\u00f3, del 2018, asseguren que ROI \u00e9s la preocupaci\u00f3 principal per al 55 % dels responsables de l&#8217;estrat\u00e8gia social.<\/p>\n<p>Algunes raons que podem esgrimir per defensar les campanyes i accions en mitjans socials \u00e9s que ens serveixen com a banc de proves, com a panell de consumidors, i aix\u00f2 est\u00e0 perfectament alineat amb un dels objectius: reduir costos.<\/p>\n<p>Per exemple, amb una campanya en mitjans socials podem mostrar l&#8217;impacte potencial de futures campanyes de m\u00e0rqueting en mitjans socials en tot el negoci, o ens pot ajudar a assenyalar on posar els esfor\u00e7os i recursos, perqu\u00e8 provoquen m\u00e9s impactes.<\/p>\n<p>Tamb\u00e9 pot ajudar a entendre millor qu\u00e8 ressona en les nostres audi\u00e8ncies, o ens pot permetre girar quan un determinat enfocament no funciona com s&#8217;esperava. Tot s\u00f3n aprenentatges.<\/p>\n<p>Essencialment, davant la pregunta de per qu\u00e8 hem de mesurar la tornada en mitjans socials, tenim la mateixa resposta que per a la resta dels esfor\u00e7os que es fan a l&#8217;empresa: ha valgut la pena?, es pot millorar?<\/p>\n<p>Tornant a Nichole Kelly (2013), la CEO apunta en el seu llibre que un dels arguments m\u00e9s esgrimits per a plantejar la necessitat d\u2019unes m\u00e8triques noves \u00e9s que les que hi ha no mostren el valor dels <em>social media<\/em>. Per\u00f2 com ella diu:<\/p>\n<blockquote><p>\u00ab\u00c9s just afirmar que el veritable impacte del mitj\u00e0 social no pot demostrar-se amb les m\u00e8triques que hi ha, i trigarem molt de temps encara a aconseguir demostrar-ho amb dades. Per\u00f2 si ens esperem a tenir les dades perfectes, perdrem l\u2019ajuda en la gesti\u00f3 i el suport en els esfor\u00e7os en <em>social media<\/em> \u2013si \u00e9s que ho hem aconseguit\u2013 de <a href=\"javascript:void(0);\" class=\"tooltip\" data-toggle=\"popover\" data-placement=\"bottom\" data-content=\"Tradu\u00eft de la versi\u00f3 original en angl\u00e8s.\" data-placement=\"top\" data-html=\"true\">manera innecess\u00e0ria<\/a>.\u00bb<\/p><\/blockquote>\n<p>No permetem que perdin la paci\u00e8ncia i oferim les dades que demostrin la ROI amb les m\u00e8triques de qu\u00e8 disposem.<\/p>\n<p>Un altre punt cr\u00edtic \u00e9s que en lloc d\u2019intentar fer entendre als executius el llenguatge dels mitjans socials, intentem <strong>traduir-lo<\/strong> a l\u2019idioma que els equips de direcci\u00f3 entenen i els importa. Perqu\u00e8, immersos en la batalla per a demostrar el valor que t\u00e9 el mitj\u00e0 social, ens hem descuidat d\u2019explicar-lo en un llenguatge que poden entendre els qui tenen el poder de decisi\u00f3.<\/p>\n<p>Ens hem passat els anys intentant fer-los comprendre per qu\u00e8 un augment de les mencions o dels fans \u00e9s important \u2013quan no ho \u00e9s <em>per se<\/em>\u2013, quan el que haur\u00edem d\u2019haver fet \u00e9s centrar-nos en els objectius de negoci que ells entenen: ingressos, despeses, beneficis i satisfacci\u00f3 del client que s&#8217;aconsegueixen utilitzant els mitjans socials.<\/p>\n<p>\u00d2bviament, cal una redefinici\u00f3 de la ROI com s\u2019ha ent\u00e8s en els darrers anys. Si de deb\u00f2 volem endinsar-nos en el tema i mesurar la ROI en <em>social media<\/em>, el primer pas \u00e9s determinar quines m\u00e8triques s\u00f3n importants per a la companyia en qu\u00e8 treballem.\u00a0\u00c9s a dir, si la nostra estrat\u00e8gia a les xarxes socials est\u00e0 directament relacionada amb l&#8217;atenci\u00f3 al client, no seran m\u00e8triques de conversi\u00f3 les que mirarem, oi?<\/p>\n<p>El que s\u00ed \u00e9s clar \u00e9s que fa uns anys, quan les xarxes socials no tenien tant de recorregut, les m\u00e8triques de vanitat omplien informes amb xifres que feien refer\u00e8ncia al volum de seguidors, m&#8217;agrades i altres m\u00e8triques que, damunt d&#8217;una taula en qu\u00e8 es valora la tornada de la inversi\u00f3, no arribarien gaire lluny, fos quin fos l&#8217;objectiu plantejat (que, com sabem, gaireb\u00e9 mai figurava \u2013ni figura encara en molts casos\u2013 en cap informe).<\/p>\n<p>Aquesta vinyeta em continua semblant brillant per desmuntar el volum a les xarxes socials que crec i espero que ja anem superant.<\/p>\n<figure id=\"attachment_197\" aria-describedby=\"caption-attachment-197\" style=\"width: 640px\" class=\"wp-caption aligncenter\"><img loading=\"lazy\" class=\"wp-image-197 size-full\" src=\"\/wp-content\/uploads\/sites\/4\/2017\/11\/m1656_m5_002.jpg\" alt=\"\" width=\"640\" height=\"247\" srcset=\"\/wp-content\/uploads\/sites\/4\/2017\/11\/m1656_m5_002.jpg 640w, \/wp-content\/uploads\/sites\/4\/2017\/11\/m1656_m5_002-300x116.jpg 300w\" sizes=\"(max-width: 640px) 100vw, 640px\" \/><figcaption id=\"caption-attachment-197\" class=\"wp-caption-text\">Figura 2. <em>The Social Media ROI<\/em><br \/>Font: Nicholson (s\/d). <a href=\"http:\/\/www.socmedsean.com\/\" target=\"_blank\" rel=\"noopener\">www.socmedsean.com<\/a>. Sota llic\u00e8ncia: CC BY-ND 3.0.<\/figcaption><\/figure>\n<p>Hi ha m\u00e8triques que s\u00ed que serveixen, ens poden ajudar a demostrar la tornada de la inversi\u00f3 en mitjans socials i, sens dubte, estan relacionades amb la conversi\u00f3 \u2013quan vinculem el ROI amb la venda\u2013, per\u00f2, tal com hem dit, el repte ve quan volem demostrar l&#8217;efectivitat d&#8217;una estrat\u00e8gia en mitjans socials per augmentar el brand awareness, per exemple. Aqu\u00ed hi trobarem altres m\u00e8triques vinculades amb l&#8217;abast, l&#8217;engagement i la fidelitzaci\u00f3 de clients, per\u00f2, \u00f2bviament, aquelles que parlen de beneficis s\u00f3n les que voldran escoltar primer qui controla els pressupostos. Aix\u00f2 \u00e9s normal. Encara que sapiguem que una estrat\u00e8gia en mitjans socials no nom\u00e9s ha d&#8217;estar orientada a vendre i pot ajudar en el coneixement de marca i en la consideraci\u00f3, els equips directius volen xifres en euros. Crec que ja ha quedat prou clar.<\/p>\n<p>Hi ha quatre grans blocs de m\u00e8triques per mesurar el Social Media ROI:<\/p>\n<ul>\n<li>d&#8217;abast<\/li>\n<li>d&#8217;engagement<\/li>\n<li>de conversi\u00f3<\/li>\n<li>de fidelitzaci\u00f3 de clients<\/li>\n<\/ul>\n<p>Sobretot, el que mirarem d\u2019esbrinar amb l&#8217;avaluaci\u00f3 de la social media strategy \u00e9s si la gent escolta o veu la nostra marca, la freq\u00fc\u00e8ncia amb qu\u00e8 es compromet i relaciona amb una empresa, el ritme a qu\u00e8 aquest comprom\u00eds (engagement) es transforma en conversions i l&#8217;impacte general a la base de clients.<\/p>\n<p><strong>M\u00e8triques d&#8217;abast<\/strong><\/p>\n<p>\u00c9s clar que, per aconseguir conversions, primer cal tenir una audi\u00e8ncia, i aix\u00f2 es tradueix a assegurar-nos que estem connectant amb els clients adequats. <strong>L&#8217;abast<\/strong>, o reach, \u00e9s un terme paraigua al m\u00f3n de les m\u00e8triques que ens informa de com de lluny ha viatjat un missatge, quanta gent el pot haver vist i qui s\u00f3n aquestes persones. Es pot mesurar l&#8217;abast dels mitjans socials amb alguns dels indicadors clau de rendiment, o KPI (key performance indicator), seg\u00fcents:<\/p>\n<ul>\n<li>Nombre de seguidors: ras i curt, m\u00e8trica de vanitat.<\/li>\n<li>Impressions o quantes vegades els missatges d&#8217;una marca han aparegut en una l\u00ednia de temps o en una font de not\u00edcies.<\/li>\n<li>Tr\u00e0nsit al web des dels mitjans socials o, el que \u00e9s m\u00e9s important, el primer pas per convertir els seguidors en clients, ja que suposem que estan prou interessats per saber-ne m\u00e9s sobre una empresa o marca.<\/li>\n<li>Share of voice, o quant es parla d&#8217;una marca en comparaci\u00f3 amb els seus competidors.<\/li>\n<\/ul>\n<p><strong>M\u00e8triques d&#8217;engagement<\/strong><\/p>\n<p>Els KPI dels mitjans socials per a l&#8217;abast s\u00f3n una manera fant\u00e0stica de mesurar el potencial de les seves campanyes. No obstant aix\u00f2, aquestes m\u00e8triques no signifiquen gaire per si mateixes. No \u00e9s bo tenir un gran nombre de seguidors si la gent connectada a la teva empresa no compra mai res \u2013\u00e9s a dir, la vinyeta de Nicholson de la p\u00e0gina 9.<\/p>\n<p>El que s\u00ed que ens pot donar una idea de com som de socials s\u00f3n els m&#8217;agrades, compartits i comentaris, aix\u00f2 s\u00ed, sense valor monetari.<\/p>\n<p>No obstant aix\u00f2, els clics s\u00f3n una de les maneres m\u00e9s simples de mesurar l&#8217;engagement. Qualsevol persona disposada a fer clic en un enlla\u00e7 a un web o blog \u00e9s m\u00e9s probable que converteixi. Aix\u00f2 vol dir que s&#8217;estan comen\u00e7ant a conrear clients potencials qualificats, en lloc de tr\u00e0nsit b\u00e0sic. Els clics als enlla\u00e7os representen aproximadament el 92 % de la interacci\u00f3 de l&#8217;usuari a Twitter.<\/p>\n<figure id=\"attachment_269\" aria-describedby=\"caption-attachment-269\" style=\"width: 620px\" class=\"wp-caption aligncenter\"><img loading=\"lazy\" class=\"size-full wp-image-269\" src=\"\/wp-content\/uploads\/sites\/4\/2020\/12\/PID_00279735_12.jpg\" alt=\"\" width=\"620\" height=\"509\" srcset=\"\/wp-content\/uploads\/sites\/4\/2020\/12\/PID_00279735_12.jpg 620w, \/wp-content\/uploads\/sites\/4\/2020\/12\/PID_00279735_12-300x246.jpg 300w\" sizes=\"(max-width: 620px) 100vw, 620px\" \/><figcaption id=\"caption-attachment-269\" class=\"wp-caption-text\">Captura de Sproutsocial con cuenta demo<\/figcaption><\/figure>\n<p>Altres m\u00e8triques que cal tenir en compte per a l&#8217;engagement s\u00f3n:<\/p>\n<ul>\n<li>m&#8217;agrades<\/li>\n<li>compartits<\/li>\n<li>comentaris<\/li>\n<li>mencions<\/li>\n<\/ul>\n<p>Aproximadament el <a href=\"https:\/\/www.brandwatch.com\/blog\/amazing-social-media-statistics-and-facts\/.\" target=\"_blank\" rel=\"noopener\">96 %<\/a> de les persones que parlen d&#8217;empreses en l&#8217;\u00e0mbit social ni tan sols segueixen el perfil d&#8217;aquesta marca. Encara que una marca no tingui una connexi\u00f3 directa amb aquests individus, les coses que en diuen s\u00f3n importants. Per aix\u00f2 val la pena mirar les mencions quan es mesuren els KPI dels mitjans socials. Almenys, les mencions mostren que es t\u00e9 una bona consci\u00e8ncia de top of mind.<\/p>\n<div class=\"featured featured-blue\"><\/p>\n<p>Un recurs per tenir sempre a m\u00e0 \u00e9s aquesta recopilaci\u00f3 de Brandwatch, que recull 126 estad\u00edstiques incre\u00efbles i fets dels mitjans socials. \u00c9s una bona \u00abxuleta\u00bb: <a href=\"https:\/\/www.brandwatch.com\/blog\/amazing-social-media-statistics-and-facts\/\" target=\"_blank\" rel=\"noopener\">https:\/\/www.brandwatch.com\/blog\/amazing-social-media-statistics-and-facts\/<\/a>.<\/p>\n<p>\n<div style=\"clear:both\"><\/div><\/div>\n<p><strong>M\u00e8triques de conversi\u00f3<\/strong><\/p>\n<p>Tal com he avan\u00e7at, la m\u00e8trica de conversi\u00f3 \u00e9s la manera definitiva de mesurar l&#8217;\u00e8xit d&#8217;una campanya de mitjans socials. Una vegada els comptes comencen a generar atenci\u00f3, s&#8217;ha de mirar m\u00e9s enll\u00e0 dels gustos i les accions i pensar com tots aquests esfor\u00e7os estan afectant els resultats en euros.<\/p>\n<p>Quants dels fans de les teves xarxes socials et volen comprar alguna cosa? \u00c9s una bona pregunta, perqu\u00e8 si una marca o empresa t\u00e9 un gran nombre de seguidors a Instagram, per\u00f2 cap d&#8217;ells fa clic en el lloc web de la marca i compra el producte, qu\u00e8 vol dir tot aix\u00f2?<br \/>\nVegem aquestes m\u00e8triques, que expliquen:<\/p>\n<ul>\n<li style=\"padding-bottom: 1em;\">Ingressos per vendes<br \/>\nSi l&#8217;objectiu primari de m\u00e0rqueting que hem triat per treballar la nostra estrat\u00e8gia als mitjans socials ha estat \u00abaugmentar els ingressos per vendes\u00bb, ser\u00e0 important saber quin impacte en els resultats estan tenint els esfor\u00e7os en els mitjans socials. Determinar quantes conversions arriben a una web directament dels mitjans socials i intentar tenir una idea general del valor de cada client s\u00f3n m\u00e8triques b\u00e0siques.<\/li>\n<li style=\"padding-bottom: 1em;\">Taxa de conversi\u00f3 de leads, \u00e9s a dir, quants dels leads arriben pels mitjans socials. Ens servim de Google Analytics per poder mesurar aquesta taxa.<\/li>\n<li style=\"padding-bottom: 1em;\">Conversions sense ingressos, que tamb\u00e9 n&#8217;hi ha. Per exemple, una cosa tan simple com ara que els clients s&#8217;inscriguin en un butllet\u00ed de not\u00edcies per tenir una llista de m\u00e0rqueting per correu electr\u00f2nic m\u00e9s \u00e0mplia.<br \/>\nTamb\u00e9 s\u00f3n conversions les desc\u00e0rregues d&#8217;un llibre electr\u00f2nic o completar un formulari, sempre que aquests usuaris provinguin de canals socials.<\/li>\n<\/ul>\n<p><strong>M\u00e8triques de fidelitzaci\u00f3 de clients<\/strong><\/p>\n<p>Com ja hem dit, un dels objectius primaris de m\u00e0rqueting que es pot treballar des dels mitjans socials \u00e9s la fidelitzaci\u00f3 de clients; que ens tornin a comprar.<\/p>\n<ul>\n<li>Cost per <em>lead<\/em>.<br \/>\nLa manera m\u00e9s f\u00e0cil de determinar el cost per client potencial \u00e9s simplement mirar la quantitat de diners que gastem en campanyes socials.<br \/>\nEl que tenen de bo els mitjans socials \u00e9s que, a difer\u00e8ncia de PPC i AdWords, se centren en la construcci\u00f3 de relacions amb el p\u00fablic i a generar autoritat per a la marca. Aix\u00f2 vol dir que, amb el temps, el cost per <em>lead<\/em> ha de disminuir.<\/li>\n<li>Problemes o incid\u00e8ncies resoltes des dels mitjans socials.<\/li>\n<li>Customer lifetime value, o LTV. D&#8217;aquesta m\u00e8trica en parlarem extensament m\u00e9s endavant, per\u00f2 \u00e9s important saber que les campanyes de mitjans socials poden millorar el valor dels clients per a tota la vida, ja que ens assegura que es connecta constantment amb les persones adequades.<br \/>\nMesurar l&#8217;LTV tan sovint com es pugui serveix per determinar realment com de poderoses s\u00f3n les estrat\u00e8gies socials. El que t\u00e9 de bo rastrejar aquest indicador clau de rendiment \u00e9s que probablement tamb\u00e9 s&#8217;aline\u00ef amb alguns dels indicadors clau de rendiment del negoci en general.<\/li>\n<\/ul>\n<div class=\"featured featured-blue\"><\/p>\n<p><strong>Refer\u00e8ncies<\/strong><\/p>\n<p><strong>Jackson, D.<\/strong> (2015, 6 de juliol). \u00abUltimate Guide to Measuring Social Media ROI\u00bb. Sprout Social. [URL] &lt;<a href=\"http:\/\/sproutsocial.com\/insights\/social-media-roi-guide\/\" target=\"_blank\" rel=\"noopener\">http:\/\/sproutsocial.com\/insights\/social-media-roi-guide\/<\/a>&gt;.<\/p>\n<p><strong>Kelly, N.<\/strong> (2013). How to Measure Social Media. A Step-by-step Guide to Developing and Assessing Social Media ROI. Indianapolis: Que Publishing<\/p>\n<p><strong>Lee, K.<\/strong> (2016, 26 de mar\u00e7). \u00abThe Delightfully Short Guide to Social Media ROI\u00bb. Buffer Social [URL] &lt;<a href=\"https:\/\/blog.bufferapp.com\/guide-calculate-social-media-roi\" target=\"_blank\" rel=\"noopener\">https:\/\/blog.bufferapp.com\/guide-calculate-social-media-roi<\/a>&gt;.<\/p>\n<p><strong>Nicholson, S. R.<\/strong> (s\/d) \u00ab50+ Social Media Comics and Cartoons for Use in Your Presentations\u00bb. SocMedSean [URL] http:\/\/www.socmedsean.com\/50-social-media-comics-and-cartoons-for- usi-your-presentations\/<\/p>\n<p><strong>Nicholson, S. R.<\/strong> (s\/d) \u00abThe Social Media ROI\u00bb. SocMedSean [URL] &lt;<a href=\"http:\/\/www.socmedsean.com\/wp-content\/uploads\/2011\/04\/social_media_roi_cartoon.gif\" target=\"_blank\" rel=\"noopener\">http:\/\/www.socmedsean.com\/wp-content\/uploads\/2011\/04\/social_media_roi_cartoon.gif<\/a>&gt;.<\/p>\n<p><strong>Plaza, M.<\/strong> (2015, 29 de juny). \u00abROI vs IOR: definiciones y diferencias\u00bb. Aprendiendo de marketing digital y ecommerce [URL] &lt;<a href=\"http:\/\/ecommerceymarketing.es\/2015\/06\/roi-ior-definicion-diferencias-que-es\/\" target=\"_blank\" rel=\"noopener\">http:\/\/ecommerceymarketing.es\/2015\/06\/roi-ior-definicion-diferencias-que-es\/<\/a>&gt;.<\/p>\n<p>\n<div style=\"clear:both\"><\/div><\/div>\n","protected":false},"excerpt":{"rendered":"<p>Nichole Kelly, autora de How to Measure Social Media, planteja en el llibre que cal una redefinici\u00f3 del social media ROI. Kelly apunta que, m\u00e9s enll\u00e0 de l\u2019avorrida fotografia que atorga la ROI financera de tota la vida, els responsables de m\u00e0rqueting han hagut d\u2019esmolar la creativitat per a incloure altres m\u00e8triques per a obtenir [&hellip;]<\/p>\n","protected":false},"author":1,"featured_media":0,"parent":0,"menu_order":0,"comment_status":"closed","ping_status":"closed","template":"","meta":[],"acf":[],"_links":{"self":[{"href":"http:\/\/social-media-strategy.aula.uoc.edu\/eval\/wp-json\/wp\/v2\/pages\/129"}],"collection":[{"href":"http:\/\/social-media-strategy.aula.uoc.edu\/eval\/wp-json\/wp\/v2\/pages"}],"about":[{"href":"http:\/\/social-media-strategy.aula.uoc.edu\/eval\/wp-json\/wp\/v2\/types\/page"}],"author":[{"embeddable":true,"href":"http:\/\/social-media-strategy.aula.uoc.edu\/eval\/wp-json\/wp\/v2\/users\/1"}],"replies":[{"embeddable":true,"href":"http:\/\/social-media-strategy.aula.uoc.edu\/eval\/wp-json\/wp\/v2\/comments?post=129"}],"version-history":[{"count":11,"href":"http:\/\/social-media-strategy.aula.uoc.edu\/eval\/wp-json\/wp\/v2\/pages\/129\/revisions"}],"predecessor-version":[{"id":365,"href":"http:\/\/social-media-strategy.aula.uoc.edu\/eval\/wp-json\/wp\/v2\/pages\/129\/revisions\/365"}],"wp:attachment":[{"href":"http:\/\/social-media-strategy.aula.uoc.edu\/eval\/wp-json\/wp\/v2\/media?parent=129"}],"curies":[{"name":"wp","href":"https:\/\/api.w.org\/{rel}","templated":true}]}}