{"id":124,"date":"2017-11-28T07:54:31","date_gmt":"2017-11-28T07:54:31","guid":{"rendered":"http:\/\/social-media-strategy.aula.uoc.edu\/eval\/1-3-1-introduccion\/"},"modified":"2021-01-13T09:52:08","modified_gmt":"2021-01-13T09:52:08","slug":"1-3-1-introduccio","status":"publish","type":"page","link":"http:\/\/social-media-strategy.aula.uoc.edu\/eval\/1-3-1-introduccio\/","title":{"rendered":"1.3.1. Introducci\u00f3"},"content":{"rendered":"<p>Les arrels de la rendibilitat de la inversi\u00f3, en les sigles en angl\u00e8s <em>Return on Investment<\/em>, les trobem en les finances. S\u2019utilitza per a calcular \u00abquin ha estat el benefici econ\u00f2mic obtingut amb relaci\u00f3 a la inversi\u00f3 realitzada\u00bb (Plaza, 2015).<\/p>\n<div class=\"featured featured-blue\"><p>ROI =<em> (return \u2013 investment) \/ investment<\/em><\/p>\n<div style=\"clear:both\"><\/div><\/div>\n<p>En el blog de Buffer Kevan Lee (2015) el defineix aix\u00ed:<\/p>\n<blockquote><p>\u00abLa ROI en <em>social media<\/em> \u00e9s el que obtens de tot el temps, esfor\u00e7 i recursos que es destinen a <em>social<\/em>. I ha de calcular-se en <a href=\"javascript:void(0);\" class=\"tooltip\" data-toggle=\"popover\" data-placement=\"bottom\" data-content=\"Tradu\u00eft de la versi\u00f3 original en angl\u00e8s.\" data-placement=\"top\" data-html=\"true\">d\u00f2lars<\/a>.\u00bb (O en euros a Europa.)<\/p><\/blockquote>\n<p>A <em>Sprout Social<\/em>, Dominique Jackson (2015) apunta en la mateixa direcci\u00f3 i afegeix que, perqu\u00e8 aquesta rendibilitat sigui mesurada en d\u00f2lars (o en euros), cal saber:<\/p>\n<ol>\n<li>Quants diners es destinen al <em>social media marketing<\/em>.<\/li>\n<li>Quant valen els objectius en <em>social media<\/em>.<\/li>\n<\/ol>\n<p>No cal actualitzar aquesta definici\u00f3, perqu\u00e8 cinc anys despr\u00e9s ens continuem trobant amb el mateix a les mateixes fonts. Mesurar el ROI segueix sent un repte perqu\u00e8, si b\u00e9 la inversi\u00f3 (els recursos que es destinen a una campanya en particular) pot ser clara, assignar un valor monetari a la tornada no \u00e9s tan simple.<\/p>\n<p>Per exemple, quan busques ampliar l&#8217;abast i guanyes deu mil seguidors m\u00e9s gr\u00e0cies a una campanya, com ho valores?, quant val en euros cada seguidor? I si vam crear un v\u00eddeo per educar un p\u00fablic sobre una nova l\u00ednia de productes i aconseguim el nombre de visites que ens hav\u00edem proposat, quina \u00e9s la tornada de la inversi\u00f3?, val la pena dedicar els recursos que s&#8217;han gastat en la producci\u00f3 del v\u00eddeo i en la seva promoci\u00f3 en els mitjans socials?<\/p>\n","protected":false},"excerpt":{"rendered":"<p>Les arrels de la rendibilitat de la inversi\u00f3, en les sigles en angl\u00e8s Return on Investment, les trobem en les finances. S\u2019utilitza per a calcular \u00abquin ha estat el benefici econ\u00f2mic obtingut amb relaci\u00f3 a la inversi\u00f3 realitzada\u00bb (Plaza, 2015). En el blog de Buffer Kevan Lee (2015) el defineix aix\u00ed: \u00abLa ROI en social [&hellip;]<\/p>\n","protected":false},"author":1,"featured_media":0,"parent":0,"menu_order":0,"comment_status":"closed","ping_status":"closed","template":"","meta":[],"acf":[],"_links":{"self":[{"href":"http:\/\/social-media-strategy.aula.uoc.edu\/eval\/wp-json\/wp\/v2\/pages\/124"}],"collection":[{"href":"http:\/\/social-media-strategy.aula.uoc.edu\/eval\/wp-json\/wp\/v2\/pages"}],"about":[{"href":"http:\/\/social-media-strategy.aula.uoc.edu\/eval\/wp-json\/wp\/v2\/types\/page"}],"author":[{"embeddable":true,"href":"http:\/\/social-media-strategy.aula.uoc.edu\/eval\/wp-json\/wp\/v2\/users\/1"}],"replies":[{"embeddable":true,"href":"http:\/\/social-media-strategy.aula.uoc.edu\/eval\/wp-json\/wp\/v2\/comments?post=124"}],"version-history":[{"count":5,"href":"http:\/\/social-media-strategy.aula.uoc.edu\/eval\/wp-json\/wp\/v2\/pages\/124\/revisions"}],"predecessor-version":[{"id":353,"href":"http:\/\/social-media-strategy.aula.uoc.edu\/eval\/wp-json\/wp\/v2\/pages\/124\/revisions\/353"}],"wp:attachment":[{"href":"http:\/\/social-media-strategy.aula.uoc.edu\/eval\/wp-json\/wp\/v2\/media?parent=124"}],"curies":[{"name":"wp","href":"https:\/\/api.w.org\/{rel}","templated":true}]}}