{"id":89,"date":"2017-11-28T09:22:07","date_gmt":"2017-11-28T09:22:07","guid":{"rendered":"http:\/\/social-media-strategy.aula.uoc.edu\/eval\/?page_id=89"},"modified":"2021-01-13T10:26:12","modified_gmt":"2021-01-13T10:26:12","slug":"3-1-los-outputs-estructura-y-herramientas","status":"publish","type":"page","link":"http:\/\/social-media-strategy.aula.uoc.edu\/eval\/es\/3-1-los-outputs-estructura-y-herramientas\/","title":{"rendered":"3.1. Los <em>outputs<\/em>: estructura y herramientas"},"content":{"rendered":"<p>Existen infinidad de herramientas en el mercado, desde Excel hasta sofisticadas plataformas \u00fatiles para generar informes y recopilar informaci\u00f3n y cuadros de mando. Sin embargo, todas estas herramientas solo funcionar\u00e1n si el informe est\u00e1 elaborado con la informaci\u00f3n adecuada, el lenguaje apropiado y el nivel de profundidad necesario para el destinatario principal.<\/p>\n<p>Hemos hablado ya del problema que existe cuando los responsables de marketing tienen que reportar sobre su \u00e1rea de trabajo, en este caso, sobre <em>social media<\/em>, y lo hacen en unos t\u00e9rminos que los directivos no entienden. Porque recordemos que lo que les interesa conocer es todo aquello que tenga un impacto en su cifra de negocio o que est\u00e9 enfocado en beneficios, costes y ventas.<\/p>\n<p>Igual que ve\u00edamos necesario traducir el lenguaje y las m\u00e9tricas, es cr\u00edtico adaptar los informes y cuadros de mando al nivel de la persona del equipo directivo a la que tenemos que reportar.<\/p>\n<figure id=\"attachment_248\" aria-describedby=\"caption-attachment-248\" style=\"width: 529px\" class=\"wp-caption aligncenter\"><img loading=\"lazy\" class=\"wp-image-248 size-full\" src=\"\/wp-content\/uploads\/sites\/4\/2017\/11\/b2401_m5_015-1.jpg\" alt=\"\" width=\"529\" height=\"260\" srcset=\"\/wp-content\/uploads\/sites\/4\/2017\/11\/b2401_m5_015-1.jpg 529w, \/wp-content\/uploads\/sites\/4\/2017\/11\/b2401_m5_015-1-300x147.jpg 300w\" sizes=\"(max-width: 529px) 100vw, 529px\" \/><figcaption id=\"caption-attachment-248\" class=\"wp-caption-text\">Pir\u00e1mide de poder y su correlaci\u00f3n en el tipo de reporte o informe: \u00abinformes vs cuadros de mando\u00bb<br \/> Fuente: Olmo (2013).<\/figcaption><\/figure>\n<p>En esta pir\u00e1mide se observa claramente c\u00f3mo deber\u00edamos estructurar los tipos de informes que deben circular internamente para reportar los esfuerzos en <em>social media<\/em>.<\/p>\n<p>Los cuadros de mando conceptuales en los que se detallan las m\u00e9tricas de negocio m\u00e1s relevantes son para la direcci\u00f3n general. Son, con diferencia, los reportes m\u00e1s complicados de elaborar por la concreci\u00f3n que exigen. Probablemente no se consiga un buen resultado en el primer intento, pero escuchando y debatiendo con los equipos de direcci\u00f3n, se puede llegar relativamente pronto a un buen modelo.<\/p>\n<div class=\"featured featured-blue\"><p>La clave: incluir las m\u00e9tricas que tienen un impacto directo en la cifra de negocio y explicarlas en t\u00e9rminos econ\u00f3micos.<\/p>\n<div style=\"clear:both\"><\/div><\/div>\n<p>Un buen ejemplo de lo que s\u00ed debemos incluir en un informe para la direcci\u00f3n general ser\u00eda el resultado de los beneficios menos los costes, las solicitudes de informaci\u00f3n o incidencias solucionadas por medio de los canales sociales, o bien las oportunidades de negocio abiertas por ventas tras conseguir un <em>lead<\/em> procedente de una red social.<\/p>\n<p>Algunos directivos, sobre todo, los de marketing, requerir\u00e1n un nivel de detalle mayor, por lo que los datos recogidos deben estar reflejados de manera m\u00e1s profunda junto con recomendaciones y conclusiones.<\/p>\n<p>Conforme vamos bajando a un nivel m\u00e1s t\u00e9cnico, los informes ganan en detalle, en profundidad y en extensi\u00f3n. En ellos podemos incluir m\u00e1s datos cualitativos, no tan enfocados al ROI.<\/p>\n<p>Uno de los errores m\u00e1s comunes es creer que un informe es m\u00e1s valioso porque es muy t\u00e9cnico o muy extenso. No hay peor enfoque que entregarle un informe de 20 p\u00e1ginas a un directivo que espera una \u00fanica <em>slide<\/em> donde puede conocer lo que estapasando de un vistazo.<\/p>\n<p>Algunas herramientas que se pueden utilizar para generar cuadros de mando:<\/p>\n<ol>\n<li><a href=\"https:\/\/powerbi.microsoft.com\/es-es\/\" target=\"_blank\" rel=\"noopener\">Power Bi<\/a>.<\/li>\n<li><a href=\"https:\/\/datastudio.google.com\/overview\" target=\"_blank\" rel=\"noopener\">Data Studio<\/a>.<\/li>\n<li><a href=\"https:\/\/www.happymetrix.com\/\" target=\"_blank\" rel=\"noopener\">Happymetrix<\/a>.<\/li>\n<li><a href=\"https:\/\/www.klipfolio.com\/\" target=\"_blank\" rel=\"noopener\">Klipfolio<\/a>.<\/li>\n<li><a href=\"https:\/\/www.cyfe.com\/\" target=\"_blank\" rel=\"noopener\">Cyfe<\/a>.<\/li>\n<li><a href=\"https:\/\/www.datapine.com\/\" target=\"_blank\" rel=\"noopener\">Datapine<\/a>.<\/li>\n<li><a href=\"https:\/\/www.clicdata.com\/\" target=\"_blank\" rel=\"noopener\">Clicdata<\/a>.<\/li>\n<li><a href=\"https:\/\/www.idashboards.com\/\" target=\"_blank\" rel=\"noopener\">iDashboards<\/a>.<\/li>\n<li><a href=\"https:\/\/lincebi.com\/\" target=\"_blank\" rel=\"noopener\">LinceBi<\/a>.<\/li>\n<li><a href=\"https:\/\/www.zoho.com\/analytics\/help\/dashboard\/\" target=\"_blank\" rel=\"noopener\">Zoho<\/a>.<\/li>\n<li><a href=\"https:\/\/metricool.com\/es\/\" target=\"_blank\" rel=\"noopener\">Metricool<\/a>.<\/li>\n<li><a href=\"https:\/\/office.live.com\/start\/Excel.aspx?ui=es-ES\" target=\"_blank\" rel=\"noopener\">Excel<\/a>.<\/li>\n<li><a href=\"https:\/\/www.sweetspot.com\/es\/\" target=\"_blank\" rel=\"noopener\">SweetSpot<\/a>.<\/li>\n<li><a href=\"https:\/\/chartio.com\/\" target=\"_blank\" rel=\"noopener\">Chartio<\/a>.<\/li>\n<li><a href=\"https:\/\/www.qlik.com\/us\/\" target=\"_blank\" rel=\"noopener\">Qlik<\/a>.<\/li>\n<li><a href=\"https:\/\/dashthis.com\/\" target=\"_blank\" rel=\"noopener\">DashThis<\/a>.<\/li>\n<li><a href=\"https:\/\/www.geckoboard.com\/\">Geckoboard<\/a>.<\/li>\n<li><a href=\"https:\/\/analyticsportfolio.com\/\" target=\"_blank\" rel=\"noopener\">Analytics Portfolio<\/a>.<\/li>\n<li><a href=\"https:\/\/newrelic.com\/\" target=\"_blank\" rel=\"noopener\">New Relic<\/a>.<\/li>\n<li><a href=\"https:\/\/www.woopra.com\/\">Woopra<\/a>.<\/li>\n<li><a href=\"https:\/\/mixpanel.com\/es\/\" target=\"_blank\" rel=\"noopener\">Mixpanel<\/a>.<\/li>\n<li><a href=\"https:\/\/customer.io\/\" target=\"_blank\" rel=\"noopener\">Customer.io<\/a>.<\/li>\n<\/ol>\n<p>Son especialmente efectivos los cuadros de mando hechos <em>ad hoc<\/em>, con expertos en anal\u00edtica. Puede ser un gran trabajo de inicio y, una vez establecido, ser\u00e1 una potente herramienta de trabajo.<\/p>\n<p>Una de las herramientas que m\u00e1s popularidad ha ganado, tanto por sus funcionalidades como por su facilidad de uso, es Metricool. Si hace unos a\u00f1os eran Buffer o Hootsuite las \u00abreinas\u00bb del mercado, la capacidad de Metricool para aunar gesti\u00f3n de redes sociales y anal\u00edtica en la misma plataforma, los ha situado en una postura muy ventajosa para convencer a los responsables de los equipos de medios sociales para que la contraten.<\/p>\n<p>Metricool en su versi\u00f3n de pago m\u00e1s b\u00e1sica nos permite conectar todas las redes sociales de la marca, adem\u00e1s de los principales indicadores de la web, Google My Business, Twitch, Facebook Ads, Google Ads e incluso TikTok Ads. La ventaja de este tipo de herramientas es que en un solo lugar tenemos toda la informaci\u00f3n y \u00a0podemos generar informes con plantillas eligiendo el periodo que queremos trabajar.<\/p>\n<figure id=\"attachment_267\" aria-describedby=\"caption-attachment-267\" style=\"width: 620px\" class=\"wp-caption aligncenter\"><img loading=\"lazy\" class=\"size-full wp-image-267\" src=\"\/wp-content\/uploads\/sites\/4\/2020\/12\/PID_00279735_10.jpg\" alt=\"\" width=\"620\" height=\"251\" srcset=\"\/wp-content\/uploads\/sites\/4\/2020\/12\/PID_00279735_10.jpg 620w, \/wp-content\/uploads\/sites\/4\/2020\/12\/PID_00279735_10-300x121.jpg 300w\" sizes=\"(max-width: 620px) 100vw, 620px\" \/><figcaption id=\"caption-attachment-267\" class=\"wp-caption-text\">Fuente: Captura del Metricool con una cuenta real.<\/figcaption><\/figure>\n<figure id=\"attachment_268\" aria-describedby=\"caption-attachment-268\" style=\"width: 620px\" class=\"wp-caption aligncenter\"><img loading=\"lazy\" class=\"size-full wp-image-268\" src=\"\/wp-content\/uploads\/sites\/4\/2020\/12\/PID_00279735_11.jpg\" alt=\"\" width=\"620\" height=\"356\" srcset=\"\/wp-content\/uploads\/sites\/4\/2020\/12\/PID_00279735_11.jpg 620w, \/wp-content\/uploads\/sites\/4\/2020\/12\/PID_00279735_11-300x172.jpg 300w\" sizes=\"(max-width: 620px) 100vw, 620px\" \/><figcaption id=\"caption-attachment-268\" class=\"wp-caption-text\">Fuente: Captura de la herramienta Metricool.<\/figcaption><\/figure>\n<p>Hemos mencionado en el anterior cap\u00edtulo que con la llegada de los <em>influencers<\/em> hay una serie de herramientas que nos pueden ayudar tanto a encontrarlos como a hacer seguimiento.<\/p>\n<p><a href=\"https:\/\/www.heepsy.com\/\">Heepsy<\/a>: es una herramienta enfocada a <strong>localizar <em>influencers<\/em> en Instagram.<\/strong><\/p>\n<p><a href=\"https:\/\/www.brandwatch.com\/\">Brandwatch<\/a>: cuando ya tenemos localizados a los <em>influencers<\/em> que pueden ayudarnos en nuestras acciones de marketing, Brandwatch nos ofrece <strong>los datos de audiencia<\/strong><strong>: <\/strong>n\u00famero de seguidores, tipo de relaci\u00f3n (<em>engagement<\/em>) con sus fans, etc.<\/p>\n<p><a href=\"https:\/\/home.buzzmonitor.es\/\">Buzzmonitor:<\/a> no es exactamente una herramienta de localizaci\u00f3n de <em>influencers<\/em>, sino de monitorizaci\u00f3n, pero permite <strong>investigar sobre los temas de inter\u00e9s para una marca y averiguar la posici\u00f3n de los usuarios<\/strong> en relaci\u00f3n con nuestros productos o servicios.<\/p>\n<p><a href=\"https:\/\/influencerfee.com\/\">Influencer Fee:<\/a> herramienta que nos permite conocer el cach\u00e9 de los <em>influencers<\/em>.<\/p>\n<p><a href=\"https:\/\/socialblade.com\/\">SocialBlade:<\/a> esta plataforma <strong>proporciona informaci\u00f3n sobre YouTube<\/strong>: el n\u00famero de suscriptores a un canal, cantidad de seguidores de cada <em>youtuber<\/em>, interacciones, ganancias estimadas, etc.<\/p>\n","protected":false},"excerpt":{"rendered":"<p>Existen infinidad de herramientas en el mercado, desde Excel hasta sofisticadas plataformas \u00fatiles para generar informes y recopilar informaci\u00f3n y cuadros de mando. Sin embargo, todas estas herramientas solo funcionar\u00e1n si el informe est\u00e1 elaborado con la informaci\u00f3n adecuada, el lenguaje apropiado y el nivel de profundidad necesario para el destinatario principal. Hemos hablado ya [&hellip;]<\/p>\n","protected":false},"author":1,"featured_media":0,"parent":0,"menu_order":0,"comment_status":"closed","ping_status":"closed","template":"","meta":[],"acf":[],"_links":{"self":[{"href":"http:\/\/social-media-strategy.aula.uoc.edu\/eval\/es\/wp-json\/wp\/v2\/pages\/89"}],"collection":[{"href":"http:\/\/social-media-strategy.aula.uoc.edu\/eval\/es\/wp-json\/wp\/v2\/pages"}],"about":[{"href":"http:\/\/social-media-strategy.aula.uoc.edu\/eval\/es\/wp-json\/wp\/v2\/types\/page"}],"author":[{"embeddable":true,"href":"http:\/\/social-media-strategy.aula.uoc.edu\/eval\/es\/wp-json\/wp\/v2\/users\/1"}],"replies":[{"embeddable":true,"href":"http:\/\/social-media-strategy.aula.uoc.edu\/eval\/es\/wp-json\/wp\/v2\/comments?post=89"}],"version-history":[{"count":8,"href":"http:\/\/social-media-strategy.aula.uoc.edu\/eval\/es\/wp-json\/wp\/v2\/pages\/89\/revisions"}],"predecessor-version":[{"id":307,"href":"http:\/\/social-media-strategy.aula.uoc.edu\/eval\/es\/wp-json\/wp\/v2\/pages\/89\/revisions\/307"}],"wp:attachment":[{"href":"http:\/\/social-media-strategy.aula.uoc.edu\/eval\/es\/wp-json\/wp\/v2\/media?parent=89"}],"curies":[{"name":"wp","href":"https:\/\/api.w.org\/{rel}","templated":true}]}}