{"id":48,"date":"2017-11-28T07:57:46","date_gmt":"2017-11-28T07:57:46","guid":{"rendered":"http:\/\/social-media-strategy.aula.uoc.edu\/eval\/?page_id=48"},"modified":"2021-01-13T10:39:02","modified_gmt":"2021-01-13T10:39:02","slug":"1-3-2-necesitamos-redefinir-el-social-media-roi","status":"publish","type":"page","link":"http:\/\/social-media-strategy.aula.uoc.edu\/eval\/es\/1-3-2-necesitamos-redefinir-el-social-media-roi\/","title":{"rendered":"1.3.2. \u00bfNecesitamos redefinir el <em>Social Media<\/em> ROI?"},"content":{"rendered":"<p>Nichole Kelly, autora de <em>How to Measure Social Media<\/em>, plantea en su libro que es necesaria una redefinici\u00f3n del Social Media ROI.<\/p>\n<p>Kelly apunta que, m\u00e1s all\u00e1 de la aburrida fotograf\u00eda que otorga el ROI financiero de toda la vida, los responsables de marketing han tenido que afilar su creatividad para incluir otras m\u00e9tricas obteniendo diferentes niveles de \u00e9xito.<\/p>\n<p>Nichole Kelly se refiere al retorno de la influencia, al retorno de la conversaci\u00f3n y al retorno del <em>engagement<\/em> como un <em>mix<\/em> que pase a formar parte de un <em>framework<\/em> que pueda ofrecer una imagen m\u00e1s clara y real de lo que es el social media. Pero, como vamos a ver, dif\u00edcilmente medible.<\/p>\n<p>Est\u00e1 muy bien ser creativos, pero esta creatividad exige explicaciones que va a exigir el equipo directivo. Si trabajamos con estas m\u00e9tricas, centradas en la vanidad, el equipo de direcci\u00f3n nos va a hacer muchas preguntas sobre lo que significan y lo que es m\u00e1s importante, sobre c\u00f3mo impactan en su cifra de negocio. As\u00ed que, la creatividad est\u00e1 muy bien, pero ya es bastante complicado explicar las m\u00e9tricas que tenemos como para a\u00f1adir otras que no van a entender.<\/p>\n<p>Desde luego, demostrar el ROI en <em>social media<\/em> es una de las tareas m\u00e1s complicadas a la que se enfrentan los responsables de marketing. Y es parad\u00f3jico porque, precisamente, el marketing en l\u00ednea es una disciplina que nos permite medir, como sab\u00e9is, pr\u00e1cticamente todo. En datos de <a href=\"https:\/\/sproutsocial.com\/insights\/data\/2018-index\/\" target=\"_blank\" rel=\"noopener\">Sprout Social Index<\/a>, en su 14.\u00aa edici\u00f3n, de 2018, aseguran que ROI es la principal preocupaci\u00f3n para el 55 % de los responsables de la estrategia social.<\/p>\n<p>Algunas razones que podemos esgrimir para defender las campa\u00f1as y acciones en medios sociales es que nos sirve como banco de pruebas, como panel de consumidores, y eso est\u00e1 perfectamente alineado con uno de los objetivos: reducir costes.<\/p>\n<p>Por ejemplo, con una campa\u00f1a en medios sociales podemos mostrar el impacto potencial de futuras campa\u00f1as de marketing en medios sociales en todo el negocio, o nos puede ayudar a se\u00f1alar d\u00f3nde poner los esfuerzos y recursos porque provocan m\u00e1s impactos.<\/p>\n<p>Tambi\u00e9n puede ayudar a entender mejor lo que resuena en nuestras audiencias, o nos puede permitir girar cuando un determinado enfoque no funciona como se esperaba. Son todo aprendizajes.<\/p>\n<p>Esencialmente, ante la pregunta de por qu\u00e9 debemos medir el retorno en medios sociales, tenemos la misma respuesta que para el resto de los esfuerzos que se realizan en la empresa: \u00bfha valido la pena?, \u00bfse puede mejorar?<\/p>\n<p>Volviendo a Nichole Kelly (2013), la CEO apunta en su libro que uno de los argumentos m\u00e1s esgrimidos para plantear la necesidad de unas m\u00e9tricas nuevas es que las existentes no muestran el valor del <em>social media<\/em>. Pero como ella dice:<\/p>\n<blockquote><p>\u00abEs justo afirmar que el verdadero impacto del social media no puede ser demostrado con las m\u00e9tricas existentes, y vamos a tardar mucho tiempo a\u00fan en conseguir demostrarlo con datos. Pero si nos esperamos a tener los datos perfectos, vamos a perder el apoyo en la gesti\u00f3n y soporte en los esfuerzos en social media \u2013si es que hemos conseguido lograrlo\u2013 de <a href=\"javascript:void(0);\" class=\"tooltip\" data-toggle=\"popover\" data-placement=\"bottom\" data-content=\"Traducido de la versi\u00f3n original en ingl\u00e9s.\" data-placement=\"top\" data-html=\"true\">manera innecesaria<\/a>.\u00bb<\/p><\/blockquote>\n<p>No permitamos que pierdan la paciencia y ofrezcamos los datos que demuestren el ROI con las m\u00e9tricas de las que disponemos.<\/p>\n<p>Y otro punto cr\u00edtico: en lugar de intentar hacer entender a los ejecutivos el lenguaje del <em>social media<\/em>, intentemos <strong>traducir el <em>social media<\/em><\/strong> a lo que los equipos de direcci\u00f3n entienden y les importa. Porque, inmersos en la batalla por demostrar el valor que tiene el <em>social media<\/em>, nos hemos olvidado de explicarlo en un lenguaje que puedan entender aquellos que tienen el poder de decisi\u00f3n.<\/p>\n<p>Y es que nos hemos pasado los a\u00f1os intentando hacerles comprender por qu\u00e9 un aumento de las menciones o de los fans es importante \u2013cuando no lo es <em>per se<\/em>\u2013, cuando lo que deber\u00edamos haber hecho es enfocarnos en los objetivos de negocio que ellos entienden: ingresos, gastos, beneficios y satisfacci\u00f3n del cliente que se logran utilizando los medios sociales.<\/p>\n<p>Obviamente, es necesaria una redefinici\u00f3n del ROI como se ha venido entendiendo en los \u00faltimos a\u00f1os. Si de verdad queremos meternos en harina y medir el ROI en <em>social media<\/em>, el primer paso es determinar qu\u00e9 m\u00e9tricas son importantes para la compa\u00f1\u00eda para la que trabajamos.\u00a0Es decir, si nuestra estrategia en redes sociales est\u00e1 directamente relacionada con la atenci\u00f3n al cliente, no ser\u00e1n m\u00e9tricas de conversi\u00f3n las que miraremos, \u00bfverdad?<\/p>\n<p>Lo que s\u00ed est\u00e1 claro es que hace unos a\u00f1os, cuando las redes sociales no ten\u00edan tanto recorrido, las m\u00e9tricas de vanidad llenaban informes con n\u00fameros que hac\u00edan referencia al volumen de seguidores, <em>likes<\/em> y otras m\u00e9tricas que encima de una mesa donde se valora el retorno de la inversi\u00f3n no iban a llegar muy lejos, fuera el que fuera el objetivo planteado (que como sabemos, casi nunca figuraba \u2013ni figura a\u00fan en muchos casos\u2013 en ning\u00fan informe).<\/p>\n<p>Esta vi\u00f1eta me sigue pareciendo brillante para desmontar el volumen en redes sociales que creo y espero que ya vayamos superando.<\/p>\n<figure id=\"attachment_53\" aria-describedby=\"caption-attachment-53\" style=\"width: 640px\" class=\"wp-caption aligncenter\"><img loading=\"lazy\" class=\"wp-image-53 size-full\" src=\"\/wp-content\/uploads\/sites\/4\/2017\/11\/b2401_m5_002.jpg\" alt=\"\" width=\"640\" height=\"247\" srcset=\"\/wp-content\/uploads\/sites\/4\/2017\/11\/b2401_m5_002.jpg 640w, \/wp-content\/uploads\/sites\/4\/2017\/11\/b2401_m5_002-300x116.jpg 300w\" sizes=\"(max-width: 640px) 100vw, 640px\" \/><figcaption id=\"caption-attachment-53\" class=\"wp-caption-text\"><em>The Social media ROI<\/em><br \/>Fuente: Nicholson (s. f.). <a href=\"http:\/\/www.socmedsean.com\/\" target=\"_blank\" rel=\"noopener\">www.socmedsean.com<\/a>. Bajo licencia: CC BY-ND 3.0.<\/figcaption><\/figure>\n<p>Hay m\u00e9tricas que s\u00ed sirven, que s\u00ed nos pueden ayudar a demostrar el retorno de la inversi\u00f3n en medios sociales y, sin duda, est\u00e1n relacionadas con la conversi\u00f3n \u2013cuando vinculamos el ROI con la venta\u2013, pero, como ya hemos dicho, el reto viene cuando queremos demostrar la efectividad de una estrategia en medios sociales para aumentar el <em>brand awareness<\/em>, por ejemplo. Aqu\u00ed encontraremos otras m\u00e9tricas que est\u00e1n vinculadas con el alcance, el <em>engagement<\/em> y la fidelizaci\u00f3n de clientes, pero, obviamente, aquellas que hablan de beneficios son las que van a querer escuchar primero qui\u00e9nes controlan los presupuestos. Esto es normal. Aunque sepamos que una estrategia en medios sociales no solo ha de estar orientada a vender y puede ayudar en el conocimiento de marca y en la consideraci\u00f3n, los equipos directivos quieren cifras en euros. Creo que ya ha quedado lo suficientemente claro.<\/p>\n<p>Existen cuatro grandes bloques de m\u00e9tricas para medir el Social Media ROI:<\/p>\n<ul>\n<li>m\u00e9tricas de alcance<\/li>\n<li>m\u00e9tricas de <em>engagement<\/em><\/li>\n<li>m\u00e9tricas de conversi\u00f3n<\/li>\n<li>m\u00e9tricas de fidelizaci\u00f3n de clientes<\/li>\n<\/ul>\n<p>B\u00e1sicamente, lo que tratamos de averiguar con la evaluaci\u00f3n de la <em>social media strategy<\/em> es si la gente escucha o ve nuestra marca, la frecuencia con la que la se compromete y relaciona con una empresa, el ritmo al que ese compromiso (<em>engagement<\/em>) se transforma en conversiones y el impacto general en la base de clientes.<\/p>\n<p><strong>M\u00e9tricas de alcance<\/strong><\/p>\n<p>Est\u00e1 claro que para lograr conversiones, primero hay que tener una audiencia, y eso se traduce en asegurarnos de que estamos conectando con los clientes adecuados. <strong>El alcance<\/strong>, o <em>reach<\/em>, es un t\u00e9rmino paraguas en el mundo de las m\u00e9tricas que nos informa de lo lejos que ha viajado un mensaje, cu\u00e1nta gente puede haberlo visto y qui\u00e9nes son esas personas. Se puede medir el alcance de los medios sociales por medio de algunos de los siguientes KPI:<\/p>\n<ul>\n<li style=\"\u201cpadding-bottom: 1em;\">N\u00famero de seguidores, m\u00e9trica de vanidad pura y dura.<\/li>\n<li style=\"\u201cpadding-bottom: 1em;\">Impresiones o cu\u00e1ntas veces los mensajes de una marca han aparecido en una l\u00ednea de tiempo o en una fuente de noticias.<\/li>\n<li style=\"\u201cpadding-bottom: 1em;\">Tr\u00e1fico a la web desde los medios sociales o, lo que es m\u00e1s importante, el primer paso para convertir a los seguidores en clientes, ya que suponemos que est\u00e1n lo suficientemente interesados como para saber m\u00e1s sobre una empresa o marca.<\/li>\n<li><em>Share of voice<\/em>, o cu\u00e1nto se habla de una marca en comparaci\u00f3n con sus competidores.<\/li>\n<\/ul>\n<p><strong>M\u00e9tricas de <em>engagement<\/em><\/strong><\/p>\n<p>Los KPI de los medios sociales para el alcance son una forma fant\u00e1stica de medir el potencial de sus campa\u00f1as. Sin embargo, estas m\u00e9tricas no significan mucho por s\u00ed mismas. No es bueno tener un gran n\u00famero de seguidores si la gente conectada a tu empresa nunca compra nada \u2013es decir, la vi\u00f1eta de Nicholson de la p\u00e1gina 9.<\/p>\n<p>Lo que s\u00ed nos puede dar una idea de lo sociales que somos son los <em>likes<\/em>, compartidos y comentarios, eso s\u00ed, sin valor monetario.<\/p>\n<p>Sin embargo, los clics son una de las formas m\u00e1s simples de medir el <em>engagement<\/em>. Cualquier persona dispuesta a hacer clic en un enlace a una web o blog es m\u00e1s probable que convierta. Esto significa que se est\u00e1n empezando a cultivar clientes potenciales cualificados, en lugar de tr\u00e1fico b\u00e1sico. Los clics en los enlaces representan aproximadamente el 92 % de la interacci\u00f3n del usuario en Twitter.<\/p>\n<figure id=\"attachment_269\" aria-describedby=\"caption-attachment-269\" style=\"width: 620px\" class=\"wp-caption aligncenter\"><img loading=\"lazy\" class=\"size-full wp-image-269\" src=\"\/wp-content\/uploads\/sites\/4\/2020\/12\/PID_00279735_12.jpg\" alt=\"\" width=\"620\" height=\"509\" srcset=\"\/wp-content\/uploads\/sites\/4\/2020\/12\/PID_00279735_12.jpg 620w, \/wp-content\/uploads\/sites\/4\/2020\/12\/PID_00279735_12-300x246.jpg 300w\" sizes=\"(max-width: 620px) 100vw, 620px\" \/><figcaption id=\"caption-attachment-269\" class=\"wp-caption-text\">Captura de Sproutsocial con cuenta demo<\/figcaption><\/figure>\n<p>Otras m\u00e9tricas que hay que tener en cuenta para el <em>engagement<\/em> son las siguientes:<\/p>\n<ul>\n<li><em>likes<\/em><\/li>\n<li>compartidos<\/li>\n<li>comentarios<\/li>\n<li>menciones<\/li>\n<\/ul>\n<p>Aproximadamente el <a href=\"https:\/\/www.brandwatch.com\/blog\/amazing-social-media-statistics-and-facts\/\" target=\"_blank\" rel=\"noopener\">96 %<\/a>\u00a0de las personas que hablan de empresas en el \u00e1mbito social ni siquiera siguen el perfil de esa marca. Aunque una marca no tenga una conexi\u00f3n directa con esos individuos, las cosas que dicen sobre una marca son importantes. Por eso vale la pena mirar las menciones cuando se miden los KPI de los medios sociales. Por lo menos, las menciones muestran que se tiene una buena conciencia de <em>top of mind<\/em>.<\/p>\n<div class=\"featured featured-blue\"><p>Un recurso para tener siempre a mano es este recopilatorio de Brandwatch, que recoge 126 incre\u00edbles estad\u00edsticas y hechos de los medios sociales. Es una buena \u00abchuleta\u00bb: <a href=\"https:\/\/www.brandwatch.com\/blog\/amazing-social-media-statistics-and-facts\/\">https:\/\/www.brandwatch.com\/blog\/amazing-social-media-statistics-and-facts\/<\/a>.<\/p>\n<div style=\"clear:both\"><\/div><\/div>\n<p><strong>M\u00e9tricas de conversi\u00f3n<\/strong><\/p>\n<p>Como ya he avanzado, la m\u00e9trica de conversi\u00f3n es la forma definitiva de medir el \u00e9xito de una campa\u00f1a de medios sociales. Una vez que los cuentas, empiezan a generar atenci\u00f3n, se ha de mirar m\u00e1s all\u00e1 de los gustos y las acciones y pensar en c\u00f3mo todos esos esfuerzos est\u00e1n afectando a los resultados en euros.<\/p>\n<p>\u00bfCu\u00e1ntos de los fans de tus redes sociales quieren comprarte algo? Es una buena pregunta, porque si una marca o empresa tiene un gran n\u00famero de seguidores en Instagram, pero ninguno de ellos hace clic en el sitio web de la marca y compra su producto, entonces \u00bfqu\u00e9 significa todo esto?<\/p>\n<p>As\u00ed que vamos a por esas m\u00e9tricas que cuentan:<\/p>\n<ul>\n<li style=\"\u201cpadding-bottom: 1em;\">Ingresos por ventas<br \/>\nSi el objetivo primario de marketing que hemos elegido para trabajar nuestra estrategia en medios sociales ha sido \u00abaumentar los ingresos por ventas\u00bb, va a ser importante saber c\u00f3mo los esfuerzos en los medios sociales est\u00e1n teniendo un impacto en los resultados. Determinar cu\u00e1ntas conversiones llegan a una web directamente de los medios sociales e intentar tener una idea general del valor de cada cliente son m\u00e9tricas b\u00e1sicas.<\/li>\n<li style=\"\u201cpadding-bottom: 1em;\">Tasa de conversi\u00f3n de <em>leads<\/em>, es decir, cu\u00e1ntos de los <em>leads<\/em> vienen por medios sociales. Nos ayudamos de Google Analytics para poder medir esta tasa.<\/li>\n<li style=\"\u201cpadding-bottom: 1em;\">Conversiones sin ingresos, que tambi\u00e9n las hay. Por ejemplo, es algo tan simple como que los clientes se inscriban en un bolet\u00edn de noticias para tener una lista de marketing por correo electr\u00f3nico m\u00e1s grande. Tambi\u00e9n son conversiones las descargas de un libro electr\u00f3nico o completar un formulario, siempre y cuando esos usuarios que realizan esas acciones provengan de canales sociales.<\/li>\n<\/ul>\n<p><strong>M\u00e9tricas de fidelizaci\u00f3n de clientes<\/strong><\/p>\n<p>Como ya hemos dicho, uno de los objetivos primarios de marketing que se puede trabajar desde los medios sociales es la fidelizaci\u00f3n de clientes, que vuelvan a comprarnos.<\/p>\n<ul>\n<li style=\"\u201cpadding-bottom: 1em;\">Coste por <em>lead<\/em>.<br \/>\nLa forma m\u00e1s f\u00e1cil de determinar el coste por cliente potencial es simplemente mirar la cantidad de dinero que gastamos en campa\u00f1as sociales. Lo bueno de los medios sociales es que, a diferencia de PPC y AdWords, se centran en la construcci\u00f3n de relaciones con su p\u00fablico y en generar autoridad para la marca. Eso significa que, con el tiempo, su coste por <em>lead<\/em> debe disminuir.<\/li>\n<\/ul>\n<ul>\n<li style=\"\u201cpadding-bottom: 1em;\">Problemas o incidencias resueltas desde medios sociales.<\/li>\n<li style=\"\u201cpadding-bottom: 1em;\"><em>Customer lifetime value<\/em>, o LTV, de esta m\u00e9trica hablaremos extensamente m\u00e1s adelante, pero es importante saber que las campa\u00f1as de medios sociales pueden mejorar el valor de por vida de los clientes, ya que nos asegura que se conecta constantemente con las personas adecuadas.<br \/>\nMedir el CLV tan a menudo como se pueda sirve para determinar c\u00f3mo de poderosas son realmente las estrategias sociales. Lo bueno de rastrear este indicador clave de rendimiento es que probablemente tambi\u00e9n se alinee con algunos de los indicadores clave de rendimiento del negocio en general.<\/li>\n<\/ul>\n<div class=\"featured featured-blue\"><\/p>\n<p><strong>Referencias<\/strong><\/p>\n<p><strong>Jackson, D.<\/strong> (2015, 6 de julio). \u00abUltimate guide to measuring Social Media ROI\u00bb. <em>Sprout Social<\/em>. [URL] &lt;<a href=\"http:\/\/sproutsocial.com\/insights\/social-media-roi-guide\/\" target=\"_blank\" rel=\"noopener\">http:\/\/sproutsocial.com\/insights\/social-media-roi-guide\/<\/a><\/p>\n<p><strong>Kelly, N.<\/strong> (2013). <em>How to Measure Social Media: A step-by-step Guide to Developing and Assessing Social Media ROI<\/em>. Indian\u00e1polis: Que Publishing<\/p>\n<p><strong>Lee, K.<\/strong> (2016, 26 de marzo). \u00abThe delightfully short guide to Social Media ROI\u00bb. <em>Buffer Social<\/em> [URL] &lt;<a href=\"https:\/\/blog.bufferapp.com\/guide-calculate-social-media-roi\" target=\"_blank\" rel=\"noopener\">https:\/\/blog.bufferapp.com\/guide-calculate-social-media-roi<\/a>&gt;.<\/p>\n<p><strong>Nicholson, S. R.<\/strong> (s. .) \u00ab50+ Social Media Comics and cartoons for use in your presentations\u00bb. <em>SocMedSean<\/em> [URL] http:\/\/www.socmedsean.com\/50-social-media-comics-and-cartoons-for- use-your-presentations\/<\/p>\n<p><strong>Nicholson, S. R.<\/strong> (s. f.) \u00abThe Social Media ROI\u00bb. <em>SocMedSean<\/em> [URL] &lt;<a href=\"http:\/\/www.socmedsean.com\/wp-content\/uploads\/2011\/04\/social_media_roi_cartoon.gif\">http:\/\/www.socmedsean.com\/wp-content\/uploads\/2011\/04\/social_media_roi_cartoon.gif<\/a>&gt;.<\/p>\n<p><strong>Plaza, M.<\/strong> (2015, 29 de junio). \u00abROI vs IOR: definiciones y diferencias\u00bb. <em>Aprendiz de marketing digital y ecommerce<\/em> [URL] http:\/\/ecommerceymarketing.es\/2015\/06\/roi-ior-definicion-diferencias-que-es\/.<\/p>\n<p>\n<div style=\"clear:both\"><\/div><\/div>\n<p>&nbsp;<\/p>\n","protected":false},"excerpt":{"rendered":"<p>Nichole Kelly, autora de How to Measure Social Media, plantea en su libro que es necesaria una redefinici\u00f3n del Social Media ROI. Kelly apunta que, m\u00e1s all\u00e1 de la aburrida fotograf\u00eda que otorga el ROI financiero de toda la vida, los responsables de marketing han tenido que afilar su creatividad para incluir otras m\u00e9tricas obteniendo [&hellip;]<\/p>\n","protected":false},"author":1,"featured_media":0,"parent":0,"menu_order":0,"comment_status":"closed","ping_status":"closed","template":"","meta":[],"acf":[],"_links":{"self":[{"href":"http:\/\/social-media-strategy.aula.uoc.edu\/eval\/es\/wp-json\/wp\/v2\/pages\/48"}],"collection":[{"href":"http:\/\/social-media-strategy.aula.uoc.edu\/eval\/es\/wp-json\/wp\/v2\/pages"}],"about":[{"href":"http:\/\/social-media-strategy.aula.uoc.edu\/eval\/es\/wp-json\/wp\/v2\/types\/page"}],"author":[{"embeddable":true,"href":"http:\/\/social-media-strategy.aula.uoc.edu\/eval\/es\/wp-json\/wp\/v2\/users\/1"}],"replies":[{"embeddable":true,"href":"http:\/\/social-media-strategy.aula.uoc.edu\/eval\/es\/wp-json\/wp\/v2\/comments?post=48"}],"version-history":[{"count":9,"href":"http:\/\/social-media-strategy.aula.uoc.edu\/eval\/es\/wp-json\/wp\/v2\/pages\/48\/revisions"}],"predecessor-version":[{"id":364,"href":"http:\/\/social-media-strategy.aula.uoc.edu\/eval\/es\/wp-json\/wp\/v2\/pages\/48\/revisions\/364"}],"wp:attachment":[{"href":"http:\/\/social-media-strategy.aula.uoc.edu\/eval\/es\/wp-json\/wp\/v2\/media?parent=48"}],"curies":[{"name":"wp","href":"https:\/\/api.w.org\/{rel}","templated":true}]}}