{"id":85,"date":"2017-11-24T09:29:02","date_gmt":"2017-11-24T09:29:02","guid":{"rendered":"http:\/\/social-media-strategy.aula.uoc.edu\/equip\/1-1-introduccion\/"},"modified":"2022-11-18T18:50:46","modified_gmt":"2022-11-18T18:50:46","slug":"1-1-introduccio","status":"publish","type":"page","link":"http:\/\/social-media-strategy.aula.uoc.edu\/equip\/1-1-introduccio\/","title":{"rendered":"1.1. Introducci\u00f3"},"content":{"rendered":"<p>Com hem esmentat, la figura de la <em>social media manager<\/em>\u00a0es troba en la c\u00faspide de la pir\u00e0mide organitzacional del sector. La ra\u00f3 \u00e9s molt senzilla: el seu perfil evoca una persona amb unes qualitats professionals espec\u00edfiques que li permeten establir l&#8217;estrat\u00e8gia social de l&#8217;empresa.<\/p>\n<div class=\"featured featured-blue\"><p>Per aix\u00f2 sempre es diu que el perfil del <em>social media manager<\/em> estableix les l\u00ednies d\u2019actuaci\u00f3 per complir els objectius de la companyia, mentre que el<strong> <em>community manager<\/em><\/strong> les executa.<\/p>\n<div style=\"clear:both\"><\/div><\/div>\n<p>At\u00e8s que la seva missi\u00f3 \u00e9s m\u00e9s estrat\u00e8gica, com hem comentat, \u00e9s l\u00f2gic que es basin en els rols que li atorguen criteris objectius per a refor\u00e7ar les decisions que enforteixin la marca. Per aix\u00f2 el m\u00e9s l\u00f2gic \u00e9s que la seva figura es basi en la part estrat\u00e8gica d&#8217;una <em>social media strategist<\/em>, i en la d&#8217;una <em>social media analyst<\/em>. Hi ha tamb\u00e9 un corrent que considera que una\u00a0<em> social media manager<\/em>\u00a0nom\u00e9s hauria d&#8217;existir quan a aquesta figura li reporten diverses\u00a0<em>communities<\/em>, per\u00f2 la realitat \u00e9s que tots dos perfils es complementen i poden existir \u2013o han de fer-ho\u2013 perfectament sincronitzats, encara que nom\u00e9s es donin en proporci\u00f3 d&#8217;una <em>social media manager<\/em>\u00a0per <em>community manager<\/em>.<\/p>\n","protected":false},"excerpt":{"rendered":"<p>Com hem esmentat, la figura de la social media manager\u00a0es troba en la c\u00faspide de la pir\u00e0mide organitzacional del sector. La ra\u00f3 \u00e9s molt senzilla: el seu perfil evoca una persona amb unes qualitats professionals espec\u00edfiques que li permeten establir l&#8217;estrat\u00e8gia social de l&#8217;empresa. At\u00e8s que la seva missi\u00f3 \u00e9s m\u00e9s estrat\u00e8gica, com hem comentat, [&hellip;]<\/p>\n","protected":false},"author":1,"featured_media":0,"parent":0,"menu_order":0,"comment_status":"closed","ping_status":"closed","template":"","meta":[],"acf":[],"_links":{"self":[{"href":"http:\/\/social-media-strategy.aula.uoc.edu\/equip\/wp-json\/wp\/v2\/pages\/85"}],"collection":[{"href":"http:\/\/social-media-strategy.aula.uoc.edu\/equip\/wp-json\/wp\/v2\/pages"}],"about":[{"href":"http:\/\/social-media-strategy.aula.uoc.edu\/equip\/wp-json\/wp\/v2\/types\/page"}],"author":[{"embeddable":true,"href":"http:\/\/social-media-strategy.aula.uoc.edu\/equip\/wp-json\/wp\/v2\/users\/1"}],"replies":[{"embeddable":true,"href":"http:\/\/social-media-strategy.aula.uoc.edu\/equip\/wp-json\/wp\/v2\/comments?post=85"}],"version-history":[{"count":8,"href":"http:\/\/social-media-strategy.aula.uoc.edu\/equip\/wp-json\/wp\/v2\/pages\/85\/revisions"}],"predecessor-version":[{"id":277,"href":"http:\/\/social-media-strategy.aula.uoc.edu\/equip\/wp-json\/wp\/v2\/pages\/85\/revisions\/277"}],"wp:attachment":[{"href":"http:\/\/social-media-strategy.aula.uoc.edu\/equip\/wp-json\/wp\/v2\/media?parent=85"}],"curies":[{"name":"wp","href":"https:\/\/api.w.org\/{rel}","templated":true}]}}