{"id":100,"date":"2017-11-24T09:48:18","date_gmt":"2017-11-24T09:48:18","guid":{"rendered":"http:\/\/social-media-strategy.aula.uoc.edu\/equip\/3-1-introduccion\/"},"modified":"2022-11-18T19:17:20","modified_gmt":"2022-11-18T19:17:20","slug":"3-1-introduccio","status":"publish","type":"page","link":"http:\/\/social-media-strategy.aula.uoc.edu\/equip\/3-1-introduccio\/","title":{"rendered":"3.1. Introducci\u00f3"},"content":{"rendered":"<p>Les necessitats professionals del sector del<em> social<\/em>\u00a0<em>media <\/em>segueixen en augment i, a mesura que les empreses comprenen la necessitat de comptar amb equips cada vegada m\u00e9s especialitzats i formats, sorgeixen nous perfils amb habilitats que al principi eren pr\u00f2pies de la <em>community manager<\/em> o de la\u00a0<em> social media manager\u00a0<\/em>per\u00f2 que requereixen ja una dedicaci\u00f3 pr\u00f2pia que els complementa.<\/p>\n<p>Entre aquestes figures, repassarem breument les m\u00e9s comunes i que enforteixen professionalment el resultat d&#8217;un equip de <em>social media<\/em>.<\/p>\n<ol>\n<li><em>Social media analyst<\/em><\/li>\n<li><em>Content curator<\/em><\/li>\n<li><em>Record manager<\/em><\/li>\n<li><em>Social SEO<\/em><\/li>\n<li><em>Social media advertiser<\/em><\/li>\n<li><em>Social media agent o editor<\/em><\/li>\n<\/ol>\n","protected":false},"excerpt":{"rendered":"<p>Les necessitats professionals del sector del social\u00a0media segueixen en augment i, a mesura que les empreses comprenen la necessitat de comptar amb equips cada vegada m\u00e9s especialitzats i formats, sorgeixen nous perfils amb habilitats que al principi eren pr\u00f2pies de la community manager o de la\u00a0 social media manager\u00a0per\u00f2 que requereixen ja una dedicaci\u00f3 pr\u00f2pia [&hellip;]<\/p>\n","protected":false},"author":1,"featured_media":0,"parent":0,"menu_order":0,"comment_status":"closed","ping_status":"closed","template":"","meta":[],"acf":[],"_links":{"self":[{"href":"http:\/\/social-media-strategy.aula.uoc.edu\/equip\/wp-json\/wp\/v2\/pages\/100"}],"collection":[{"href":"http:\/\/social-media-strategy.aula.uoc.edu\/equip\/wp-json\/wp\/v2\/pages"}],"about":[{"href":"http:\/\/social-media-strategy.aula.uoc.edu\/equip\/wp-json\/wp\/v2\/types\/page"}],"author":[{"embeddable":true,"href":"http:\/\/social-media-strategy.aula.uoc.edu\/equip\/wp-json\/wp\/v2\/users\/1"}],"replies":[{"embeddable":true,"href":"http:\/\/social-media-strategy.aula.uoc.edu\/equip\/wp-json\/wp\/v2\/comments?post=100"}],"version-history":[{"count":5,"href":"http:\/\/social-media-strategy.aula.uoc.edu\/equip\/wp-json\/wp\/v2\/pages\/100\/revisions"}],"predecessor-version":[{"id":283,"href":"http:\/\/social-media-strategy.aula.uoc.edu\/equip\/wp-json\/wp\/v2\/pages\/100\/revisions\/283"}],"wp:attachment":[{"href":"http:\/\/social-media-strategy.aula.uoc.edu\/equip\/wp-json\/wp\/v2\/media?parent=100"}],"curies":[{"name":"wp","href":"https:\/\/api.w.org\/{rel}","templated":true}]}}