{"id":63,"date":"2017-11-24T09:53:45","date_gmt":"2017-11-24T09:53:45","guid":{"rendered":"http:\/\/social-media-strategy.aula.uoc.edu\/equip\/?page_id=63"},"modified":"2022-11-18T19:20:08","modified_gmt":"2022-11-18T19:20:08","slug":"3-5-social-media-analyst","status":"publish","type":"page","link":"http:\/\/social-media-strategy.aula.uoc.edu\/equip\/es\/3-5-social-media-analyst\/","title":{"rendered":"3.2.1 <em>Social media analyst<\/em>"},"content":{"rendered":"<p>Como su propio nombre indica \u2013y, de nuevo, seg\u00fan el tama\u00f1o de la empresa\u2013, la <em>social media analyst<\/em> es la persona que se encarga de registrar todos los datos y variables se\u00f1aladas como indicadores de las acciones sociales.<\/p>\n<div class=\"featured featured-blue\"><p>Por su formaci\u00f3n y su capacidad de interpretar los datos, la figura de una <strong><em>analyst<\/em> <\/strong>permite constatar que la estrategia marcada por la compa\u00f1\u00eda y la <em>social media manager <\/em>es correcta.<\/p>\n<div style=\"clear:both\"><\/div><\/div>\n<p>Adem\u00e1s, como est\u00e1 pendiente de esos mismos datos, es capaz de llamar la atenci\u00f3n sobre determinadas se\u00f1ales en un planteamiento de mejora continua, lo que permite a todo el equipo social cuantificar los resultados de sus acciones e, incluso, compararlos con los resultados de sus competidores.<\/p>\n<p>Gracias a la figura de la <em>social media analyst<\/em> y al uso avanzado de sus herramientas de control, la marca puede saber \u2013en cualquier momento\u2013 la realidad respecto a su imagen, a sus acciones sociales, a sus productos, a sus clientes, a sus competidores e incluso al sector. Una informaci\u00f3n indispensable para monitorizar, evaluar y corregir las campa\u00f1as y la misma estrategia social.<\/p>\n","protected":false},"excerpt":{"rendered":"<p>Como su propio nombre indica \u2013y, de nuevo, seg\u00fan el tama\u00f1o de la empresa\u2013, la social media analyst es la persona que se encarga de registrar todos los datos y variables se\u00f1aladas como indicadores de las acciones sociales. Adem\u00e1s, como est\u00e1 pendiente de esos mismos datos, es capaz de llamar la atenci\u00f3n sobre determinadas se\u00f1ales [&hellip;]<\/p>\n","protected":false},"author":1,"featured_media":0,"parent":0,"menu_order":0,"comment_status":"closed","ping_status":"closed","template":"","meta":[],"acf":[],"_links":{"self":[{"href":"http:\/\/social-media-strategy.aula.uoc.edu\/equip\/es\/wp-json\/wp\/v2\/pages\/63"}],"collection":[{"href":"http:\/\/social-media-strategy.aula.uoc.edu\/equip\/es\/wp-json\/wp\/v2\/pages"}],"about":[{"href":"http:\/\/social-media-strategy.aula.uoc.edu\/equip\/es\/wp-json\/wp\/v2\/types\/page"}],"author":[{"embeddable":true,"href":"http:\/\/social-media-strategy.aula.uoc.edu\/equip\/es\/wp-json\/wp\/v2\/users\/1"}],"replies":[{"embeddable":true,"href":"http:\/\/social-media-strategy.aula.uoc.edu\/equip\/es\/wp-json\/wp\/v2\/comments?post=63"}],"version-history":[{"count":7,"href":"http:\/\/social-media-strategy.aula.uoc.edu\/equip\/es\/wp-json\/wp\/v2\/pages\/63\/revisions"}],"predecessor-version":[{"id":285,"href":"http:\/\/social-media-strategy.aula.uoc.edu\/equip\/es\/wp-json\/wp\/v2\/pages\/63\/revisions\/285"}],"wp:attachment":[{"href":"http:\/\/social-media-strategy.aula.uoc.edu\/equip\/es\/wp-json\/wp\/v2\/media?parent=63"}],"curies":[{"name":"wp","href":"https:\/\/api.w.org\/{rel}","templated":true}]}}