{"id":60,"date":"2017-11-24T09:52:30","date_gmt":"2017-11-24T09:52:30","guid":{"rendered":"http:\/\/social-media-strategy.aula.uoc.edu\/equip\/?page_id=60"},"modified":"2022-11-18T19:25:35","modified_gmt":"2022-11-18T19:25:35","slug":"3-4-record-manager","status":"publish","type":"page","link":"http:\/\/social-media-strategy.aula.uoc.edu\/equip\/es\/3-4-record-manager\/","title":{"rendered":"3.2.3 <em>Record manager<\/em>"},"content":{"rendered":"<p>Si dec\u00edamos que la <em>content curator\u00a0<\/em>deb\u00eda tener ese olfato para saber encontrar fuentes y hechos que compartir:<\/p>\n<div class=\"featured featured-blue\"><\/p>\n<p>La <strong><em>record manager<\/em><\/strong> es la profesional m\u00e1s espec\u00edficamente ligada a la labor documental en los medios sociales. Archiva y accede a la informaci\u00f3n y controla la huella digital, tanto de la marca como de los competidores.<\/p>\n<p>\n<div style=\"clear:both\"><\/div><\/div>\n<p>No solo controla las fuentes, sino que sabe c\u00f3mo archivar la informaci\u00f3n, c\u00f3mo acceder a ella \u2013tanto ahora como en un futuro\u2013, y no solo de las noticias o las entradas publicadas sobre las tem\u00e1ticas de inter\u00e9s, sino de la presencia que la marca misma ha ido generando, directa e indirectamente, con su presencia y huella digital. Enriquece tambi\u00e9n el hecho de aportar qu\u00e9 realiza la competencia o el sector para ofrecer un marco de trabajo que permita al equipo contar con referencias de actuaci\u00f3n.<\/p>\n<p>La importancia de su puesto es directamente proporcional a su labor de registro y archivo, porque almacena y gestiona toda la informaci\u00f3n relevante y se la facilita a la <em>community manager<\/em> o a la<em>\u00a0content curator<\/em>\u00a0cuando la precisan.<\/p>\n","protected":false},"excerpt":{"rendered":"<p>Si dec\u00edamos que la content curator\u00a0deb\u00eda tener ese olfato para saber encontrar fuentes y hechos que compartir: No solo controla las fuentes, sino que sabe c\u00f3mo archivar la informaci\u00f3n, c\u00f3mo acceder a ella \u2013tanto ahora como en un futuro\u2013, y no solo de las noticias o las entradas publicadas sobre las tem\u00e1ticas de inter\u00e9s, sino [&hellip;]<\/p>\n","protected":false},"author":1,"featured_media":0,"parent":0,"menu_order":0,"comment_status":"closed","ping_status":"closed","template":"","meta":[],"acf":[],"_links":{"self":[{"href":"http:\/\/social-media-strategy.aula.uoc.edu\/equip\/es\/wp-json\/wp\/v2\/pages\/60"}],"collection":[{"href":"http:\/\/social-media-strategy.aula.uoc.edu\/equip\/es\/wp-json\/wp\/v2\/pages"}],"about":[{"href":"http:\/\/social-media-strategy.aula.uoc.edu\/equip\/es\/wp-json\/wp\/v2\/types\/page"}],"author":[{"embeddable":true,"href":"http:\/\/social-media-strategy.aula.uoc.edu\/equip\/es\/wp-json\/wp\/v2\/users\/1"}],"replies":[{"embeddable":true,"href":"http:\/\/social-media-strategy.aula.uoc.edu\/equip\/es\/wp-json\/wp\/v2\/comments?post=60"}],"version-history":[{"count":8,"href":"http:\/\/social-media-strategy.aula.uoc.edu\/equip\/es\/wp-json\/wp\/v2\/pages\/60\/revisions"}],"predecessor-version":[{"id":289,"href":"http:\/\/social-media-strategy.aula.uoc.edu\/equip\/es\/wp-json\/wp\/v2\/pages\/60\/revisions\/289"}],"wp:attachment":[{"href":"http:\/\/social-media-strategy.aula.uoc.edu\/equip\/es\/wp-json\/wp\/v2\/media?parent=60"}],"curies":[{"name":"wp","href":"https:\/\/api.w.org\/{rel}","templated":true}]}}