{"id":57,"date":"2017-11-24T09:51:10","date_gmt":"2017-11-24T09:51:10","guid":{"rendered":"http:\/\/social-media-strategy.aula.uoc.edu\/equip\/?page_id=57"},"modified":"2022-11-18T19:23:40","modified_gmt":"2022-11-18T19:23:40","slug":"3-3-content-curator","status":"publish","type":"page","link":"http:\/\/social-media-strategy.aula.uoc.edu\/equip\/es\/3-3-content-curator\/","title":{"rendered":"3.2.2. <em>Content curator<\/em>"},"content":{"rendered":"<p>El contenido es el rey. Esta es una m\u00e1xima del marketing digital muy afianzada por dos conceptos: por un lado, la madurez que la propia usuaria de los medios sociales ha ido adquiriendo en los \u00faltimos a\u00f1os y que, cada vez m\u00e1s, demanda contenido interesante y, por otro, la fuerza que ha adquirido un contenido de calidad en los nuevos algoritmos de los buscadores.<\/p>\n<p>Ante esa necesidad de ofrecer el contenido m\u00e1s atractivo y apropiado, nace la figura del <em>content curator<\/em> con una finalidad \u00fanica:<\/p>\n<div class=\"featured featured-blue\"><p>El <em><strong>content curator <\/strong><\/em>debe ser capaz de localizar, seleccionar y mejorar el contenido para ser compartido con las comunidades digitales.<\/p>\n<div style=\"clear:both\"><\/div><\/div>\n<p>Por ello, suele ser una persona con un gran dominio documental de la red, con un alto conocimiento de los intereses del <em>target<\/em>, de las t\u00e9cnicas efectivas de c\u00f3mo aprovechar los lenguajes propios de cada muro social y el mejor nivel de redacci\u00f3n posible.<\/p>\n<p>Dado que, como vemos, realiza funciones que son propias del <em>community manager<\/em> (pero a las que se dedica en exclusiva), podemos decir que el perfil del <em>content curator <\/em>existe en la medida en que la empresa busca la m\u00e1xima calidad en su estrategia de contenido, por lo que quiere un refuerzo para la <em>community<\/em>. O bien, porque la compa\u00f1\u00eda o la agencia digital necesitan <strong>creadoras de contenido extra<\/strong> ante una campa\u00f1a de comunicaci\u00f3n espec\u00edfica que exija mucho desarrollo de contenido de apoyo.<\/p>\n<p>Al contrario, en una compa\u00f1\u00eda peque\u00f1a donde la <em>community<\/em> representa realiza con destreza todas las tareas a la vez, ser\u00e1 esta propia agente social quien bucear\u00e1 en las fuentes para escoger lo m\u00e1s interesante acorde a su <em>target<\/em> y deber\u00e1 capaz de llamar la atenci\u00f3n y retener a su <em>target<\/em>.<\/p>\n","protected":false},"excerpt":{"rendered":"<p>El contenido es el rey. Esta es una m\u00e1xima del marketing digital muy afianzada por dos conceptos: por un lado, la madurez que la propia usuaria de los medios sociales ha ido adquiriendo en los \u00faltimos a\u00f1os y que, cada vez m\u00e1s, demanda contenido interesante y, por otro, la fuerza que ha adquirido un contenido [&hellip;]<\/p>\n","protected":false},"author":1,"featured_media":0,"parent":0,"menu_order":0,"comment_status":"closed","ping_status":"closed","template":"","meta":[],"acf":[],"_links":{"self":[{"href":"http:\/\/social-media-strategy.aula.uoc.edu\/equip\/es\/wp-json\/wp\/v2\/pages\/57"}],"collection":[{"href":"http:\/\/social-media-strategy.aula.uoc.edu\/equip\/es\/wp-json\/wp\/v2\/pages"}],"about":[{"href":"http:\/\/social-media-strategy.aula.uoc.edu\/equip\/es\/wp-json\/wp\/v2\/types\/page"}],"author":[{"embeddable":true,"href":"http:\/\/social-media-strategy.aula.uoc.edu\/equip\/es\/wp-json\/wp\/v2\/users\/1"}],"replies":[{"embeddable":true,"href":"http:\/\/social-media-strategy.aula.uoc.edu\/equip\/es\/wp-json\/wp\/v2\/comments?post=57"}],"version-history":[{"count":7,"href":"http:\/\/social-media-strategy.aula.uoc.edu\/equip\/es\/wp-json\/wp\/v2\/pages\/57\/revisions"}],"predecessor-version":[{"id":287,"href":"http:\/\/social-media-strategy.aula.uoc.edu\/equip\/es\/wp-json\/wp\/v2\/pages\/57\/revisions\/287"}],"wp:attachment":[{"href":"http:\/\/social-media-strategy.aula.uoc.edu\/equip\/es\/wp-json\/wp\/v2\/media?parent=57"}],"curies":[{"name":"wp","href":"https:\/\/api.w.org\/{rel}","templated":true}]}}